{"id":2031,"date":"2020-09-08T16:09:39","date_gmt":"2020-09-08T13:09:39","guid":{"rendered":"https:\/\/www.hostragons.com\/?page_id=2031"},"modified":"2024-09-26T17:52:04","modified_gmt":"2024-09-26T14:52:04","slug":"politica-de-privacidad","status":"publish","type":"page","link":"https:\/\/www.hostragons.com\/es\/politica-de-privacidad\/","title":{"rendered":"Pol\u00edtica de Privacidad"},"content":{"rendered":"<div data-elementor-type=\"wp-page\" data-elementor-id=\"2031\" class=\"elementor elementor-2031\" data-elementor-post-type=\"page\">\n\t\t\t\t\t\t<section class=\"elementor-section elementor-top-section elementor-element elementor-element-91e4b54 elementor-section-boxed elementor-section-height-default elementor-section-height-default\" data-id=\"91e4b54\" data-element_type=\"section\" data-e-type=\"section\">\n\t\t\t\t\t\t<div class=\"elementor-container elementor-column-gap-default\">\n\t\t\t\t\t<div class=\"elementor-column elementor-col-100 elementor-top-column elementor-element elementor-element-0774a31\" data-id=\"0774a31\" data-element_type=\"column\" data-e-type=\"column\">\n\t\t\t<div class=\"elementor-widget-wrap elementor-element-populated\">\n\t\t\t\t\t\t<div class=\"elementor-element elementor-element-830efa2 elementor-widget elementor-widget-text-editor\" data-id=\"830efa2\" data-element_type=\"widget\" data-e-type=\"widget\" data-widget_type=\"text-editor.default\">\n\t\t\t\t<div class=\"elementor-widget-container\">\n\t\t\t\t\t\t\t\t\t<p><strong>Fecha de entrada en vigor\/actualizaci\u00f3n: 05.08.2024<\/strong><\/p><p><strong>1. Iniciar Sesi\u00f3n<\/strong><\/p><p>Hostragons Global Limited (\u201cHostragons\u201d) se toma en serio la privacidad y la protecci\u00f3n de los datos personales de nuestros usuarios. Esta Pol\u00edtica de Privacidad y Cumplimiento con el RGPD explica c\u00f3mo se recopilan, utilizan, protegen y gestionan los datos personales bajo el RGPD. Al utilizar nuestro sitio web y servicios, se considera que acepta esta pol\u00edtica.<\/p><p><strong>2. Responsable de Datos y Representante<\/strong><\/p><p>Hostragons es el responsable del tratamiento de datos encargado de proteger sus datos personales. Nuestro representante en la Uni\u00f3n Europea:<\/p><ul><li><strong>Responsable de Protecci\u00f3n de Datos:<\/strong> Ley de Privacidad de Quebec.<\/li><\/ul><p><strong>3. Principios Fundamentales del Procesamiento de Datos<\/strong><\/p><p>Como Hostragons, cumplimos con los siguientes principios fundamentales de acuerdo con los requisitos de GDPR:<\/p><ul><li class=\"translation-block\"><strong>Transparencia:<\/strong> Dejamos claro c\u00f3mo recopilamos y procesamos sus datos personales.<\/li><li class=\"translation-block\"><strong>Precisi\u00f3n:<\/strong> Mantenemos sus datos precisos y actualizados.<\/li><li class=\"translation-block\"><strong>Minimizaci\u00f3n:<\/strong> Solo recopilamos y procesamos los datos que son necesarios.<\/li><li class=\"translation-block\"><strong>Limitaci\u00f3n de Almacenamiento:<\/strong> Conservamos sus datos solo durante el tiempo que sea necesario.<\/li><\/ul><p><strong>4. Informaci\u00f3n Recopilada<\/strong><\/p><p>Hostragons recopila la siguiente informaci\u00f3n personal:<\/p><ul><li class=\"translation-block\"><strong>Informaci\u00f3n de Identidad:<\/strong> Nombre, apellido, direcci\u00f3n, n\u00famero de tel\u00e9fono, direcci\u00f3n de correo electr\u00f3nico.<\/li><li class=\"translation-block\"><strong>\u09aa\u09c7\u09ae\u09c7\u09a8\u09cd\u099f \u09a4\u09a5\u09cd\u09af:<\/strong> \u0995\u09cd\u09b0\u09c7\u09a1\u09bf\u099f \u0995\u09be\u09b0\u09cd\u09a1\u09c7\u09b0 \u09ac\u09bf\u09ac\u09b0\u09a3 \u098f\u09ac\u0982 \u09aa\u09c7\u09ae\u09c7\u09a8\u09cd\u099f\u09c7\u09b0 \u09ac\u09bf\u09ac\u09b0\u09a3\u0964<\/li><li class=\"translation-block\"><strong>Datos T\u00e9cnicos:<\/strong> Direcci\u00f3n IP, tipo de navegador, sistema operativo.<\/li><li class=\"translation-block\"><strong>Comportamientos del Usuario:<\/strong> Preferencias del usuario, actividades en el sitio.<\/li><\/ul><p><strong>5. Uso de Datos Personales<\/strong><\/p><p>La informaci\u00f3n personal recopilada se utiliza para los siguientes prop\u00f3sitos:<\/p><ul><li>Prestaci\u00f3n y gesti\u00f3n de servicios.<\/li><li>Servicios de soporte al cliente y comunicaci\u00f3n.<\/li><li>Procesos de facturaci\u00f3n y elaboraci\u00f3n de documentos legales.<\/li><li>Mejorar el rendimiento de nuestro sitio web y mejorar la experiencia del usuario.<\/li><li>Garantizar el cumplimiento de las obligaciones legales y defender los derechos.<\/li><li>Actividades de marketing y promoci\u00f3n.<\/li><\/ul><p><strong>6. Per\u00edodo de Conservaci\u00f3n de Datos Personales<\/strong><\/p><p>\u304a\u5ba2\u69d8\u306e\u500b\u4eba\u30c7\u30fc\u30bf\u306f\u3001\u51e6\u7406\u76ee\u7684\u306b\u5fc5\u8981\u306a\u671f\u9593\u306e\u307f\u4fdd\u6301\u3057\u307e\u3059\u3002\u30c7\u30fc\u30bf\u306e\u4fdd\u5b58\u671f\u9593\u3068\u305d\u306e\u671f\u9593\u304c\u3069\u306e\u3088\u3046\u306b\u6c7a\u5b9a\u3055\u308c\u308b\u304b\u306b\u3064\u3044\u3066\u8a73\u3057\u304f\u77e5\u308a\u305f\u3044\u5834\u5408\u306f\u3001\u304a\u554f\u3044\u5408\u308f\u305b\u304f\u3060\u3055\u3044\u3002<\/p><p><strong>7. Informaci\u00f3n de Pago y Seguridad<\/strong><\/p><ul><li>La informaci\u00f3n de su tarjeta de cr\u00e9dito y de pago est\u00e1 protegida con medidas de seguridad como el certificado SSL de 256 bits.<\/li><li>Su informaci\u00f3n de la tarjeta se transmite de forma cifrada y no se almacena en Hostragons.<\/li><li>Se utilizan herramientas de seguridad adicionales para tomar precauciones contra posibles malware.<\/li><\/ul><p><strong>8. Cookies y Tecnolog\u00edas de Seguimiento<\/strong><\/p><p class=\"translation-block\">Utilizamos cookies y tecnolog\u00edas de seguimiento en nuestro sitio web para mejorar la experiencia del usuario y comprender c\u00f3mo se utiliza nuestro sitio web. Para obtener m\u00e1s informaci\u00f3n sobre las cookies y c\u00f3mo gestionarlas, puede visitar nuestra p\u00e1gina de <a href=\"https:\/\/www.hostragons.com\/es\/politica-de-cookies\/\" target=\"_new\" rel=\"noreferrer\">Pol\u00edtica de Cookies<\/a>.<\/p><p><strong>9. Compartir Datos Personales<\/strong><\/p><ul><li>Sus datos personales se comparten \u00fanicamente con terceros necesarios para proporcionar nuestros servicios.<\/li><li>Podemos compartir sus datos de acuerdo con obligaciones legales o \u00f3rdenes judiciales.<\/li><li>El intercambio de datos con terceros solo se llevar\u00e1 a cabo con su consentimiento.<\/li><\/ul><p><strong>10. Derechos del Usuario<\/strong><\/p><p>Bajo el RGPD, los usuarios tienen los siguientes derechos:<\/p><ul><li>\u500b\u4eba\u30c7\u30fc\u30bf\u3078\u306e\u30a2\u30af\u30bb\u30b9\u3001\u4fee\u6b63\u3001\u307e\u305f\u306f\u524a\u9664\u3059\u308b\u6a29\u5229\u3002<\/li><li>El derecho a oponerse al procesamiento de datos y el derecho a la portabilidad de los datos.<\/li><li>El derecho a retirar el consentimiento en cualquier momento.<\/li><\/ul><p><strong>11. Evaluaci\u00f3n de Impacto en la Protecci\u00f3n de Datos (DPIA)<\/strong><\/p><p>\u9ad8\u30ea\u30b9\u30af\u306e\u30c7\u30fc\u30bf\u51e6\u7406\u6d3b\u52d5\u306b\u3064\u3044\u3066\u306f\u3001\u30c7\u30fc\u30bf\u4fdd\u8b77\u5f71\u97ff\u8a55\u4fa1\uff08DPIA\uff09\u3092\u5b9f\u65bd\u3057\u307e\u3059\u3002DPIA \u306e\u30d7\u30ed\u30bb\u30b9\u306b\u3064\u3044\u3066\u306e\u8a73\u7d30\u306f\u3001\u304a\u554f\u3044\u5408\u308f\u305b\u304f\u3060\u3055\u3044\u3002<\/p><p><strong>12. Transferencia Internacional de Datos<\/strong><\/p><p>Adoptamos las medidas de protecci\u00f3n necesarias al transferir sus datos personales fuera de la UE. Para obtener m\u00e1s informaci\u00f3n sobre transferencias internacionales de datos, puede contactarnos.<\/p><p><strong>13. Notificaci\u00f3n de Violaci\u00f3n de Datos<\/strong><\/p><p>En caso de una violaci\u00f3n de datos, notificamos r\u00e1pidamente a las autoridades competentes y a las personas afectadas. Puede contactarnos para obtener m\u00e1s informaci\u00f3n sobre nuestros procedimientos de violaci\u00f3n de datos.<\/p><p><strong>14. Modificaciones del Contrato<\/strong><\/p><p>Esta pol\u00edtica puede actualizarse de vez en cuando. Cualquier cambio se publicar\u00e1 en esta p\u00e1gina y se indicar\u00e1 con la fecha de entrada en vigor. Se recomienda a los usuarios que revisen esta p\u00e1gina regularmente para mantenerse informados sobre cualquier cambio.<\/p>\t\t\t\t\t\t\t\t<\/div>\n\t\t\t\t<\/div>\n\t\t\t\t\t<\/div>\n\t\t<\/div>\n\t\t\t\t\t<\/div>\n\t\t<\/section>\n\t\t\t\t<\/div>","protected":false},"excerpt":{"rendered":"<p>Y\u00fcr\u00fcrl\u00fck\/G\u00fcncelleme Tarihi: 05.08.2024 1. Giri\u015f Hostragons Global Limited (&#8220;Hostragons&#8221; olarak an\u0131lacakt\u0131r), kullan\u0131c\u0131lar\u0131m\u0131z\u0131n gizlili\u011fini ve ki\u015fisel verilerinin korunmas\u0131n\u0131 ciddiye al\u0131r. Bu Gizlilik ve GDPR Uyum Politikas\u0131, ki\u015fisel verilerin nas\u0131l topland\u0131\u011f\u0131n\u0131, kullan\u0131ld\u0131\u011f\u0131n\u0131, korundu\u011funu ve GDPR kapsam\u0131nda nas\u0131l y\u00f6netildi\u011fini a\u00e7\u0131klar. Web sitemizi ve hizmetlerimizi kullanarak, bu politikay\u0131 kabul etmi\u015f say\u0131l\u0131rs\u0131n\u0131z. 2. Veri Sorumlusu ve Temsilcisi Hostragons, ki\u015fisel verilerinizi [&hellip;]<\/p>\n","protected":false},"author":94,"featured_media":7854,"parent":0,"menu_order":0,"comment_status":"closed","ping_status":"closed","template":"","meta":{"googlesitekit_rrm_CAow5YvFDA:productID":"","footnotes":""},"class_list":["post-2031","page","type-page","status-publish","has-post-thumbnail","hentry"],"_links":{"self":[{"href":"https:\/\/www.hostragons.com\/es\/wp-json\/wp\/v2\/pages\/2031","targetHints":{"allow":["GET"]}}],"collection":[{"href":"https:\/\/www.hostragons.com\/es\/wp-json\/wp\/v2\/pages"}],"about":[{"href":"https:\/\/www.hostragons.com\/es\/wp-json\/wp\/v2\/types\/page"}],"author":[{"embeddable":true,"href":"https:\/\/www.hostragons.com\/es\/wp-json\/wp\/v2\/users\/94"}],"replies":[{"embeddable":true,"href":"https:\/\/www.hostragons.com\/es\/wp-json\/wp\/v2\/comments?post=2031"}],"version-history":[{"count":0,"href":"https:\/\/www.hostragons.com\/es\/wp-json\/wp\/v2\/pages\/2031\/revisions"}],"wp:featuredmedia":[{"embeddable":true,"href":"https:\/\/www.hostragons.com\/es\/wp-json\/wp\/v2\/media\/7854"}],"wp:attachment":[{"href":"https:\/\/www.hostragons.com\/es\/wp-json\/wp\/v2\/media?parent=2031"}],"curies":[{"name":"gracias","href":"https:\/\/api.w.org\/{rel}","templated":true}]}}