{"id":2358,"date":"2020-10-02T08:03:18","date_gmt":"2020-10-02T05:03:18","guid":{"rendered":"https:\/\/www.hostragons.com\/?page_id=2358"},"modified":"2025-03-25T09:07:38","modified_gmt":"2025-03-25T09:07:38","slug":"cookie-richtlinie","status":"publish","type":"page","link":"https:\/\/www.hostragons.com\/de\/cookie-richtlinie\/","title":{"rendered":"Cookie-Richtlinie"},"content":{"rendered":"<div data-elementor-type=\"wp-page\" data-elementor-id=\"2358\" class=\"elementor elementor-2358\" data-elementor-post-type=\"page\">\n\t\t\t\t\t\t<section class=\"elementor-section elementor-top-section elementor-element elementor-element-9da5eda elementor-section-boxed elementor-section-height-default elementor-section-height-default\" data-id=\"9da5eda\" data-element_type=\"section\" data-e-type=\"section\">\n\t\t\t\t\t\t<div class=\"elementor-container elementor-column-gap-default\">\n\t\t\t\t\t<div class=\"elementor-column elementor-col-100 elementor-top-column elementor-element elementor-element-a7228de\" data-id=\"a7228de\" data-element_type=\"column\" data-e-type=\"column\">\n\t\t\t<div class=\"elementor-widget-wrap elementor-element-populated\">\n\t\t\t\t\t\t<div class=\"elementor-element elementor-element-8bde4d6 elementor-widget elementor-widget-text-editor\" data-id=\"8bde4d6\" data-element_type=\"widget\" data-e-type=\"widget\" data-widget_type=\"text-editor.default\">\n\t\t\t\t<div class=\"elementor-widget-container\">\n\t\t\t\t\t\t\t\t\t<p><strong>Inkrafttretens-\/Aktualisierungsdatum:<\/strong> 05.08.2024<\/p><p><strong>1. Was ist ein Cookie?<\/strong><\/p><p>Cookies sind kleine Daten-Dateien, die von Websites an Ihren Browser gesendet und auf Ihrem Ger\u00e4t gespeichert werden. Diese Dateien erm\u00f6glichen es Ihrem Browser, die Website bei einem erneuten Besuch zu erkennen und Ihr Benutzererlebnis zu personalisieren, indem Ihre Pr\u00e4ferenzen aus fr\u00fcheren Besuchen gespeichert werden.<\/p><p><strong>Cookies werden verwendet, um die Benutzererfahrung zu verbessern, Ihre Pr\u00e4ferenzen zu speichern und die Leistung der Website zu \u00fcberwachen.<\/strong><\/p><p>Hostragons verwendet Cookies f\u00fcr die folgenden Zwecke:<\/p><ul><li class=\"translation-block\"><strong>Notwendige Cookies:<\/strong> Diese sind f\u00fcr die grundlegenden Funktionen der Website erforderlich.<\/li><li><strong>Leistungscookies:<\/strong> Es wird verwendet, um die Leistung der Website zu \u00fcberwachen und zu verbessern.<\/li><li class=\"translation-block\"><strong>Funktionale Cookies:<\/strong> Diese merken sich die Pr\u00e4ferenzen des Benutzers und bieten eine personalisierte Erfahrung.<\/li><li class=\"translation-block\"><strong>Werbe- und Marketing-Cookies:<\/strong> Werden verwendet, um Inhalte und Werbung bereitzustellen, die f\u00fcr Ihre Interessen relevant sind.<\/li><\/ul><p><strong>Cookies erm\u00f6glichen es Websites, kleine Datendateien auf Ihrem Ger\u00e4t zu speichern.<\/strong><\/p><p>Einige Cookies auf unserer Website werden von Drittanbietern verwaltet. Diese Cookies werden f\u00fcr Werbe- und Analysedienste verwendet und unterliegen den Datenschutzrichtlinien dieser Drittanbieter. F\u00fcr weitere Informationen \u00fcber die Verwendung von Drittanbieter-Cookies empfehlen wir, die Datenschutzrichtlinien dieser Dienstleister zu pr\u00fcfen.<\/p><p><strong>Sie k\u00f6nnen Ihre Cookies \u00fcber die Browsereinstellungen verwalten oder l\u00f6schen.<\/strong><\/p><p>Sie k\u00f6nnen Cookies \u00fcber die Einstellungen Ihres Browsers verwalten, akzeptieren oder ablehnen. Au\u00dferdem k\u00f6nnen Sie zuvor gespeicherte Cookies in Ihrem Browser l\u00f6schen. F\u00fcr weitere Informationen zur Verwaltung von Cookies lesen Sie bitte die spezifischen Anweisungen f\u00fcr Ihren Browser:<\/p><ul><li><a target=\"_new\" rel=\"noreferrer\">Google Chrome<\/a><\/li><li><a href=\"https:\/\/support.mozilla.org\/tr\/kb\/cerezleri-silme\" target=\"_new\" rel=\"noreferrer noopener\">Mozilla Firefox<\/a><\/li><li><a href=\"https:\/\/support.apple.com\/tr-tr\/guide\/safari\/sfri11471\/mac\" target=\"_new\" rel=\"noreferrer noopener\">Safari<\/a><\/li><li><a href=\"https:\/\/support.microsoft.com\/tr-tr\/help\/4027947\/microsoft-edge-delete-cookies\" target=\"_new\" rel=\"noreferrer noopener\">Microsoft Edge<\/a><\/li><\/ul><p><strong>\u00c4nderungen unserer Cookie-Richtlinie werden auf dieser Seite bekannt gegeben.<\/strong><\/p><p>Hostragons beh\u00e4lt sich das Recht vor, \u00c4nderungen an seiner Cookie-Richtlinie vorzunehmen. \u00c4nderungen an unserer Richtlinie werden auf dieser Seite aktualisiert und wirksam. Wir empfehlen den Benutzern, diese Seite regelm\u00e4\u00dfig zu \u00fcberpr\u00fcfen, um \u00fcber Aktualisierungen informiert zu bleiben.<\/p><p><strong>Kontakt<\/strong><\/p><p>F\u00fcr Fragen zu dieser Cookie-Richtlinie k\u00f6nnen Sie uns kontaktieren. <a rel=\"noreferrer\">hello@hostragons.com<\/a> Sie k\u00f6nnen uns unter kontaktieren.<\/p>\t\t\t\t\t\t\t\t<\/div>\n\t\t\t\t<\/div>\n\t\t\t\t\t<\/div>\n\t\t<\/div>\n\t\t\t\t\t<\/div>\n\t\t<\/section>\n\t\t\t\t<\/div>","protected":false},"excerpt":{"rendered":"<p>Y\u00fcr\u00fcrl\u00fck\/G\u00fcncelleme Tarihi: 05.08.2024 1. \u00c7erez (Cookie) Nedir? \u00c7erezler, web siteleri taraf\u0131ndan taray\u0131c\u0131n\u0131za g\u00f6nderilen ve cihaz\u0131n\u0131zda depolanan k\u00fc\u00e7\u00fck veri dosyalar\u0131d\u0131r. Bu dosyalar, siteyi tekrar ziyaret etti\u011finizde taray\u0131c\u0131n\u0131z\u0131n web sitesini tan\u0131mas\u0131n\u0131 sa\u011flar ve \u00f6nceki ziyaretlerinizdeki tercihlerinizi hat\u0131rlayarak kullan\u0131c\u0131 deneyiminizi ki\u015fiselle\u015ftirir. 2. \u00c7erezlerin Kullan\u0131m Ama\u00e7lar\u0131 Hostragons, a\u015fa\u011f\u0131daki ama\u00e7lar do\u011frultusunda \u00e7erezleri kullan\u0131r: Zorunlu \u00c7erezler: Sitenin temel i\u015flevlerini yerine getirebilmesi [&hellip;]<\/p>\n","protected":false},"author":94,"featured_media":7852,"parent":0,"menu_order":0,"comment_status":"closed","ping_status":"closed","template":"","meta":{"googlesitekit_rrm_CAow5YvFDA:productID":"","footnotes":""},"class_list":["post-2358","page","type-page","status-publish","has-post-thumbnail","hentry"],"_links":{"self":[{"href":"https:\/\/www.hostragons.com\/de\/wp-json\/wp\/v2\/pages\/2358","targetHints":{"allow":["GET"]}}],"collection":[{"href":"https:\/\/www.hostragons.com\/de\/wp-json\/wp\/v2\/pages"}],"about":[{"href":"https:\/\/www.hostragons.com\/de\/wp-json\/wp\/v2\/types\/page"}],"author":[{"embeddable":true,"href":"https:\/\/www.hostragons.com\/de\/wp-json\/wp\/v2\/users\/94"}],"replies":[{"embeddable":true,"href":"https:\/\/www.hostragons.com\/de\/wp-json\/wp\/v2\/comments?post=2358"}],"version-history":[{"count":0,"href":"https:\/\/www.hostragons.com\/de\/wp-json\/wp\/v2\/pages\/2358\/revisions"}],"wp:featuredmedia":[{"embeddable":true,"href":"https:\/\/www.hostragons.com\/de\/wp-json\/wp\/v2\/media\/7852"}],"wp:attachment":[{"href":"https:\/\/www.hostragons.com\/de\/wp-json\/wp\/v2\/media?parent=2358"}],"curies":[{"name":"wp","href":"https:\/\/api.w.org\/{rel}","templated":true}]}}