{"id":2031,"date":"2020-09-08T16:09:39","date_gmt":"2020-09-08T13:09:39","guid":{"rendered":"https:\/\/www.hostragons.com\/?page_id=2031"},"modified":"2024-09-26T17:52:04","modified_gmt":"2024-09-26T14:52:04","slug":"datenschutzrichtlinie","status":"publish","type":"page","link":"https:\/\/www.hostragons.com\/de\/datenschutzrichtlinie\/","title":{"rendered":"Datenschutzrichtlinie"},"content":{"rendered":"<div data-elementor-type=\"wp-page\" data-elementor-id=\"2031\" class=\"elementor elementor-2031\" data-elementor-post-type=\"page\">\n\t\t\t\t\t\t<section class=\"elementor-section elementor-top-section elementor-element elementor-element-91e4b54 elementor-section-boxed elementor-section-height-default elementor-section-height-default\" data-id=\"91e4b54\" data-element_type=\"section\" data-e-type=\"section\">\n\t\t\t\t\t\t<div class=\"elementor-container elementor-column-gap-default\">\n\t\t\t\t\t<div class=\"elementor-column elementor-col-100 elementor-top-column elementor-element elementor-element-0774a31\" data-id=\"0774a31\" data-element_type=\"column\" data-e-type=\"column\">\n\t\t\t<div class=\"elementor-widget-wrap elementor-element-populated\">\n\t\t\t\t\t\t<div class=\"elementor-element elementor-element-830efa2 elementor-widget elementor-widget-text-editor\" data-id=\"830efa2\" data-element_type=\"widget\" data-e-type=\"widget\" data-widget_type=\"text-editor.default\">\n\t\t\t\t<div class=\"elementor-widget-container\">\n\t\t\t\t\t\t\t\t\t<p><strong>Inkrafttretens-\/Aktualisierungsdatum: 05.08.2024<\/strong><\/p><p><strong>1. Anmelden<\/strong><\/p><p>Die Hostragons Global Limited (\u201eHostragons\u201c) nimmt den Schutz der Privatsph\u00e4re und der pers\u00f6nlichen Daten unserer Nutzer sehr ernst. Diese Datenschutz- und DSGVO-Konformit\u00e4tserkl\u00e4rung erkl\u00e4rt, wie pers\u00f6nliche Daten gem\u00e4\u00df DSGVO gesammelt, verwendet, gesch\u00fctzt und verwaltet werden. Durch die Nutzung unserer Website und Dienste akzeptieren Sie diese Richtlinie.<\/p><p><strong>2. Datenverantwortlicher und Vertreter<\/strong><\/p><p>Hostragons ist der f\u00fcr den Schutz Ihrer pers\u00f6nlichen Daten verantwortliche Datenverantwortliche. Unser Vertreter in der Europ\u00e4ischen Union:<\/p><ul><li><strong>Datenschutzbeauftragter:<\/strong> Datenschutzgesetz von Quebec.<\/li><\/ul><p><strong>3. Grundprinzipien der Datenverarbeitung<\/strong><\/p><p>Als Hostragons halten wir uns an die folgenden Grundprinzipien gem\u00e4\u00df den Anforderungen der DSGVO:<\/p><ul><li class=\"translation-block\"><strong>Transparenz:<\/strong> Wir legen klar dar, wie wir Ihre personenbezogenen Daten erfassen und verarbeiten.<\/li><li class=\"translation-block\"><strong>Richtigkeit:<\/strong> Wir halten Ihre Daten korrekt und aktuell.<\/li><li class=\"translation-block\"><strong>Minimierung:<\/strong> Wir erfassen und verarbeiten nur die notwendigen Daten.<\/li><li class=\"translation-block\"><strong>Speicherbegrenzung:<\/strong> Wir bewahren Ihre Daten nur so lange auf, wie es erforderlich ist.<\/li><\/ul><p><strong>4. Erfasste Informationen<\/strong><\/p><p>Hostragons erhebt die folgenden personenbezogenen Daten:<\/p><ul><li class=\"translation-block\"><strong>Identit\u00e4tsinformationen:<\/strong> Name, Nachname, Adresse, Telefonnummer, E-Mail-Adresse.<\/li><li class=\"translation-block\"><strong>Zahlungsinformationen:<\/strong> Kreditkartendaten und Zahlungsdetails.<\/li><li class=\"translation-block\"><strong>Technische Daten:<\/strong> IP-Adresse, Browsertyp, Betriebssystem.<\/li><li class=\"translation-block\"><strong>Benutzerverhalten:<\/strong> Benutzerpr\u00e4ferenzen, Aktivit\u00e4ten auf der Website.<\/li><\/ul><p><strong>5. Verwendung personenbezogener Daten<\/strong><\/p><p>Die gesammelten personenbezogenen Daten werden f\u00fcr folgende Zwecke verwendet:<\/p><ul><li>Bereitstellung und Verwaltung von Dienstleistungen.<\/li><li>Kundensupport und Kommunikation.<\/li><li>Abrechnungsprozesse und Erstellung rechtlicher Dokumente.<\/li><li>Verbesserung der Leistung unserer Website und der Benutzererfahrung.<\/li><li>Einhaltung gesetzlicher Verpflichtungen gew\u00e4hrleisten und Rechte verteidigen.<\/li><li>Marketing- und Werbeaktivit\u00e4ten.<\/li><\/ul><p><strong>6. Aufbewahrungsfrist f\u00fcr personenbezogene Daten<\/strong><\/p><p>Wir speichern Ihre personenbezogenen Daten nur so lange, wie es f\u00fcr unsere Verarbeitungszwecke erforderlich ist. Sie k\u00f6nnen uns kontaktieren, um mehr dar\u00fcber zu erfahren, wie lange Ihre Daten gespeichert werden und wie dieser Zeitraum festgelegt wird.<\/p><p><strong>7. Zahlungsinformationen und Sicherheit<\/strong><\/p><ul><li>Ihre Kreditkarten- und Zahlungsinformationen werden durch Sicherheitsma\u00dfnahmen wie ein 256-Bit-SSL-Zertifikat gesch\u00fctzt.<\/li><li>Ihre Kartendaten werden verschl\u00fcsselt \u00fcbertragen und nicht von Hostragons gespeichert.<\/li><li>Zus\u00e4tzliche Sicherheitswerkzeuge werden eingesetzt, um Vorsichtsma\u00dfnahmen gegen potenzielle Schadsoftware zu treffen.<\/li><\/ul><p><strong>8. Cookies und Tracking-Technologien<\/strong><\/p><p class=\"translation-block\">Wir verwenden Cookies und Tracking-Technologien auf unserer Website, um die Benutzererfahrung zu verbessern und zu verstehen, wie unsere Website genutzt wird. Weitere Informationen zu Cookies und deren Verwaltung finden Sie auf unserer <a href=\"https:\/\/www.hostragons.com\/de\/cookie-richtlinie\/\" target=\"_new\" rel=\"noreferrer\">Cookie-Richtlinien<\/a>-Seite.<\/p><p><strong>9. Weitergabe personenbezogener Daten<\/strong><\/p><ul><li>Ihre pers\u00f6nlichen Daten werden nur mit Dritten geteilt, die f\u00fcr die Bereitstellung unserer Dienste erforderlich sind.<\/li><li>Wir k\u00f6nnen Ihre Daten gem\u00e4\u00df gesetzlichen Verpflichtungen oder Gerichtsbeschl\u00fcssen weitergeben.<\/li><li>Die Weitergabe von Daten an Dritte erfolgt nur mit Ihrer Zustimmung.<\/li><\/ul><p><strong>10. Nutzerrechte<\/strong><\/p><p>Gem\u00e4\u00df der DSGVO haben Benutzer folgende Rechte:<\/p><ul><li>Das Recht auf Zugang, Berichtigung oder L\u00f6schung personenbezogener Daten.<\/li><li>Das Recht, der Datenverarbeitung zu widersprechen, und das Recht auf Daten\u00fcbertragbarkeit.<\/li><li>Das Recht, die Einwilligung jederzeit zu widerrufen.<\/li><\/ul><p><strong>11. Datenschutz-Folgenabsch\u00e4tzung (DPIA)<\/strong><\/p><p>F\u00fcr Datenverarbeitungst\u00e4tigkeiten mit hohem Risiko wird eine Datenschutz-Folgenabsch\u00e4tzung (DPIA) durchgef\u00fchrt. Sie k\u00f6nnen uns kontaktieren, um weitere Informationen zum DPIA-Prozess zu erhalten.<\/p><p><strong>12. Internationale Daten\u00fcbertragung<\/strong><\/p><p>Wir ergreifen die notwendigen Schutzma\u00dfnahmen, wenn wir Ihre personenbezogenen Daten au\u00dferhalb der EU \u00fcbertragen. F\u00fcr weitere Informationen \u00fcber internationale Daten\u00fcbertragungen k\u00f6nnen Sie uns kontaktieren.<\/p><p><strong>13. Benachrichtigung bei Datenschutzverletzungen<\/strong><\/p><p>Im Falle eines Datenschutzversto\u00dfes benachrichtigen wir umgehend die zust\u00e4ndigen Beh\u00f6rden und die betroffenen Personen. Sie k\u00f6nnen uns kontaktieren, um weitere Informationen zu unseren Verfahren bei Datenschutzverletzungen zu erhalten.<\/p><p><strong>14. Vertrags\u00e4nderungen<\/strong><\/p><p>Diese Richtlinie kann von Zeit zu Zeit aktualisiert werden. \u00c4nderungen werden auf dieser Seite ver\u00f6ffentlicht und mit einem G\u00fcltigkeitsdatum versehen. Nutzern wird empfohlen, diese Seite regelm\u00e4\u00dfig zu \u00fcberpr\u00fcfen, um \u00fcber \u00c4nderungen informiert zu bleiben.<\/p>\t\t\t\t\t\t\t\t<\/div>\n\t\t\t\t<\/div>\n\t\t\t\t\t<\/div>\n\t\t<\/div>\n\t\t\t\t\t<\/div>\n\t\t<\/section>\n\t\t\t\t<\/div>","protected":false},"excerpt":{"rendered":"<p>Y\u00fcr\u00fcrl\u00fck\/G\u00fcncelleme Tarihi: 05.08.2024 1. Giri\u015f Hostragons Global Limited (&#8220;Hostragons&#8221; olarak an\u0131lacakt\u0131r), kullan\u0131c\u0131lar\u0131m\u0131z\u0131n gizlili\u011fini ve ki\u015fisel verilerinin korunmas\u0131n\u0131 ciddiye al\u0131r. Bu Gizlilik ve GDPR Uyum Politikas\u0131, ki\u015fisel verilerin nas\u0131l topland\u0131\u011f\u0131n\u0131, kullan\u0131ld\u0131\u011f\u0131n\u0131, korundu\u011funu ve GDPR kapsam\u0131nda nas\u0131l y\u00f6netildi\u011fini a\u00e7\u0131klar. Web sitemizi ve hizmetlerimizi kullanarak, bu politikay\u0131 kabul etmi\u015f say\u0131l\u0131rs\u0131n\u0131z. 2. Veri Sorumlusu ve Temsilcisi Hostragons, ki\u015fisel verilerinizi [&hellip;]<\/p>\n","protected":false},"author":94,"featured_media":7854,"parent":0,"menu_order":0,"comment_status":"closed","ping_status":"closed","template":"","meta":{"googlesitekit_rrm_CAow5YvFDA:productID":"","footnotes":""},"class_list":["post-2031","page","type-page","status-publish","has-post-thumbnail","hentry"],"_links":{"self":[{"href":"https:\/\/www.hostragons.com\/de\/wp-json\/wp\/v2\/pages\/2031","targetHints":{"allow":["GET"]}}],"collection":[{"href":"https:\/\/www.hostragons.com\/de\/wp-json\/wp\/v2\/pages"}],"about":[{"href":"https:\/\/www.hostragons.com\/de\/wp-json\/wp\/v2\/types\/page"}],"author":[{"embeddable":true,"href":"https:\/\/www.hostragons.com\/de\/wp-json\/wp\/v2\/users\/94"}],"replies":[{"embeddable":true,"href":"https:\/\/www.hostragons.com\/de\/wp-json\/wp\/v2\/comments?post=2031"}],"version-history":[{"count":0,"href":"https:\/\/www.hostragons.com\/de\/wp-json\/wp\/v2\/pages\/2031\/revisions"}],"wp:featuredmedia":[{"embeddable":true,"href":"https:\/\/www.hostragons.com\/de\/wp-json\/wp\/v2\/media\/7854"}],"wp:attachment":[{"href":"https:\/\/www.hostragons.com\/de\/wp-json\/wp\/v2\/media?parent=2031"}],"curies":[{"name":"wp","href":"https:\/\/api.w.org\/{rel}","templated":true}]}}