{"id":2358,"date":"2020-10-02T08:03:18","date_gmt":"2020-10-02T05:03:18","guid":{"rendered":"https:\/\/www.hostragons.com\/?page_id=2358"},"modified":"2025-03-25T09:07:38","modified_gmt":"2025-03-25T09:07:38","slug":"cookie-politik","status":"publish","type":"page","link":"https:\/\/www.hostragons.com\/da\/cookie-politik\/","title":{"rendered":"Cookiepolitik"},"content":{"rendered":"<div data-elementor-type=\"wp-page\" data-elementor-id=\"2358\" class=\"elementor elementor-2358\" data-elementor-post-type=\"page\">\n\t\t\t\t\t\t<section class=\"elementor-section elementor-top-section elementor-element elementor-element-9da5eda elementor-section-boxed elementor-section-height-default elementor-section-height-default\" data-id=\"9da5eda\" data-element_type=\"section\" data-e-type=\"section\">\n\t\t\t\t\t\t<div class=\"elementor-container elementor-column-gap-default\">\n\t\t\t\t\t<div class=\"elementor-column elementor-col-100 elementor-top-column elementor-element elementor-element-a7228de\" data-id=\"a7228de\" data-element_type=\"column\" data-e-type=\"column\">\n\t\t\t<div class=\"elementor-widget-wrap elementor-element-populated\">\n\t\t\t\t\t\t<div class=\"elementor-element elementor-element-8bde4d6 elementor-widget elementor-widget-text-editor\" data-id=\"8bde4d6\" data-element_type=\"widget\" data-e-type=\"widget\" data-widget_type=\"text-editor.default\">\n\t\t\t\t<div class=\"elementor-widget-container\">\n\t\t\t\t\t\t\t\t\t<p><strong>Effektiv\/opdateringsdato:<\/strong> 05.08.2024<\/p><p><strong>1. Hvad er en cookie?<\/strong><\/p><p>Cookies er sm\u00e5 datafiler, der sendes til din browser af websteder og gemmes p\u00e5 din enhed. Disse filer giver din browser mulighed for at genkende webstedet, n\u00e5r du bes\u00f8ger det igen, og tilpasse din brugeroplevelse ved at huske dine pr\u00e6ferencer fra tidligere bes\u00f8g.<\/p><p><strong>2. Form\u00e5l med brug af cookies<\/strong><\/p><p>Hotragons bruger cookies til f\u00f8lgende form\u00e5l:<\/p><ul><li class=\"translation-block\"><strong>Obligatoriske cookies:<\/strong> N\u00f8dvendige for at siden kan udf\u00f8re sine grundl\u00e6ggende funktioner.<\/li><li><strong>Ydelsescookies:<\/strong> Det bruges til at overv\u00e5ge og forbedre webstedets ydeevne.<\/li><li class=\"translation-block\"><strong>Funktionelle cookies:<\/strong> Giver en personlig oplevelse ved at huske brugerpr\u00e6ferencer.<\/li><li class=\"translation-block\"><strong>Annonce- og markedsf\u00f8ringscookies:<\/strong> Bruges til at levere indhold og annoncer, der er skr\u00e6ddersyet til dine interesser.<\/li><\/ul><p><strong>3. Tredjepartscookies<\/strong><\/p><p>Nogle cookies p\u00e5 vores websted administreres af tredjepartstjenesteudbydere. Disse cookies bruges til reklame- og analysetjenester og er underlagt tredjeparters egne privatlivspolitikker. Vi anbefaler, at du gennemg\u00e5r disse tjenesteudbyderes privatlivspolitikker for at f\u00e5 flere oplysninger om deres brug af tredjepartscookies.<\/p><p><strong>4. Kontrol og sletning af cookies<\/strong><\/p><p>Du kan administrere, acceptere eller afvise cookies gennem dine browserindstillinger. Du kan ogs\u00e5 slette cookies, der tidligere er gemt i din browser. For mere information om, hvordan du administrerer cookies, kan du henvise til instruktionerne, der er specifikke for den browser, du bruger:<\/p><ul><li><a target=\"_new\" rel=\"noreferrer\">Google Chrome<\/a><\/li><li><a href=\"https:\/\/support.mozilla.org\/tr\/kb\/cerezleri-silme\" target=\"_new\" rel=\"noreferrer noopener\">Mozilla Firefox<\/a><\/li><li><a href=\"https:\/\/support.apple.com\/tr-tr\/guide\/safari\/sfri11471\/mac\" target=\"_new\" rel=\"noreferrer noopener\">Safari<\/a><\/li><li><a href=\"https:\/\/support.microsoft.com\/tr-tr\/help\/4027947\/microsoft-edge-delete-cookies\" target=\"_new\" rel=\"noreferrer noopener\">Microsoft Edge<\/a><\/li><\/ul><p class=\"translation-block\">5. \u00c6ndringer i cookiepolitik<\/p><p>Hotragons forbeholder sig retten til at \u00e6ndre sin cookiepolitik. Eventuelle \u00e6ndringer af vores politik vil blive opdateret p\u00e5 denne side og tr\u00e6der i kraft. Vi anbefaler, at brugerne holder sig orienteret om eventuelle \u00e6ndringer ved at tjekke denne side regelm\u00e6ssigt.<\/p><p><strong>6. Kommunikation<\/strong><\/p><p>For sp\u00f8rgsm\u00e5l om denne cookiepolitik <a rel=\"noreferrer\">hello@hostragons.com<\/a> Du kan kontakte os p\u00e5.<\/p>\t\t\t\t\t\t\t\t<\/div>\n\t\t\t\t<\/div>\n\t\t\t\t\t<\/div>\n\t\t<\/div>\n\t\t\t\t\t<\/div>\n\t\t<\/section>\n\t\t\t\t<\/div>","protected":false},"excerpt":{"rendered":"<p>Y\u00fcr\u00fcrl\u00fck\/G\u00fcncelleme Tarihi: 05.08.2024 1. \u00c7erez (Cookie) Nedir? \u00c7erezler, web siteleri taraf\u0131ndan taray\u0131c\u0131n\u0131za g\u00f6nderilen ve cihaz\u0131n\u0131zda depolanan k\u00fc\u00e7\u00fck veri dosyalar\u0131d\u0131r. Bu dosyalar, siteyi tekrar ziyaret etti\u011finizde taray\u0131c\u0131n\u0131z\u0131n web sitesini tan\u0131mas\u0131n\u0131 sa\u011flar ve \u00f6nceki ziyaretlerinizdeki tercihlerinizi hat\u0131rlayarak kullan\u0131c\u0131 deneyiminizi ki\u015fiselle\u015ftirir. 2. \u00c7erezlerin Kullan\u0131m Ama\u00e7lar\u0131 Hostragons, a\u015fa\u011f\u0131daki ama\u00e7lar do\u011frultusunda \u00e7erezleri kullan\u0131r: Zorunlu \u00c7erezler: Sitenin temel i\u015flevlerini yerine getirebilmesi [&hellip;]<\/p>\n","protected":false},"author":94,"featured_media":7852,"parent":0,"menu_order":0,"comment_status":"closed","ping_status":"closed","template":"","meta":{"googlesitekit_rrm_CAow5YvFDA:productID":"","footnotes":""},"class_list":["post-2358","page","type-page","status-publish","has-post-thumbnail","hentry"],"_links":{"self":[{"href":"https:\/\/www.hostragons.com\/da\/wp-json\/wp\/v2\/pages\/2358","targetHints":{"allow":["GET"]}}],"collection":[{"href":"https:\/\/www.hostragons.com\/da\/wp-json\/wp\/v2\/pages"}],"about":[{"href":"https:\/\/www.hostragons.com\/da\/wp-json\/wp\/v2\/types\/page"}],"author":[{"embeddable":true,"href":"https:\/\/www.hostragons.com\/da\/wp-json\/wp\/v2\/users\/94"}],"replies":[{"embeddable":true,"href":"https:\/\/www.hostragons.com\/da\/wp-json\/wp\/v2\/comments?post=2358"}],"version-history":[{"count":0,"href":"https:\/\/www.hostragons.com\/da\/wp-json\/wp\/v2\/pages\/2358\/revisions"}],"wp:featuredmedia":[{"embeddable":true,"href":"https:\/\/www.hostragons.com\/da\/wp-json\/wp\/v2\/media\/7852"}],"wp:attachment":[{"href":"https:\/\/www.hostragons.com\/da\/wp-json\/wp\/v2\/media?parent=2358"}],"curies":[{"name":"wp","href":"https:\/\/api.w.org\/{rel}","templated":true}]}}