{"id":2031,"date":"2020-09-08T16:09:39","date_gmt":"2020-09-08T13:09:39","guid":{"rendered":"https:\/\/www.hostragons.com\/?page_id=2031"},"modified":"2024-09-26T17:52:04","modified_gmt":"2024-09-26T14:52:04","slug":"privatlivspolitik","status":"publish","type":"page","link":"https:\/\/www.hostragons.com\/da\/privatlivspolitik\/","title":{"rendered":"Privatlivspolitik"},"content":{"rendered":"<div data-elementor-type=\"wp-page\" data-elementor-id=\"2031\" class=\"elementor elementor-2031\" data-elementor-post-type=\"page\">\n\t\t\t\t\t\t<section class=\"elementor-section elementor-top-section elementor-element elementor-element-91e4b54 elementor-section-boxed elementor-section-height-default elementor-section-height-default\" data-id=\"91e4b54\" data-element_type=\"section\" data-e-type=\"section\">\n\t\t\t\t\t\t<div class=\"elementor-container elementor-column-gap-default\">\n\t\t\t\t\t<div class=\"elementor-column elementor-col-100 elementor-top-column elementor-element elementor-element-0774a31\" data-id=\"0774a31\" data-element_type=\"column\" data-e-type=\"column\">\n\t\t\t<div class=\"elementor-widget-wrap elementor-element-populated\">\n\t\t\t\t\t\t<div class=\"elementor-element elementor-element-830efa2 elementor-widget elementor-widget-text-editor\" data-id=\"830efa2\" data-element_type=\"widget\" data-e-type=\"widget\" data-widget_type=\"text-editor.default\">\n\t\t\t\t<div class=\"elementor-widget-container\">\n\t\t\t\t\t\t\t\t\t<p><strong>Ikrafttr\u00e6den\/Opdateringsdato: 05.08.2024<\/strong><\/p><p><strong>1. Introduktion<\/strong><\/p><p>Hostragons Global Limited (&quot;Hostragons&quot;) tager vores brugeres privatliv og beskyttelsen af deres personlige data alvorligt. Denne privatlivs- og GDPR-overholdelsespolitik forklarer, hvordan personlige data indsamles, bruges, beskyttes og administreres under GDPR. Ved at bruge vores hjemmeside og tjenester anses du for at have accepteret denne politik.<\/p><p><strong>2. Dataansvarlig og repr\u00e6sentant<\/strong><\/p><p>Hotragons er den dataansvarlige, der er ansvarlig for at beskytte dine personlige data. Vores repr\u00e6sentant i EU:<\/p><ul><li><strong>Databeskyttelsesrepr\u00e6sentant:<\/strong> Quebec Privacy Act.<\/li><\/ul><p><strong>3. Grundl\u00e6ggende principper for databehandling<\/strong><\/p><p>Hos Hotragons overholder vi f\u00f8lgende grundl\u00e6ggende principper i overensstemmelse med kravene i GDPR:<\/p><ul><li class=\"translation-block\"><strong>Gennemsigtighed:<\/strong> Vi angiver klart, hvordan vi indsamler og behandler dine personoplysninger.<\/li><li class=\"translation-block\"><strong>N\u00f8jagtighed:<\/strong> Vi holder dine data n\u00f8jagtige og opdaterede.<\/li><li class=\"translation-block\"><strong>Minimering:<\/strong> Vi indsamler og behandler kun n\u00f8dvendige data.<\/li><li class=\"translation-block\"><strong>Opbevaringsbegr\u00e6nsning:<\/strong> Vi opbevarer kun dine data, s\u00e5 l\u00e6nge det er n\u00f8dvendigt.<\/li><\/ul><p><strong>4. Oplysninger indsamlet<\/strong><\/p><p>Hotragons indsamler f\u00f8lgende personlige oplysninger:<\/p><ul><li class=\"translation-block\"><strong>Identitetsoplysninger:<\/strong> Navn, efternavn, adresse, telefonnummer, e-mailadresse.<\/li><li class=\"translation-block\"><strong>Betalingsoplysninger:<\/strong> Kreditkortoplysninger og betalingsoplysninger.<\/li><li class=\"translation-block\"><strong>Tekniske data:<\/strong> IP-adresse, browsertype, operativsystem.<\/li><li class=\"translation-block\"><strong>Brugeradf\u00e6rd:<\/strong> Brugerpr\u00e6ferencer, bev\u00e6gelser p\u00e5 siden.<\/li><\/ul><p><strong>5. Brug af personlige data<\/strong><\/p><p>De indsamlede personlige oplysninger bruges til f\u00f8lgende form\u00e5l:<\/p><ul><li>Levere og administrere tjenester.<\/li><li>Kundesupport og kommunikation.<\/li><li>Fakturatransaktioner og udarbejdelse af juridiske dokumenter.<\/li><li>Forbedring af vores hjemmesides ydeevne og brugeroplevelse.<\/li><li>Overholdelse af juridiske forpligtelser og forsvar af rettigheder.<\/li><li>Marketing og salgsfremmende aktiviteter.<\/li><\/ul><p><strong>6. Opbevaringsperiode for personlige data<\/strong><\/p><p>Vi opbevarer kun dine personoplysninger, s\u00e5 l\u00e6nge det er n\u00f8dvendigt af hensyn til vores behandling. Du kan kontakte os for at f\u00e5 information om, hvor l\u00e6nge vi opbevarer dine data, og hvordan denne periode er fastsat.<\/p><p><strong>7. Betalingsoplysninger og sikkerhed<\/strong><\/p><ul><li>Dine kreditkort- og betalingsoplysninger er beskyttet af sikkerhedsforanstaltninger s\u00e5som 256-bit SSL-certifikat.<\/li><li>Dine kortoplysninger transmitteres krypteret og opbevares ikke af Hotragons.<\/li><li>Der tages forholdsregler mod mulig malware med yderligere sikkerhedsv\u00e6rkt\u00f8jer.<\/li><\/ul><p><strong>8. Cookies og sporingsteknologier<\/strong><\/p><p class=\"translation-block\">Vores hjemmeside bruger cookies og sporingsteknologier til at forbedre brugeroplevelsen og forst\u00e5, hvordan vores hjemmeside bruges. Du kan finde mere information om cookies, og hvordan du administrerer dem p\u00e5 <a href=\"https:\/\/www.hostragons.com\/da\/cookie-politik\/\" target=\"_new\" rel=\"noreferrer\">vores Cookiepolitik-<\/a> side.<\/p><p><strong>9. Deling af personlige data<\/strong><\/p><ul><li>Dine personlige data deles kun med tredjeparter, hvor det er n\u00f8dvendigt for at levere vores tjenester.<\/li><li>Vi kan dele dine data i overensstemmelse med juridiske forpligtelser eller retskendelser.<\/li><li>Datadeling med tredjeparter vil kun ske med dit samtykke.<\/li><\/ul><p><strong>10. Brugerrettigheder<\/strong><\/p><p>I henhold til GDPR har brugere f\u00f8lgende rettigheder:<\/p><ul><li>Retten til at f\u00e5 adgang til, berigtige eller slette personoplysninger.<\/li><li>Ret til at g\u00f8re indsigelse mod databehandling og dataportabilitet.<\/li><li>Ret til at tr\u00e6kke samtykke tilbage til enhver tid.<\/li><\/ul><p><strong>11. Data Protection Impact Assessment (DPIA)<\/strong><\/p><p>En databeskyttelseskonsekvensvurdering udf\u00f8res for h\u00f8jrisikodatabehandlingsaktiviteter. Du kan kontakte os for at f\u00e5 mere information om DPIA-processen.<\/p><p><strong>12. International dataoverf\u00f8rsel<\/strong><\/p><p>Vi tr\u00e6ffer de n\u00f8dvendige beskyttelsesforanstaltninger, n\u00e5r vi overf\u00f8rer dine personoplysninger uden for EU. Du kan kontakte os for mere information om international dataoverf\u00f8rsel.<\/p><p><strong>13. Underretning om databrud<\/strong><\/p><p>I tilf\u00e6lde af et databrud underretter vi omg\u00e5ende de kompetente myndigheder og ber\u00f8rte personer. Du kan kontakte os for at l\u00e6re mere om vores procedurer for databrud.<\/p><p><strong>14. Kontrakt\u00e6ndringer<\/strong><\/p><p>Denne politik kan blive opdateret fra tid til anden. Eventuelle \u00e6ndringer, der skal foretages, vil blive offentliggjort p\u00e5 denne side og vil blive angivet med ikrafttr\u00e6delsesdatoen. Brugere opfordres til at tjekke denne side regelm\u00e6ssigt for at holde sig orienteret om eventuelle \u00e6ndringer.<\/p>\t\t\t\t\t\t\t\t<\/div>\n\t\t\t\t<\/div>\n\t\t\t\t\t<\/div>\n\t\t<\/div>\n\t\t\t\t\t<\/div>\n\t\t<\/section>\n\t\t\t\t<\/div>","protected":false},"excerpt":{"rendered":"<p>Y\u00fcr\u00fcrl\u00fck\/G\u00fcncelleme Tarihi: 05.08.2024 1. Giri\u015f Hostragons Global Limited (&#8220;Hostragons&#8221; olarak an\u0131lacakt\u0131r), kullan\u0131c\u0131lar\u0131m\u0131z\u0131n gizlili\u011fini ve ki\u015fisel verilerinin korunmas\u0131n\u0131 ciddiye al\u0131r. Bu Gizlilik ve GDPR Uyum Politikas\u0131, ki\u015fisel verilerin nas\u0131l topland\u0131\u011f\u0131n\u0131, kullan\u0131ld\u0131\u011f\u0131n\u0131, korundu\u011funu ve GDPR kapsam\u0131nda nas\u0131l y\u00f6netildi\u011fini a\u00e7\u0131klar. Web sitemizi ve hizmetlerimizi kullanarak, bu politikay\u0131 kabul etmi\u015f say\u0131l\u0131rs\u0131n\u0131z. 2. Veri Sorumlusu ve Temsilcisi Hostragons, ki\u015fisel verilerinizi [&hellip;]<\/p>\n","protected":false},"author":94,"featured_media":7854,"parent":0,"menu_order":0,"comment_status":"closed","ping_status":"closed","template":"","meta":{"googlesitekit_rrm_CAow5YvFDA:productID":"","footnotes":""},"class_list":["post-2031","page","type-page","status-publish","has-post-thumbnail","hentry"],"_links":{"self":[{"href":"https:\/\/www.hostragons.com\/da\/wp-json\/wp\/v2\/pages\/2031","targetHints":{"allow":["GET"]}}],"collection":[{"href":"https:\/\/www.hostragons.com\/da\/wp-json\/wp\/v2\/pages"}],"about":[{"href":"https:\/\/www.hostragons.com\/da\/wp-json\/wp\/v2\/types\/page"}],"author":[{"embeddable":true,"href":"https:\/\/www.hostragons.com\/da\/wp-json\/wp\/v2\/users\/94"}],"replies":[{"embeddable":true,"href":"https:\/\/www.hostragons.com\/da\/wp-json\/wp\/v2\/comments?post=2031"}],"version-history":[{"count":0,"href":"https:\/\/www.hostragons.com\/da\/wp-json\/wp\/v2\/pages\/2031\/revisions"}],"wp:featuredmedia":[{"embeddable":true,"href":"https:\/\/www.hostragons.com\/da\/wp-json\/wp\/v2\/media\/7854"}],"wp:attachment":[{"href":"https:\/\/www.hostragons.com\/da\/wp-json\/wp\/v2\/media?parent=2031"}],"curies":[{"name":"wp","href":"https:\/\/api.w.org\/{rel}","templated":true}]}}