{"id":2358,"date":"2020-10-02T08:03:18","date_gmt":"2020-10-02T05:03:18","guid":{"rendered":"https:\/\/www.hostragons.com\/?page_id=2358"},"modified":"2025-03-25T09:07:38","modified_gmt":"2025-03-25T09:07:38","slug":"zasady-cookies","status":"publish","type":"page","link":"https:\/\/www.hostragons.com\/cs\/zasady-cookies\/","title":{"rendered":"Z\u00e1sady pou\u017e\u00edv\u00e1n\u00ed soubor\u016f cookie"},"content":{"rendered":"<div data-elementor-type=\"wp-page\" data-elementor-id=\"2358\" class=\"elementor elementor-2358\" data-elementor-post-type=\"page\">\n\t\t\t\t\t\t<section class=\"elementor-section elementor-top-section elementor-element elementor-element-9da5eda elementor-section-boxed elementor-section-height-default elementor-section-height-default\" data-id=\"9da5eda\" data-element_type=\"section\" data-e-type=\"section\">\n\t\t\t\t\t\t<div class=\"elementor-container elementor-column-gap-default\">\n\t\t\t\t\t<div class=\"elementor-column elementor-col-100 elementor-top-column elementor-element elementor-element-a7228de\" data-id=\"a7228de\" data-element_type=\"column\" data-e-type=\"column\">\n\t\t\t<div class=\"elementor-widget-wrap elementor-element-populated\">\n\t\t\t\t\t\t<div class=\"elementor-element elementor-element-8bde4d6 elementor-widget elementor-widget-text-editor\" data-id=\"8bde4d6\" data-element_type=\"widget\" data-e-type=\"widget\" data-widget_type=\"text-editor.default\">\n\t\t\t\t<div class=\"elementor-widget-container\">\n\t\t\t\t\t\t\t\t\t<p><strong>Datum \u00fa\u010dinnosti\/aktualizace:<\/strong> 05.08.2024<\/p><p><strong>1. Co je to cookie?<\/strong><\/p><p>Cookies jsou mal\u00e9 datov\u00e9 soubory, kter\u00e9 do va\u0161eho prohl\u00ed\u017ee\u010de odes\u00edlaj\u00ed webov\u00e9 str\u00e1nky a ukl\u00e1daj\u00ed se do va\u0161eho za\u0159\u00edzen\u00ed. Tyto soubory umo\u017e\u0148uj\u00ed va\u0161emu prohl\u00ed\u017ee\u010di rozpoznat webovou str\u00e1nku, kdy\u017e ji znovu nav\u0161t\u00edv\u00edte, a p\u0159izp\u016fsobit va\u0161i u\u017eivatelskou zku\u0161enost t\u00edm, \u017ee si zapamatuje va\u0161e preference z p\u0159edchoz\u00edch n\u00e1v\u0161t\u011bv.<\/p><p><strong>2. \u00da\u010dely pou\u017eit\u00ed soubor\u016f cookie<\/strong><\/p><p>Hostragons pou\u017e\u00edv\u00e1 cookies pro n\u00e1sleduj\u00edc\u00ed \u00fa\u010dely:<\/p><ul><li class=\"translation-block\"><strong>Povinn\u00e9 soubory cookie:<\/strong> Nezbytn\u00e9 k tomu, aby str\u00e1nka mohla plnit sv\u00e9 z\u00e1kladn\u00ed funkce.<\/li><li><strong>V\u00fdkonov\u00e9 soubory cookie:<\/strong> Slou\u017e\u00ed ke sledov\u00e1n\u00ed a zlep\u0161ov\u00e1n\u00ed v\u00fdkonu webu.<\/li><li class=\"translation-block\"><strong>Funk\u010dn\u00ed soubory cookie:<\/strong> Poskytuje personalizovan\u00e9 prost\u0159ed\u00ed t\u00edm, \u017ee si pamatuje u\u017eivatelsk\u00e9 preference.<\/li><li class=\"translation-block\"><strong>Reklamn\u00ed a marketingov\u00e9 soubory cookie:<\/strong> Pou\u017e\u00edvaj\u00ed se k poskytov\u00e1n\u00ed obsahu a reklam p\u0159izp\u016fsoben\u00fdch va\u0161im z\u00e1jm\u016fm.<\/li><\/ul><p><strong>3. Soubory cookie t\u0159et\u00edch stran<\/strong><\/p><p>N\u011bkter\u00e9 soubory cookie na na\u0161ich str\u00e1nk\u00e1ch jsou spravov\u00e1ny poskytovateli slu\u017eeb t\u0159et\u00edch stran. Tyto soubory cookie se pou\u017e\u00edvaj\u00ed pro reklamn\u00ed a analytick\u00e9 slu\u017eby a podl\u00e9haj\u00ed vlastn\u00edm z\u00e1sad\u00e1m ochrany osobn\u00edch \u00fadaj\u016f t\u0159et\u00edch stran. Doporu\u010dujeme, abyste si prostudovali z\u00e1sady ochrany osobn\u00edch \u00fadaj\u016f t\u011bchto poskytovatel\u016f slu\u017eeb, abyste z\u00edskali v\u00edce informac\u00ed o jejich pou\u017e\u00edv\u00e1n\u00ed soubor\u016f cookie t\u0159et\u00edch stran.<\/p><p><strong>4. Kontrola a maz\u00e1n\u00ed soubor\u016f cookie<\/strong><\/p><p>Soubory cookie m\u016f\u017eete spravovat, p\u0159ij\u00edmat nebo odm\u00edtat prost\u0159ednictv\u00edm nastaven\u00ed prohl\u00ed\u017ee\u010de. Soubory cookie d\u0159\u00edve ulo\u017een\u00e9 ve va\u0161em prohl\u00ed\u017ee\u010di m\u016f\u017eete tak\u00e9 smazat. Dal\u0161\u00ed informace o tom, jak spravovat soubory cookie, naleznete v pokynech specifick\u00fdch pro prohl\u00ed\u017ee\u010d, kter\u00fd pou\u017e\u00edv\u00e1te:<\/p><ul><li><a target=\"_new\" rel=\"noreferrer\">Google Chrome<\/a><\/li><li><a href=\"https:\/\/support.mozilla.org\/tr\/kb\/cerezleri-silme\" target=\"_new\" rel=\"noreferrer noopener\">Mozilla Firefox<\/a><\/li><li><a href=\"https:\/\/support.apple.com\/tr-tr\/guide\/safari\/sfri11471\/mac\" target=\"_new\" rel=\"noreferrer noopener\">Safari<\/a><\/li><li><a href=\"https:\/\/support.microsoft.com\/tr-tr\/help\/4027947\/microsoft-edge-delete-cookies\" target=\"_new\" rel=\"noreferrer noopener\">Microsoft Edge<\/a><\/li><\/ul><p class=\"translation-block\">5. Zm\u011bny z\u00e1sad soubor\u016f cookie<\/p><p>Hostragons si vyhrazuje pr\u00e1vo zm\u011bnit sv\u00e9 z\u00e1sady pou\u017e\u00edv\u00e1n\u00ed soubor\u016f cookie. Jak\u00e9koli zm\u011bny na\u0161ich z\u00e1sad budou aktualizov\u00e1ny na t\u00e9to str\u00e1nce a vstoup\u00ed v platnost. Doporu\u010dujeme, aby u\u017eivatel\u00e9 byli informov\u00e1ni o v\u0161ech zm\u011bn\u00e1ch pravidelnou kontrolou t\u00e9to str\u00e1nky.<\/p><p><strong>6. Komunikace<\/strong><\/p><p>M\u00e1te-li dotazy t\u00fdkaj\u00edc\u00ed se t\u011bchto z\u00e1sad pou\u017e\u00edv\u00e1n\u00ed soubor\u016f cookie <a rel=\"noreferrer\">hello@hostragons.com<\/a> M\u016f\u017eete n\u00e1s kontaktovat na.<\/p>\t\t\t\t\t\t\t\t<\/div>\n\t\t\t\t<\/div>\n\t\t\t\t\t<\/div>\n\t\t<\/div>\n\t\t\t\t\t<\/div>\n\t\t<\/section>\n\t\t\t\t<\/div>","protected":false},"excerpt":{"rendered":"<p>Y\u00fcr\u00fcrl\u00fck\/G\u00fcncelleme Tarihi: 05.08.2024 1. \u00c7erez (Cookie) Nedir? \u00c7erezler, web siteleri taraf\u0131ndan taray\u0131c\u0131n\u0131za g\u00f6nderilen ve cihaz\u0131n\u0131zda depolanan k\u00fc\u00e7\u00fck veri dosyalar\u0131d\u0131r. Bu dosyalar, siteyi tekrar ziyaret etti\u011finizde taray\u0131c\u0131n\u0131z\u0131n web sitesini tan\u0131mas\u0131n\u0131 sa\u011flar ve \u00f6nceki ziyaretlerinizdeki tercihlerinizi hat\u0131rlayarak kullan\u0131c\u0131 deneyiminizi ki\u015fiselle\u015ftirir. 2. \u00c7erezlerin Kullan\u0131m Ama\u00e7lar\u0131 Hostragons, a\u015fa\u011f\u0131daki ama\u00e7lar do\u011frultusunda \u00e7erezleri kullan\u0131r: Zorunlu \u00c7erezler: Sitenin temel i\u015flevlerini yerine getirebilmesi [&hellip;]<\/p>\n","protected":false},"author":94,"featured_media":7852,"parent":0,"menu_order":0,"comment_status":"closed","ping_status":"closed","template":"","meta":{"googlesitekit_rrm_CAow5YvFDA:productID":"","footnotes":""},"class_list":["post-2358","page","type-page","status-publish","has-post-thumbnail","hentry"],"_links":{"self":[{"href":"https:\/\/www.hostragons.com\/cs\/wp-json\/wp\/v2\/pages\/2358","targetHints":{"allow":["GET"]}}],"collection":[{"href":"https:\/\/www.hostragons.com\/cs\/wp-json\/wp\/v2\/pages"}],"about":[{"href":"https:\/\/www.hostragons.com\/cs\/wp-json\/wp\/v2\/types\/page"}],"author":[{"embeddable":true,"href":"https:\/\/www.hostragons.com\/cs\/wp-json\/wp\/v2\/users\/94"}],"replies":[{"embeddable":true,"href":"https:\/\/www.hostragons.com\/cs\/wp-json\/wp\/v2\/comments?post=2358"}],"version-history":[{"count":0,"href":"https:\/\/www.hostragons.com\/cs\/wp-json\/wp\/v2\/pages\/2358\/revisions"}],"wp:featuredmedia":[{"embeddable":true,"href":"https:\/\/www.hostragons.com\/cs\/wp-json\/wp\/v2\/media\/7852"}],"wp:attachment":[{"href":"https:\/\/www.hostragons.com\/cs\/wp-json\/wp\/v2\/media?parent=2358"}],"curies":[{"name":"wp","href":"https:\/\/api.w.org\/{rel}","templated":true}]}}