{"id":2031,"date":"2020-09-08T16:09:39","date_gmt":"2020-09-08T13:09:39","guid":{"rendered":"https:\/\/www.hostragons.com\/?page_id=2031"},"modified":"2024-09-26T17:52:04","modified_gmt":"2024-09-26T14:52:04","slug":"zasady-ochrany-osobnich-udaju","status":"publish","type":"page","link":"https:\/\/www.hostragons.com\/cs\/zasady-ochrany-osobnich-udaju\/","title":{"rendered":"Z\u00e1sady ochrany osobn\u00edch \u00fadaj\u016f"},"content":{"rendered":"<div data-elementor-type=\"wp-page\" data-elementor-id=\"2031\" class=\"elementor elementor-2031\" data-elementor-post-type=\"page\">\n\t\t\t\t\t\t<section class=\"elementor-section elementor-top-section elementor-element elementor-element-91e4b54 elementor-section-boxed elementor-section-height-default elementor-section-height-default\" data-id=\"91e4b54\" data-element_type=\"section\" data-e-type=\"section\">\n\t\t\t\t\t\t<div class=\"elementor-container elementor-column-gap-default\">\n\t\t\t\t\t<div class=\"elementor-column elementor-col-100 elementor-top-column elementor-element elementor-element-0774a31\" data-id=\"0774a31\" data-element_type=\"column\" data-e-type=\"column\">\n\t\t\t<div class=\"elementor-widget-wrap elementor-element-populated\">\n\t\t\t\t\t\t<div class=\"elementor-element elementor-element-830efa2 elementor-widget elementor-widget-text-editor\" data-id=\"830efa2\" data-element_type=\"widget\" data-e-type=\"widget\" data-widget_type=\"text-editor.default\">\n\t\t\t\t<div class=\"elementor-widget-container\">\n\t\t\t\t\t\t\t\t\t<p><strong>Datum \u00fa\u010dinnosti\/aktualizace: 05.08.2024<\/strong><\/p><p><strong>1. \u00davod<\/strong><\/p><p>Spole\u010dnost Hostragons Global Limited (\u201eHostragons\u201c) bere soukrom\u00ed na\u0161ich u\u017eivatel\u016f a ochranu jejich osobn\u00edch \u00fadaj\u016f v\u00e1\u017en\u011b. Tyto z\u00e1sady ochrany osobn\u00edch \u00fadaj\u016f a souladu s GDPR vysv\u011btluj\u00ed, jak jsou osobn\u00ed \u00fadaje shroma\u017e\u010fov\u00e1ny, pou\u017e\u00edv\u00e1ny, chr\u00e1n\u011bny a spravov\u00e1ny podle GDPR. Pou\u017e\u00edv\u00e1n\u00edm na\u0161ich webov\u00fdch str\u00e1nek a slu\u017eeb se m\u00e1 za to, \u017ee jste p\u0159ijali tyto z\u00e1sady.<\/p><p><strong>2. Spr\u00e1vce \u00fadaj\u016f a z\u00e1stupce<\/strong><\/p><p>Hostragons je spr\u00e1vce \u00fadaj\u016f odpov\u011bdn\u00fd za ochranu va\u0161ich osobn\u00edch \u00fadaj\u016f. N\u00e1\u0161 z\u00e1stupce v Evropsk\u00e9 unii:<\/p><ul><li><strong>Z\u00e1stupce pro ochranu osobn\u00edch \u00fadaj\u016f:<\/strong> Quebeck\u00fd z\u00e1kon o ochran\u011b osobn\u00edch \u00fadaj\u016f.<\/li><\/ul><p><strong>3. Z\u00e1kladn\u00ed principy zpracov\u00e1n\u00ed dat<\/strong><\/p><p>Ve spole\u010dnosti Hostragons dodr\u017eujeme v souladu s po\u017eadavky GDPR n\u00e1sleduj\u00edc\u00ed z\u00e1kladn\u00ed principy:<\/p><ul><li class=\"translation-block\"><strong>Transparentnost:<\/strong> Jasn\u011b uv\u00e1d\u00edme, jak shroma\u017e\u010fujeme a zpracov\u00e1v\u00e1me va\u0161e osobn\u00ed \u00fadaje.<\/li><li class=\"translation-block\"><strong>P\u0159esnost:<\/strong> Va\u0161e \u00fadaje udr\u017eujeme p\u0159esn\u00e9 a aktu\u00e1ln\u00ed.<\/li><li class=\"translation-block\"><strong>Minimalizace:<\/strong> Shroma\u017e\u010fujeme a zpracov\u00e1v\u00e1me pouze nezbytn\u00e1 data.<\/li><li class=\"translation-block\"><strong>Omezen\u00ed uchov\u00e1v\u00e1n\u00ed:<\/strong> Va\u0161e \u00fadaje uchov\u00e1v\u00e1me pouze po nezbytn\u011b nutnou dobu.<\/li><\/ul><p><strong>4. Shrom\u00e1\u017ed\u011bn\u00e9 informace<\/strong><\/p><p>Hostragons shroma\u017e\u010fuje n\u00e1sleduj\u00edc\u00ed osobn\u00ed \u00fadaje:<\/p><ul><li class=\"translation-block\"><strong>Identifika\u010dn\u00ed \u00fadaje:<\/strong> Jm\u00e9no, p\u0159\u00edjmen\u00ed, adresa, telefonn\u00ed \u010d\u00edslo, e-mailov\u00e1 adresa.<\/li><li class=\"translation-block\"><strong>Informace o platb\u011b:<\/strong> \u00dadaje o kreditn\u00ed kart\u011b a platebn\u00ed \u00fadaje.<\/li><li class=\"translation-block\"><strong>Technick\u00e9 \u00fadaje:<\/strong> IP adresa, typ prohl\u00ed\u017ee\u010de, opera\u010dn\u00ed syst\u00e9m.<\/li><li class=\"translation-block\"><strong>U\u017eivatelsk\u00e9 chov\u00e1n\u00ed:<\/strong> U\u017eivatelsk\u00e9 preference, pohyby na webu.<\/li><\/ul><p><strong>5. Pou\u017eit\u00ed osobn\u00edch \u00fadaj\u016f<\/strong><\/p><p>Shrom\u00e1\u017ed\u011bn\u00e9 osobn\u00ed \u00fadaje se pou\u017e\u00edvaj\u00ed pro n\u00e1sleduj\u00edc\u00ed \u00fa\u010dely:<\/p><ul><li>Poskytov\u00e1n\u00ed a spr\u00e1va slu\u017eeb.<\/li><li>Slu\u017eby z\u00e1kaznick\u00e9 podpory a komunikace.<\/li><li>Faktura\u010dn\u00ed operace a p\u0159\u00edprava pr\u00e1vn\u00edch dokument\u016f.<\/li><li>Zlep\u0161en\u00ed v\u00fdkonu na\u0161ich webov\u00fdch str\u00e1nek a u\u017eivatelsk\u00e9 zku\u0161enosti.<\/li><li>Dodr\u017eov\u00e1n\u00ed z\u00e1konn\u00fdch povinnost\u00ed a h\u00e1jen\u00ed pr\u00e1v.<\/li><li>Marketingov\u00e1 a propaga\u010dn\u00ed \u010dinnost.<\/li><\/ul><p><strong>6. Doba ulo\u017een\u00ed osobn\u00edch \u00fadaj\u016f<\/strong><\/p><p>Va\u0161e osobn\u00ed \u00fadaje uchov\u00e1v\u00e1me pouze po dobu nezbytn\u011b nutnou pro \u00fa\u010dely na\u0161eho zpracov\u00e1n\u00ed. M\u016f\u017eete n\u00e1s kontaktovat, abyste z\u00edskali informace o tom, jak dlouho va\u0161e \u00fadaje uchov\u00e1v\u00e1me a jak se tato doba ur\u010duje.<\/p><p><strong>7. Platebn\u00ed informace a bezpe\u010dnost<\/strong><\/p><ul><li>Va\u0161e kreditn\u00ed karta a platebn\u00ed \u00fadaje jsou chr\u00e1n\u011bny bezpe\u010dnostn\u00edmi opat\u0159en\u00edmi, jako je 256bitov\u00fd certifik\u00e1t SSL.<\/li><li>Informace o va\u0161\u00ed kart\u011b jsou p\u0159en\u00e1\u0161eny \u0161ifrovan\u011b a nejsou ukl\u00e1d\u00e1ny Hostragony.<\/li><li>Dal\u0161\u00edmi bezpe\u010dnostn\u00edmi n\u00e1stroji jsou p\u0159ijata preventivn\u00ed opat\u0159en\u00ed proti mo\u017en\u00e9mu malwaru.<\/li><\/ul><p><strong>8. Soubory cookie a technologie sledov\u00e1n\u00ed<\/strong><\/p><p class=\"translation-block\">Na\u0161e webov\u00e9 str\u00e1nky pou\u017e\u00edvaj\u00ed soubory cookie a sledovac\u00ed technologie pro zlep\u0161en\u00ed u\u017eivatelsk\u00e9 zku\u0161enosti a pochopen\u00ed toho, jak jsou na\u0161e webov\u00e9 str\u00e1nky pou\u017e\u00edv\u00e1ny. V\u00edce informac\u00ed o cookies a jejich spr\u00e1v\u011b naleznete na <a href=\"https:\/\/www.hostragons.com\/cs\/zasady-cookies\/\" target=\"_new\" rel=\"noreferrer\">na\u0161\u00ed str\u00e1nce Z\u00e1sady pou\u017e\u00edv\u00e1n\u00ed cookies<\/a> .<\/p><p><strong>9. Sd\u00edlen\u00ed osobn\u00edch \u00fadaj\u016f<\/strong><\/p><ul><li>Va\u0161e osobn\u00ed \u00fadaje jsou sd\u00edleny pouze s t\u0159et\u00edmi stranami, pokud je to nezbytn\u00e9 pro poskytov\u00e1n\u00ed na\u0161ich slu\u017eeb.<\/li><li>Va\u0161e \u00fadaje m\u016f\u017eeme sd\u00edlet v souladu se z\u00e1konn\u00fdmi povinnostmi nebo soudn\u00edmi p\u0159\u00edkazy.<\/li><li>Sd\u00edlen\u00ed \u00fadaj\u016f s t\u0159et\u00edmi stranami bude prob\u00edhat pouze s va\u0161\u00edm souhlasem.<\/li><\/ul><p><strong>10. U\u017eivatelsk\u00e1 pr\u00e1va<\/strong><\/p><p>Podle GDPR maj\u00ed u\u017eivatel\u00e9 n\u00e1sleduj\u00edc\u00ed pr\u00e1va:<\/p><ul><li>Pr\u00e1vo na p\u0159\u00edstup k osobn\u00edm \u00fadaj\u016fm, jejich opravu nebo v\u00fdmaz.<\/li><li>Pr\u00e1vo vzn\u00e9st n\u00e1mitku proti zpracov\u00e1n\u00ed \u00fadaj\u016f a p\u0159enositelnosti \u00fadaj\u016f.<\/li><li>Pr\u00e1vo souhlas kdykoli odvolat.<\/li><\/ul><p><strong>11. Posouzen\u00ed dopadu na ochranu \u00fadaj\u016f (DPIA)<\/strong><\/p><p>U vysoce rizikov\u00fdch \u010dinnost\u00ed zpracov\u00e1n\u00ed \u00fadaj\u016f se prov\u00e1d\u00ed posouzen\u00ed dopadu na ochranu \u00fadaj\u016f. Chcete-li z\u00edskat dal\u0161\u00ed informace o procesu DPIA, m\u016f\u017eete n\u00e1s kontaktovat.<\/p><p><strong>12. Mezin\u00e1rodn\u00ed p\u0159enos dat<\/strong><\/p><p>P\u0159i p\u0159ed\u00e1v\u00e1n\u00ed va\u0161ich osobn\u00edch \u00fadaj\u016f mimo EU p\u0159ij\u00edm\u00e1me nezbytn\u00e1 ochrann\u00e1 opat\u0159en\u00ed. Pro v\u00edce informac\u00ed o mezin\u00e1rodn\u00edm p\u0159enosu dat n\u00e1s m\u016f\u017eete kontaktovat.<\/p><p><strong>13. Ozn\u00e1men\u00ed o naru\u0161en\u00ed \u00fadaj\u016f<\/strong><\/p><p>V p\u0159\u00edpad\u011b \u00faniku dat neprodlen\u011b informujeme p\u0159\u00edslu\u0161n\u00e9 org\u00e1ny a dot\u010den\u00e9 osoby. M\u016f\u017eete n\u00e1s kontaktovat, abyste se dozv\u011bd\u011bli v\u00edce o na\u0161ich postupech p\u0159i poru\u0161en\u00ed ochrany osobn\u00edch \u00fadaj\u016f.<\/p><p><strong>14. Zm\u011bny smlouvy<\/strong><\/p><p>Tyto z\u00e1sady mohou b\u00fdt \u010das od \u010dasu aktualizov\u00e1ny. Ve\u0161ker\u00e9 proveden\u00e9 zm\u011bny budou zve\u0159ejn\u011bny na t\u00e9to str\u00e1nce a budou uvedeny s datem \u00fa\u010dinnosti. U\u017eivatel\u016fm se doporu\u010duje, aby tuto str\u00e1nku pravideln\u011b kontrolovali, aby byli informov\u00e1ni o v\u0161ech zm\u011bn\u00e1ch.<\/p>\t\t\t\t\t\t\t\t<\/div>\n\t\t\t\t<\/div>\n\t\t\t\t\t<\/div>\n\t\t<\/div>\n\t\t\t\t\t<\/div>\n\t\t<\/section>\n\t\t\t\t<\/div>","protected":false},"excerpt":{"rendered":"<p>Y\u00fcr\u00fcrl\u00fck\/G\u00fcncelleme Tarihi: 05.08.2024 1. Giri\u015f Hostragons Global Limited (&#8220;Hostragons&#8221; olarak an\u0131lacakt\u0131r), kullan\u0131c\u0131lar\u0131m\u0131z\u0131n gizlili\u011fini ve ki\u015fisel verilerinin korunmas\u0131n\u0131 ciddiye al\u0131r. Bu Gizlilik ve GDPR Uyum Politikas\u0131, ki\u015fisel verilerin nas\u0131l topland\u0131\u011f\u0131n\u0131, kullan\u0131ld\u0131\u011f\u0131n\u0131, korundu\u011funu ve GDPR kapsam\u0131nda nas\u0131l y\u00f6netildi\u011fini a\u00e7\u0131klar. Web sitemizi ve hizmetlerimizi kullanarak, bu politikay\u0131 kabul etmi\u015f say\u0131l\u0131rs\u0131n\u0131z. 2. Veri Sorumlusu ve Temsilcisi Hostragons, ki\u015fisel verilerinizi [&hellip;]<\/p>\n","protected":false},"author":94,"featured_media":7854,"parent":0,"menu_order":0,"comment_status":"closed","ping_status":"closed","template":"","meta":{"googlesitekit_rrm_CAow5YvFDA:productID":"","footnotes":""},"class_list":["post-2031","page","type-page","status-publish","has-post-thumbnail","hentry"],"_links":{"self":[{"href":"https:\/\/www.hostragons.com\/cs\/wp-json\/wp\/v2\/pages\/2031","targetHints":{"allow":["GET"]}}],"collection":[{"href":"https:\/\/www.hostragons.com\/cs\/wp-json\/wp\/v2\/pages"}],"about":[{"href":"https:\/\/www.hostragons.com\/cs\/wp-json\/wp\/v2\/types\/page"}],"author":[{"embeddable":true,"href":"https:\/\/www.hostragons.com\/cs\/wp-json\/wp\/v2\/users\/94"}],"replies":[{"embeddable":true,"href":"https:\/\/www.hostragons.com\/cs\/wp-json\/wp\/v2\/comments?post=2031"}],"version-history":[{"count":0,"href":"https:\/\/www.hostragons.com\/cs\/wp-json\/wp\/v2\/pages\/2031\/revisions"}],"wp:featuredmedia":[{"embeddable":true,"href":"https:\/\/www.hostragons.com\/cs\/wp-json\/wp\/v2\/media\/7854"}],"wp:attachment":[{"href":"https:\/\/www.hostragons.com\/cs\/wp-json\/wp\/v2\/media?parent=2031"}],"curies":[{"name":"wp","href":"https:\/\/api.w.org\/{rel}","templated":true}]}}