{"id":2358,"date":"2020-10-02T08:03:18","date_gmt":"2020-10-02T05:03:18","guid":{"rendered":"https:\/\/www.hostragons.com\/?page_id=2358"},"modified":"2025-03-25T09:07:38","modified_gmt":"2025-03-25T09:07:38","slug":"politika-kolacica","status":"publish","type":"page","link":"https:\/\/www.hostragons.com\/bs\/politika-kolacica\/","title":{"rendered":"Politika kola\u010di\u0107a"},"content":{"rendered":"<div data-elementor-type=\"wp-page\" data-elementor-id=\"2358\" class=\"elementor elementor-2358\" data-elementor-post-type=\"page\">\n\t\t\t\t\t\t<section class=\"elementor-section elementor-top-section elementor-element elementor-element-9da5eda elementor-section-boxed elementor-section-height-default elementor-section-height-default\" data-id=\"9da5eda\" data-element_type=\"section\" data-e-type=\"section\">\n\t\t\t\t\t\t<div class=\"elementor-container elementor-column-gap-default\">\n\t\t\t\t\t<div class=\"elementor-column elementor-col-100 elementor-top-column elementor-element elementor-element-a7228de\" data-id=\"a7228de\" data-element_type=\"column\" data-e-type=\"column\">\n\t\t\t<div class=\"elementor-widget-wrap elementor-element-populated\">\n\t\t\t\t\t\t<div class=\"elementor-element elementor-element-8bde4d6 elementor-widget elementor-widget-text-editor\" data-id=\"8bde4d6\" data-element_type=\"widget\" data-e-type=\"widget\" data-widget_type=\"text-editor.default\">\n\t\t\t\t<div class=\"elementor-widget-container\">\n\t\t\t\t\t\t\t\t\t<p><strong>Datum stupanja na snagu\/a\u017euriranja:<\/strong> 05.08.2024<\/p><p><strong>1. \u0160ta je kola\u010di\u0107?<\/strong><\/p><p>Kola\u010di\u0107i su male datoteke s podacima koje web stranice \u0161alju va\u0161em pretra\u017eiva\u010du i pohranjuju na va\u0161em ure\u0111aju. Ove datoteke omogu\u0107avaju va\u0161em pretra\u017eiva\u010du da prepozna web stranicu kada je ponovo posjetite i personalizira va\u0161e korisni\u010dko iskustvo pamte\u0107i va\u0161e postavke iz prethodnih posjeta.<\/p><p><strong>2. Svrhe upotrebe kola\u010di\u0107a<\/strong><\/p><p>Hostragons koristi kola\u010di\u0107e u sljede\u0107e svrhe:<\/p><ul><li class=\"translation-block\"><strong>Obavezni kola\u010di\u0107i:<\/strong> Neophodni da bi stranica obavljala svoje osnovne funkcije.<\/li><li><strong>Kola\u010di\u0107i performansi:<\/strong> Koristi se za pra\u0107enje i pobolj\u0161anje performansi stranice.<\/li><li class=\"translation-block\"><strong>Funkcionalni kola\u010di\u0107i:<\/strong> Pru\u017eaju personalizirano iskustvo pam\u0107enjem korisni\u010dkih preferencija.<\/li><li class=\"translation-block\"><strong>Kola\u010di\u0107i za ogla\u0161avanje i marketing:<\/strong> Koriste se za isporuku sadr\u017eaja i reklama prilago\u0111enih va\u0161im interesima.<\/li><\/ul><p><strong>3. Kola\u010di\u0107i tre\u0107e strane<\/strong><\/p><p>Nekim kola\u010di\u0107ima na na\u0161oj web stranici upravljaju pru\u017eatelji usluga tre\u0107ih strana. Ovi kola\u010di\u0107i se koriste za reklamne i analiti\u010dke usluge i podlije\u017eu vlastitim politikama privatnosti tre\u0107ih strana. Preporu\u010dujemo vam da pregledate politike privatnosti ovih pru\u017eatelja usluga za vi\u0161e informacija o njihovoj upotrebi kola\u010di\u0107a tre\u0107ih strana.<\/p><p><strong>4. Kontrola i brisanje kola\u010di\u0107a<\/strong><\/p><p>Mo\u017eete upravljati, prihvatiti ili odbiti kola\u010di\u0107e putem postavki va\u0161eg pretra\u017eiva\u010da. Tako\u0111er mo\u017eete izbrisati kola\u010di\u0107e koji su prethodno sa\u010duvani u va\u0161em pretra\u017eiva\u010du. Za vi\u0161e informacija o tome kako upravljati kola\u010di\u0107ima, mo\u017eete pogledati upute specifi\u010dne za preglednik koji koristite:<\/p><ul><li><a target=\"_new\" rel=\"noreferrer\">Google Chrome<\/a><\/li><li><a href=\"https:\/\/support.mozilla.org\/tr\/kb\/cerezleri-silme\" target=\"_new\" rel=\"noreferrer noopener\">Mozilla Firefox<\/a><\/li><li><a href=\"https:\/\/support.apple.com\/tr-tr\/guide\/safari\/sfri11471\/mac\" target=\"_new\" rel=\"noreferrer noopener\">Safari<\/a><\/li><li><a href=\"https:\/\/support.microsoft.com\/tr-tr\/help\/4027947\/microsoft-edge-delete-cookies\" target=\"_new\" rel=\"noreferrer noopener\">Microsoft Edge<\/a><\/li><\/ul><p class=\"translation-block\">5. Promjene politike kola\u010di\u0107a<\/p><p>Hostragons zadr\u017eava pravo promjene politike kola\u010di\u0107a. Sve promjene na\u0161e politike bit \u0107e a\u017eurirane na ovoj stranici i stupit \u0107e na snagu. Preporu\u010dujemo korisnicima da budu informirani o svim promjenama tako \u0161to \u0107e redovno provjeravati ovu stranicu.<\/p><p><strong>6. Komunikacija<\/strong><\/p><p>Za pitanja o ovoj politici kola\u010di\u0107a <a rel=\"noreferrer\">hello@hostragons.com<\/a> Mo\u017eete nas kontaktirati na.<\/p>\t\t\t\t\t\t\t\t<\/div>\n\t\t\t\t<\/div>\n\t\t\t\t\t<\/div>\n\t\t<\/div>\n\t\t\t\t\t<\/div>\n\t\t<\/section>\n\t\t\t\t<\/div>","protected":false},"excerpt":{"rendered":"<p>Y\u00fcr\u00fcrl\u00fck\/G\u00fcncelleme Tarihi: 05.08.2024 1. \u00c7erez (Cookie) Nedir? \u00c7erezler, web siteleri taraf\u0131ndan taray\u0131c\u0131n\u0131za g\u00f6nderilen ve cihaz\u0131n\u0131zda depolanan k\u00fc\u00e7\u00fck veri dosyalar\u0131d\u0131r. Bu dosyalar, siteyi tekrar ziyaret etti\u011finizde taray\u0131c\u0131n\u0131z\u0131n web sitesini tan\u0131mas\u0131n\u0131 sa\u011flar ve \u00f6nceki ziyaretlerinizdeki tercihlerinizi hat\u0131rlayarak kullan\u0131c\u0131 deneyiminizi ki\u015fiselle\u015ftirir. 2. \u00c7erezlerin Kullan\u0131m Ama\u00e7lar\u0131 Hostragons, a\u015fa\u011f\u0131daki ama\u00e7lar do\u011frultusunda \u00e7erezleri kullan\u0131r: Zorunlu \u00c7erezler: Sitenin temel i\u015flevlerini yerine getirebilmesi [&hellip;]<\/p>\n","protected":false},"author":94,"featured_media":7852,"parent":0,"menu_order":0,"comment_status":"closed","ping_status":"closed","template":"","meta":{"googlesitekit_rrm_CAow5YvFDA:productID":"","footnotes":""},"class_list":["post-2358","page","type-page","status-publish","has-post-thumbnail","hentry"],"_links":{"self":[{"href":"https:\/\/www.hostragons.com\/bs\/wp-json\/wp\/v2\/pages\/2358","targetHints":{"allow":["GET"]}}],"collection":[{"href":"https:\/\/www.hostragons.com\/bs\/wp-json\/wp\/v2\/pages"}],"about":[{"href":"https:\/\/www.hostragons.com\/bs\/wp-json\/wp\/v2\/types\/page"}],"author":[{"embeddable":true,"href":"https:\/\/www.hostragons.com\/bs\/wp-json\/wp\/v2\/users\/94"}],"replies":[{"embeddable":true,"href":"https:\/\/www.hostragons.com\/bs\/wp-json\/wp\/v2\/comments?post=2358"}],"version-history":[{"count":0,"href":"https:\/\/www.hostragons.com\/bs\/wp-json\/wp\/v2\/pages\/2358\/revisions"}],"wp:featuredmedia":[{"embeddable":true,"href":"https:\/\/www.hostragons.com\/bs\/wp-json\/wp\/v2\/media\/7852"}],"wp:attachment":[{"href":"https:\/\/www.hostragons.com\/bs\/wp-json\/wp\/v2\/media?parent=2358"}],"curies":[{"name":"radni list","href":"https:\/\/api.w.org\/{rel}","templated":true}]}}