{"id":2031,"date":"2020-09-08T16:09:39","date_gmt":"2020-09-08T13:09:39","guid":{"rendered":"https:\/\/www.hostragons.com\/?page_id=2031"},"modified":"2024-09-26T17:52:04","modified_gmt":"2024-09-26T14:52:04","slug":"politika-privatnosti","status":"publish","type":"page","link":"https:\/\/www.hostragons.com\/bs\/politika-privatnosti\/","title":{"rendered":"Politika privatnosti"},"content":{"rendered":"<div data-elementor-type=\"wp-page\" data-elementor-id=\"2031\" class=\"elementor elementor-2031\" data-elementor-post-type=\"page\">\n\t\t\t\t\t\t<section class=\"elementor-section elementor-top-section elementor-element elementor-element-91e4b54 elementor-section-boxed elementor-section-height-default elementor-section-height-default\" data-id=\"91e4b54\" data-element_type=\"section\" data-e-type=\"section\">\n\t\t\t\t\t\t<div class=\"elementor-container elementor-column-gap-default\">\n\t\t\t\t\t<div class=\"elementor-column elementor-col-100 elementor-top-column elementor-element elementor-element-0774a31\" data-id=\"0774a31\" data-element_type=\"column\" data-e-type=\"column\">\n\t\t\t<div class=\"elementor-widget-wrap elementor-element-populated\">\n\t\t\t\t\t\t<div class=\"elementor-element elementor-element-830efa2 elementor-widget elementor-widget-text-editor\" data-id=\"830efa2\" data-element_type=\"widget\" data-e-type=\"widget\" data-widget_type=\"text-editor.default\">\n\t\t\t\t<div class=\"elementor-widget-container\">\n\t\t\t\t\t\t\t\t\t<p><strong>Datum stupanja na snagu\/a\u017euriranje: 05.08.2024<\/strong><\/p><p><strong>1. Uvod<\/strong><\/p><p>Hostragons Global Limited (\u201cHostragons\u201d) ozbiljno shvata privatnost na\u0161ih korisnika i za\u0161titu njihovih li\u010dnih podataka. Ova Politika privatnosti i uskla\u0111enosti sa GDPR-om obja\u0161njava kako se li\u010dni podaci prikupljaju, koriste, \u0161tite i upravljaju prema GDPR-u. Kori\u0161tenjem na\u0161e web stranice i usluga, smatra se da ste prihvatili ovu politiku.<\/p><p><strong>2. Kontrolor podataka i predstavnik<\/strong><\/p><p>Hostragons je kontrolor podataka odgovoran za za\u0161titu va\u0161ih li\u010dnih podataka. Na\u0161 predstavnik u Evropskoj uniji:<\/p><ul><li><strong>Predstavnik za za\u0161titu podataka:<\/strong> Kvebe\u010dki zakon o privatnosti.<\/li><\/ul><p><strong>3. Osnovni principi obrade podataka<\/strong><\/p><p>U Hostragonsu se pridr\u017eavamo sljede\u0107ih osnovnih principa u skladu sa zahtjevima GDPR-a:<\/p><ul><li class=\"translation-block\"><strong>Transparentnost:<\/strong> Jasno navodimo kako prikupljamo i obra\u0111ujemo va\u0161e li\u010dne podatke.<\/li><li class=\"translation-block\"><strong>Preciznost:<\/strong> Va\u0161e podatke odr\u017eavamo ta\u010dnim i a\u017eurnim.<\/li><li class=\"translation-block\"><strong>Minimiziranje:<\/strong> Prikupljamo i obra\u0111ujemo samo potrebne podatke.<\/li><li class=\"translation-block\"><strong>Ograni\u010denje zadr\u017eavanja:<\/strong> Va\u0161e podatke \u010duvamo samo onoliko dugo koliko je potrebno.<\/li><\/ul><p><strong>4. Prikupljene informacije<\/strong><\/p><p>Hostragons prikuplja sljede\u0107e li\u010dne podatke:<\/p><ul><li class=\"translation-block\"><strong>Podaci o identitetu:<\/strong> Ime, prezime, adresa, broj telefona, e-mail adresa.<\/li><li class=\"translation-block\"><strong>Informacije o pla\u0107anju:<\/strong> podaci o kreditnoj kartici i detalji pla\u0107anja.<\/li><li class=\"translation-block\"><strong>Tehni\u010dki podaci:<\/strong> IP adresa, tip pretra\u017eiva\u010da, operativni sistem.<\/li><li class=\"translation-block\"><strong>Pona\u0161anje korisnika:<\/strong> Korisni\u010dke postavke, kretanja na stranici.<\/li><\/ul><p><strong>5. Upotreba li\u010dnih podataka<\/strong><\/p><p>Prikupljeni li\u010dni podaci koriste se u sljede\u0107e svrhe:<\/p><ul><li>Pru\u017eanje i upravljanje uslugama.<\/li><li>Usluge korisni\u010dke podr\u0161ke i komunikacija.<\/li><li>Transakcije faktura i priprema pravnih dokumenata.<\/li><li>Pobolj\u0161anje performansi na\u0161e web stranice i korisni\u010dkog iskustva.<\/li><li>Po\u0161tovanje zakonskih obaveza i odbrana prava.<\/li><li>Marketin\u0161ke i promotivne aktivnosti.<\/li><\/ul><p><strong>6. Period skladi\u0161tenja li\u010dnih podataka<\/strong><\/p><p>Va\u0161e li\u010dne podatke \u010duvamo samo onoliko dugo koliko je potrebno za potrebe na\u0161e obrade. Mo\u017eete nas kontaktirati kako biste dobili informacije o tome koliko dugo \u010duvamo va\u0161e podatke i kako se taj period odre\u0111uje.<\/p><p><strong>7. Informacije o pla\u0107anju i sigurnost<\/strong><\/p><ul><li>Va\u0161a kreditna kartica i podaci o pla\u0107anju za\u0161ti\u0107eni su sigurnosnim mjerama kao \u0161to je 256-bitni SSL certifikat.<\/li><li>Podaci o va\u0161oj kartici se prenose \u0161ifrirani i Hostragons ih ne pohranjuje.<\/li><li>Poduzimaju se mjere opreza protiv mogu\u0107eg zlonamjernog softvera uz pomo\u0107 dodatnih sigurnosnih alata.<\/li><\/ul><p><strong>8. Kola\u010di\u0107i i tehnologije pra\u0107enja<\/strong><\/p><p class=\"translation-block\">Na\u0161a web stranica koristi kola\u010di\u0107e i tehnologije pra\u0107enja kako bi pobolj\u0161ala korisni\u010dko iskustvo i razumjela kako se na\u0161a web stranica koristi. Vi\u0161e informacija o kola\u010di\u0107ima i na\u010dinu upravljanja njima mo\u017eete prona\u0107i na <a href=\"https:\/\/www.hostragons.com\/bs\/politika-kolacica\/\" target=\"_new\" rel=\"noreferrer\">na\u0161oj stranici Pravila o kola\u010di\u0107ima<\/a> .<\/p><p><strong>9. Dijeljenje li\u010dnih podataka<\/strong><\/p><ul><li>Va\u0161i li\u010dni podaci se dijele samo s tre\u0107im licima kada je to potrebno za pru\u017eanje na\u0161ih usluga.<\/li><li>Va\u0161e podatke mo\u017eemo dijeliti u skladu sa zakonskim obavezama ili sudskim nalozima.<\/li><li>Dijeljenje podataka s tre\u0107im stranama odvijat \u0107e se samo uz va\u0161 pristanak.<\/li><\/ul><p><strong>10. Korisni\u010dka prava<\/strong><\/p><p>Prema GDPR-u, korisnici imaju sljede\u0107a prava:<\/p><ul><li>Pravo pristupa, ispravljanja ili brisanja li\u010dnih podataka.<\/li><li>Pravo na prigovor na obradu podataka i prenosivost podataka.<\/li><li>Pravo na povla\u010denje saglasnosti u bilo kom trenutku.<\/li><\/ul><p><strong>11. Procjena uticaja na za\u0161titu podataka (DPIA)<\/strong><\/p><p>Procjena uticaja na za\u0161titu podataka provodi se za aktivnosti obrade podataka visokog rizika. Mo\u017eete nas kontaktirati kako biste dobili vi\u0161e informacija o DPIA procesu.<\/p><p><strong>12. Me\u0111unarodni prijenos podataka<\/strong><\/p><p>Poduzimamo potrebne mjere za\u0161tite prilikom prijenosa va\u0161ih li\u010dnih podataka izvan EU. Mo\u017eete nas kontaktirati za vi\u0161e informacija o me\u0111unarodnom prijenosu podataka.<\/p><p><strong>13. Obavijest o kr\u0161enju podataka<\/strong><\/p><p>U slu\u010daju povrede podataka, odmah obavje\u0161tavamo nadle\u017ene organe i pogo\u0111ene pojedince. Mo\u017eete nas kontaktirati kako biste saznali vi\u0161e o na\u0161im procedurama za kr\u0161enje podataka.<\/p><p><strong>14. Promjene ugovora<\/strong><\/p><p>Ova politika se mo\u017ee a\u017eurirati s vremena na vrijeme. Sve izmjene koje treba izvr\u0161iti bi\u0107e objavljene na ovoj stranici i bi\u0107e navedene s datumom stupanja na snagu. Korisnicima se preporu\u010duje da redovno provjeravaju ovu stranicu kako bi bili informirani o svim promjenama.<\/p>\t\t\t\t\t\t\t\t<\/div>\n\t\t\t\t<\/div>\n\t\t\t\t\t<\/div>\n\t\t<\/div>\n\t\t\t\t\t<\/div>\n\t\t<\/section>\n\t\t\t\t<\/div>","protected":false},"excerpt":{"rendered":"<p>Y\u00fcr\u00fcrl\u00fck\/G\u00fcncelleme Tarihi: 05.08.2024 1. Giri\u015f Hostragons Global Limited (&#8220;Hostragons&#8221; olarak an\u0131lacakt\u0131r), kullan\u0131c\u0131lar\u0131m\u0131z\u0131n gizlili\u011fini ve ki\u015fisel verilerinin korunmas\u0131n\u0131 ciddiye al\u0131r. Bu Gizlilik ve GDPR Uyum Politikas\u0131, ki\u015fisel verilerin nas\u0131l topland\u0131\u011f\u0131n\u0131, kullan\u0131ld\u0131\u011f\u0131n\u0131, korundu\u011funu ve GDPR kapsam\u0131nda nas\u0131l y\u00f6netildi\u011fini a\u00e7\u0131klar. Web sitemizi ve hizmetlerimizi kullanarak, bu politikay\u0131 kabul etmi\u015f say\u0131l\u0131rs\u0131n\u0131z. 2. Veri Sorumlusu ve Temsilcisi Hostragons, ki\u015fisel verilerinizi [&hellip;]<\/p>\n","protected":false},"author":94,"featured_media":7854,"parent":0,"menu_order":0,"comment_status":"closed","ping_status":"closed","template":"","meta":{"googlesitekit_rrm_CAow5YvFDA:productID":"","footnotes":""},"class_list":["post-2031","page","type-page","status-publish","has-post-thumbnail","hentry"],"_links":{"self":[{"href":"https:\/\/www.hostragons.com\/bs\/wp-json\/wp\/v2\/pages\/2031","targetHints":{"allow":["GET"]}}],"collection":[{"href":"https:\/\/www.hostragons.com\/bs\/wp-json\/wp\/v2\/pages"}],"about":[{"href":"https:\/\/www.hostragons.com\/bs\/wp-json\/wp\/v2\/types\/page"}],"author":[{"embeddable":true,"href":"https:\/\/www.hostragons.com\/bs\/wp-json\/wp\/v2\/users\/94"}],"replies":[{"embeddable":true,"href":"https:\/\/www.hostragons.com\/bs\/wp-json\/wp\/v2\/comments?post=2031"}],"version-history":[{"count":0,"href":"https:\/\/www.hostragons.com\/bs\/wp-json\/wp\/v2\/pages\/2031\/revisions"}],"wp:featuredmedia":[{"embeddable":true,"href":"https:\/\/www.hostragons.com\/bs\/wp-json\/wp\/v2\/media\/7854"}],"wp:attachment":[{"href":"https:\/\/www.hostragons.com\/bs\/wp-json\/wp\/v2\/media?parent=2031"}],"curies":[{"name":"radni list","href":"https:\/\/api.w.org\/{rel}","templated":true}]}}