{"id":3066,"date":"2021-05-15T12:38:15","date_gmt":"2021-05-15T09:38:15","guid":{"rendered":"https:\/\/www.hostragons.com\/?page_id=3066"},"modified":"2025-01-20T18:59:20","modified_gmt":"2025-01-20T18:59:20","slug":"%e0%a6%b8%e0%a7%87%e0%a6%ac%e0%a6%be-%e0%a6%aa%e0%a7%8d%e0%a6%b2%e0%a6%be%e0%a6%97%e0%a6%87%e0%a6%a8","status":"publish","type":"page","link":"https:\/\/www.hostragons.com\/bn\/%e0%a6%b8%e0%a7%87%e0%a6%ac%e0%a6%be-%e0%a6%aa%e0%a7%8d%e0%a6%b2%e0%a6%be%e0%a6%97%e0%a6%87%e0%a6%a8\/","title":{"rendered":"\u09aa\u09b0\u09bf\u09b7\u09c7\u09ac\u09be \u09b8\u0982\u09af\u09cb\u099c\u09a8"},"content":{"rendered":"<div data-elementor-type=\"wp-page\" data-elementor-id=\"3066\" class=\"elementor elementor-3066\" data-elementor-post-type=\"page\">\n\t\t\t\t\t\t<section class=\"elementor-section elementor-top-section elementor-element elementor-element-0b85687 elementor-section-boxed elementor-section-height-default elementor-section-height-default\" data-id=\"0b85687\" data-element_type=\"section\" data-e-type=\"section\">\n\t\t\t\t\t\t<div class=\"elementor-container elementor-column-gap-default\">\n\t\t\t\t\t<div class=\"elementor-column elementor-col-100 elementor-top-column elementor-element elementor-element-139c681\" data-id=\"139c681\" data-element_type=\"column\" data-e-type=\"column\">\n\t\t\t<div class=\"elementor-widget-wrap elementor-element-populated\">\n\t\t\t\t\t\t<div class=\"elementor-element elementor-element-d44e9b9 elementor-button-info elementor-align-center elementor-widget elementor-widget-button\" data-id=\"d44e9b9\" data-element_type=\"widget\" data-e-type=\"widget\" data-widget_type=\"button.default\">\n\t\t\t\t<div class=\"elementor-widget-container\">\n\t\t\t\t\t\t\t\t\t<div class=\"elementor-button-wrapper\">\n\t\t\t\t\t<a class=\"elementor-button elementor-button-link elementor-size-sm\" href=\"#\">\n\t\t\t\t\t\t<span class=\"elementor-button-content-wrapper\">\n\t\t\t\t\t\t\t\t\t<span class=\"elementor-button-text\">\u09af\u09a6\u09bf \u09aa\u09cd\u09b2\u09be\u0997\u0987\u09a8 \u09b8\u09ae\u09cd\u09aa\u09b0\u09cd\u0995\u09c7 \u0986\u09aa\u09a8\u09be\u09b0 \u09a7\u09be\u09b0\u09a3\u09be \u09a8\u09be \u09a5\u09be\u0995\u09c7, \u09a4\u09ac\u09c7 \u0995\u09cd\u09b0\u09af\u09bc\u09c7\u09b0 \u0986\u0997\u09c7 \u0986\u09ae\u09be\u09a6\u09c7\u09b0 \u09b8\u09be\u09a5\u09c7 \u09af\u09cb\u0997\u09be\u09af\u09cb\u0997 \u0995\u09b0\u09c1\u09a8 \u098f\u09ac\u0982 \u0986\u09aa\u09a8\u09be\u09b0 \u09aa\u09b0\u09bf\u09b7\u09c7\u09ac\u09be\u09b0 \u09b8\u09be\u09a5\u09c7 \u09b8\u09be\u09ae\u099e\u09cd\u099c\u09b8\u09cd\u09af\u09aa\u09c2\u09b0\u09cd\u09a3 \u09aa\u09cd\u09b2\u09be\u0997\u0987\u09a8\u0997\u09c1\u09b2\u09bf \u09b8\u09ae\u09cd\u09aa\u09b0\u09cd\u0995\u09c7 \u099c\u09be\u09a8\u09c1\u09a8\u0964<\/span>\n\t\t\t\t\t<\/span>\n\t\t\t\t\t<\/a>\n\t\t\t\t<\/div>\n\t\t\t\t\t\t\t\t<\/div>\n\t\t\t\t<\/div>\n\t\t\t\t\t<\/div>\n\t\t<\/div>\n\t\t\t\t\t<\/div>\n\t\t<\/section>\n\t\t\t\t<section class=\"elementor-section elementor-top-section elementor-element elementor-element-9da7ed5 elementor-section-boxed elementor-section-height-default elementor-section-height-default\" data-id=\"9da7ed5\" data-element_type=\"section\" data-e-type=\"section\">\n\t\t\t\t\t\t<div class=\"elementor-container elementor-column-gap-default\">\n\t\t\t\t\t<div class=\"elementor-column elementor-col-100 elementor-top-column elementor-element elementor-element-82aa99e\" data-id=\"82aa99e\" data-element_type=\"column\" data-e-type=\"column\">\n\t\t\t<div class=\"elementor-widget-wrap elementor-element-populated\">\n\t\t\t\t\t\t<div class=\"elementor-element elementor-element-b50bcd5 elementor-widget elementor-widget-wdes_table\" data-id=\"b50bcd5\" data-element_type=\"widget\" data-e-type=\"widget\" data-widget_type=\"wdes_table.default\">\n\t\t\t\t<div class=\"elementor-widget-container\">\n\t\t\t\t\t<div class=\"elementor-wdes_table wdes-elements\"><div class=\"wdes-table-wrapper\"><table class=\"wdes-table\"><thead class=\"wdes-table-head\"><tr class=\"wdes-table-head-row\"><th class=\"wdes-table-cell elementor-repeater-item-f979779 wdes-table-head-cell\" scope=\"col\"><div class=\"wdes-table-cell-inner\"><div class=\"wdes-table-cell-content\"><div class=\"wdes-table-cell-text\">\u09b8\u09c7\u09ac\u09be<\/div><\/div><\/div><\/th><th class=\"wdes-table-cell elementor-repeater-item-ca410f0 wdes-table-head-cell\" scope=\"col\"><div class=\"wdes-table-cell-inner\"><div class=\"wdes-table-cell-content\"><div class=\"wdes-table-cell-text\">\u09ae\u09c2\u09b2\u09cd\u09af \u09a8\u09bf\u09b0\u09cd\u09a7\u09be\u09b0\u09a3<\/div><\/div><\/div><\/th><th class=\"wdes-table-cell elementor-repeater-item-2f15c50 wdes-table-head-cell\" scope=\"col\"><div class=\"wdes-table-cell-inner\"><div class=\"wdes-table-cell-content\"><div class=\"wdes-table-cell-text\">\u0995\u09bf\u09a8\u09c1\u09a8<\/div><\/div><\/div><\/th><\/tr><\/thead><tbody class=\"wdes-table-body\"><tr class=\"wdes-table-body-row elementor-repeater-item-b3ab3e8\"><th class=\"wdes-table-cell elementor-repeater-item-7ef589e wdes-table-head-cell\" scope=\"row\"><div class=\"wdes-table-cell-inner\"><div class=\"wdes-table-cell-content\"><div class=\"wdes-table-cell-text\">\u098f\u0995\u0995 \u09b2\u09c7\u09a8\u09a6\u09c7\u09a8 \u09b8\u09b9\u09be\u09af\u09bc\u09a4\u09be \u09aa\u09cd\u09af\u09be\u0995\u09c7\u099c<\/div><\/div><\/div><\/th><td class=\"wdes-table-cell elementor-repeater-item-9030ecb wdes-table-body-cell\"><div class=\"wdes-table-cell-inner\"><div class=\"wdes-table-cell-content\"><div class=\"wdes-table-cell-text\">$5<\/div><\/div><\/div><\/td><td class=\"wdes-table-cell elementor-repeater-item-001861d wdes-table-body-cell\"><a class=\"wdes-table-cell-inner wdes-table-cell-link\" href=\"https:\/\/my.hostragons.com\/store\/additional-services\/single-support-package\" rel=\"noopener\"><div class=\"wdes-table-cell-content\"><span class=\"wdes-elements-icon wdes-table-cell-icon wdes-table-cell-icon-before\"><i class=\"fas fa-shopping-cart\"><\/i><\/span><div class=\"wdes-table-cell-text\">\u0995\u09bf\u09a8\u09c1\u09a8<\/div><\/div><\/a><\/td><\/tr><tr class=\"wdes-table-body-row elementor-repeater-item-55526c2\"><th class=\"wdes-table-cell elementor-repeater-item-fcfcbb1 wdes-table-head-cell\" scope=\"row\"><div class=\"wdes-table-cell-inner\"><div class=\"wdes-table-cell-content\"><div class=\"wdes-table-cell-text\">\u09b2\u09c7\u09ad\u09c7\u09b2 1 \u09b8\u09b9\u09be\u09af\u09bc\u09a4\u09be \u09aa\u09cd\u09af\u09be\u0995\u09c7\u099c<\/div><\/div><\/div><\/th><td class=\"wdes-table-cell elementor-repeater-item-92a49c0 wdes-table-body-cell\"><div class=\"wdes-table-cell-inner\"><div class=\"wdes-table-cell-content\"><div class=\"wdes-table-cell-text\">$10<\/div><\/div><\/div><\/td><td class=\"wdes-table-cell elementor-repeater-item-ba2abfa wdes-table-body-cell\"><a class=\"wdes-table-cell-inner wdes-table-cell-link\" href=\"https:\/\/my.hostragons.com\/store\/additional-services\/level-1-support-package\" rel=\"noopener\"><div class=\"wdes-table-cell-content\"><span class=\"wdes-elements-icon wdes-table-cell-icon wdes-table-cell-icon-before\"><i class=\"fas fa-shopping-cart\"><\/i><\/span><div class=\"wdes-table-cell-text\">\u0995\u09bf\u09a8\u09c1\u09a8<\/div><\/div><\/a><\/td><\/tr><tr class=\"wdes-table-body-row elementor-repeater-item-567b5bb\"><th class=\"wdes-table-cell elementor-repeater-item-1eba046 wdes-table-head-cell\" scope=\"row\"><div class=\"wdes-table-cell-inner\"><div class=\"wdes-table-cell-content\"><div class=\"wdes-table-cell-text\">\u09b2\u09c7\u09ad\u09c7\u09b2 2 \u09b8\u09b9\u09be\u09af\u09bc\u09a4\u09be \u09aa\u09cd\u09af\u09be\u0995\u09c7\u099c<\/div><\/div><\/div><\/th><td class=\"wdes-table-cell elementor-repeater-item-e9aa228 wdes-table-body-cell\"><div class=\"wdes-table-cell-inner\"><div class=\"wdes-table-cell-content\"><div class=\"wdes-table-cell-text\">$15<\/div><\/div><\/div><\/td><td class=\"wdes-table-cell elementor-repeater-item-1374372 wdes-table-body-cell\"><a class=\"wdes-table-cell-inner wdes-table-cell-link\" href=\"https:\/\/my.hostragons.com\/store\/additional-services\/level-2-support-package\" rel=\"noopener\"><div class=\"wdes-table-cell-content\"><span class=\"wdes-elements-icon wdes-table-cell-icon wdes-table-cell-icon-before\"><i class=\"fas fa-shopping-cart\"><\/i><\/span><div class=\"wdes-table-cell-text\">\u0995\u09bf\u09a8\u09c1\u09a8<\/div><\/div><\/a><\/td><\/tr><tr class=\"wdes-table-body-row elementor-repeater-item-87608a8\"><th class=\"wdes-table-cell elementor-repeater-item-01df3dd wdes-table-head-cell\" scope=\"row\"><div class=\"wdes-table-cell-inner\"><div class=\"wdes-table-cell-content\"><div class=\"wdes-table-cell-text\">\u09b2\u09c7\u09ad\u09c7\u09b2 3 \u09b8\u09b9\u09be\u09af\u09bc\u09a4\u09be \u09aa\u09cd\u09af\u09be\u0995\u09c7\u099c<\/div><\/div><\/div><\/th><td class=\"wdes-table-cell elementor-repeater-item-2533846 wdes-table-body-cell\"><div class=\"wdes-table-cell-inner\"><div class=\"wdes-table-cell-content\"><div class=\"wdes-table-cell-text\">$25<\/div><\/div><\/div><\/td><td class=\"wdes-table-cell elementor-repeater-item-4366b0a wdes-table-body-cell\"><a class=\"wdes-table-cell-inner wdes-table-cell-link\" href=\"https:\/\/my.hostragons.com\/store\/additional-services\/level-3-support-package\" rel=\"noopener\"><div class=\"wdes-table-cell-content\"><span class=\"wdes-elements-icon wdes-table-cell-icon wdes-table-cell-icon-before\"><i class=\"fas fa-shopping-cart\"><\/i><\/span><div class=\"wdes-table-cell-text\">\u0995\u09bf\u09a8\u09c1\u09a8<\/div><\/div><\/a><\/td><\/tr><tr class=\"wdes-table-body-row elementor-repeater-item-3b19652\"><th class=\"wdes-table-cell elementor-repeater-item-7fd6b66 wdes-table-head-cell\" scope=\"row\"><div class=\"wdes-table-cell-inner\"><div class=\"wdes-table-cell-content\"><div class=\"wdes-table-cell-text\">\u0989\u09a8\u09cd\u09a8\u09a4 \u09b8\u09cd\u09a4\u09b0\u09c7\u09b0 \u09b8\u09b9\u09be\u09af\u09bc\u09a4\u09be \u09aa\u09cd\u09af\u09be\u0995\u09c7\u099c<\/div><\/div><\/div><\/th><td class=\"wdes-table-cell elementor-repeater-item-5758d22 wdes-table-body-cell\"><div class=\"wdes-table-cell-inner\"><div class=\"wdes-table-cell-content\"><div class=\"wdes-table-cell-text\">$50<\/div><\/div><\/div><\/td><td class=\"wdes-table-cell elementor-repeater-item-99d2f56 wdes-table-body-cell\"><a class=\"wdes-table-cell-inner wdes-table-cell-link\" href=\"https:\/\/my.hostragons.com\/store\/additional-services\/advanced-level-support\" rel=\"noopener\"><div class=\"wdes-table-cell-content\"><span class=\"wdes-elements-icon wdes-table-cell-icon wdes-table-cell-icon-before\"><i class=\"fas fa-shopping-cart\"><\/i><\/span><div class=\"wdes-table-cell-text\">\u0995\u09bf\u09a8\u09c1\u09a8<\/div><\/div><\/a><\/td><\/tr><tr class=\"wdes-table-body-row elementor-repeater-item-646b715\"><th class=\"wdes-table-cell elementor-repeater-item-c4829c7 wdes-table-head-cell\" scope=\"row\"><div class=\"wdes-table-cell-inner\"><div class=\"wdes-table-cell-content\"><div class=\"wdes-table-cell-text\">\u09aa\u09c7\u09b6\u09be\u09a6\u09be\u09b0 \u09b8\u09b9\u09be\u09af\u09bc\u09a4\u09be \u09aa\u09cd\u09af\u09be\u0995\u09c7\u099c<\/div><\/div><\/div><\/th><td class=\"wdes-table-cell elementor-repeater-item-6649618 wdes-table-body-cell\"><div class=\"wdes-table-cell-inner\"><div class=\"wdes-table-cell-content\"><div class=\"wdes-table-cell-text\">$100<\/div><\/div><\/div><\/td><td class=\"wdes-table-cell elementor-repeater-item-a23b1a0 wdes-table-body-cell\"><a class=\"wdes-table-cell-inner wdes-table-cell-link\" href=\"https:\/\/my.hostragons.com\/store\/additional-services\/professional-support\" rel=\"noopener\"><div class=\"wdes-table-cell-content\"><span class=\"wdes-elements-icon wdes-table-cell-icon wdes-table-cell-icon-before\"><i class=\"fas fa-shopping-cart\"><\/i><\/span><div class=\"wdes-table-cell-text\">\u0995\u09bf\u09a8\u09c1\u09a8<\/div><\/div><\/a><\/td><\/tr><\/tbody><\/table><\/div><\/div>\t\t\t\t<\/div>\n\t\t\t\t<\/div>\n\t\t\t\t\t<\/div>\n\t\t<\/div>\n\t\t\t\t\t<\/div>\n\t\t<\/section>\n\t\t\t\t<\/div>","protected":false},"excerpt":{"rendered":"<p>Eklentiler konusunda bilginiz yoksa l\u00fctfen sat\u0131n almadan \u00f6nce bizimle ileti\u015fime ge\u00e7erek hizmetinizle uyumlu eklentileri \u00f6\u011freniniz. Hizmet \u00dccretlendirme Sat\u0131n Al Tek \u0130\u015flem Destek Paketi $5 Sat\u0131n Al 1. Seviye Destek Paketi $10 Sat\u0131n Al 2. Seviye Destek Paketi $15 Sat\u0131n Al 3. Seviye Destek Paketi $25 Sat\u0131n Al \u0130leri Seviye Destek Paketi $50 Sat\u0131n Al Profesyonel [&hellip;]<\/p>\n","protected":false},"author":94,"featured_media":0,"parent":0,"menu_order":0,"comment_status":"closed","ping_status":"closed","template":"","meta":{"googlesitekit_rrm_CAow5YvFDA:productID":"","footnotes":""},"class_list":["post-3066","page","type-page","status-publish","hentry"],"_links":{"self":[{"href":"https:\/\/www.hostragons.com\/bn\/wp-json\/wp\/v2\/pages\/3066","targetHints":{"allow":["GET"]}}],"collection":[{"href":"https:\/\/www.hostragons.com\/bn\/wp-json\/wp\/v2\/pages"}],"about":[{"href":"https:\/\/www.hostragons.com\/bn\/wp-json\/wp\/v2\/types\/page"}],"author":[{"embeddable":true,"href":"https:\/\/www.hostragons.com\/bn\/wp-json\/wp\/v2\/users\/94"}],"replies":[{"embeddable":true,"href":"https:\/\/www.hostragons.com\/bn\/wp-json\/wp\/v2\/comments?post=3066"}],"version-history":[{"count":0,"href":"https:\/\/www.hostragons.com\/bn\/wp-json\/wp\/v2\/pages\/3066\/revisions"}],"wp:attachment":[{"href":"https:\/\/www.hostragons.com\/bn\/wp-json\/wp\/v2\/media?parent=3066"}],"curies":[{"name":"\u09a1\u09ac\u09cd\u09b2\u09bf\u0989\u09aa\u09bf","href":"https:\/\/api.w.org\/{rel}","templated":true}]}}