{"id":2358,"date":"2020-10-02T08:03:18","date_gmt":"2020-10-02T05:03:18","guid":{"rendered":"https:\/\/www.hostragons.com\/?page_id=2358"},"modified":"2025-03-25T09:07:38","modified_gmt":"2025-03-25T09:07:38","slug":"%e0%a6%95%e0%a7%81%e0%a6%95%e0%a6%bf-%e0%a6%a8%e0%a7%80%e0%a6%a4%e0%a6%bf","status":"publish","type":"page","link":"https:\/\/www.hostragons.com\/bn\/%e0%a6%95%e0%a7%81%e0%a6%95%e0%a6%bf-%e0%a6%a8%e0%a7%80%e0%a6%a4%e0%a6%bf\/","title":{"rendered":"\u0995\u09c1\u0995\u09bf \u09a8\u09c0\u09a4\u09bf"},"content":{"rendered":"<div data-elementor-type=\"wp-page\" data-elementor-id=\"2358\" class=\"elementor elementor-2358\" data-elementor-post-type=\"page\">\n\t\t\t\t\t\t<section class=\"elementor-section elementor-top-section elementor-element elementor-element-9da5eda elementor-section-boxed elementor-section-height-default elementor-section-height-default\" data-id=\"9da5eda\" data-element_type=\"section\" data-e-type=\"section\">\n\t\t\t\t\t\t<div class=\"elementor-container elementor-column-gap-default\">\n\t\t\t\t\t<div class=\"elementor-column elementor-col-100 elementor-top-column elementor-element elementor-element-a7228de\" data-id=\"a7228de\" data-element_type=\"column\" data-e-type=\"column\">\n\t\t\t<div class=\"elementor-widget-wrap elementor-element-populated\">\n\t\t\t\t\t\t<div class=\"elementor-element elementor-element-8bde4d6 elementor-widget elementor-widget-text-editor\" data-id=\"8bde4d6\" data-element_type=\"widget\" data-e-type=\"widget\" data-widget_type=\"text-editor.default\">\n\t\t\t\t<div class=\"elementor-widget-container\">\n\t\t\t\t\t\t\t\t\t<p><strong>\u0995\u09be\u09b0\u09cd\u09af\u0995\u09b0\/\u0986\u09aa\u09a1\u09c7\u099f \u09a4\u09be\u09b0\u09bf\u0996:<\/strong> 05.08.2024<\/p><p><strong>1. \u0995\u09c1\u0995\u09bf \u0995\u09c0?<\/strong><\/p><p>\u0995\u09c1\u0995\u09bf\u099c \u09b9\u09b2 \u099b\u09cb\u099f \u09a1\u09c7\u099f\u09be \u09ab\u09be\u0987\u09b2 \u09af\u09be \u0993\u09af\u09bc\u09c7\u09ac\u09b8\u09be\u0987\u099f\u0997\u09c1\u09b2\u09bf \u0986\u09aa\u09a8\u09be\u09b0 \u09ac\u09cd\u09b0\u09be\u0989\u099c\u09be\u09b0\u09c7 \u09aa\u09be\u09a0\u09be\u09af\u09bc \u098f\u09ac\u0982 \u0986\u09aa\u09a8\u09be\u09b0 \u09a1\u09bf\u09ad\u09be\u0987\u09b8\u09c7 \u09b8\u0982\u09b0\u0995\u09cd\u09b7\u09a3 \u0995\u09b0\u09c7\u0964 \u098f\u0987 \u09ab\u09be\u0987\u09b2\u0997\u09c1\u09b2\u09bf \u0986\u09aa\u09a8\u09be\u09b0 \u09ac\u09cd\u09b0\u09be\u0989\u099c\u09be\u09b0\u0995\u09c7 \u09b8\u09be\u0987\u099f\u099f\u09bf \u0986\u09ac\u09be\u09b0 \u09aa\u09b0\u09bf\u09a6\u09b0\u09cd\u09b6\u09a8 \u0995\u09b0\u09b2\u09c7 \u09b8\u09be\u0987\u099f\u099f\u09bf\u0995\u09c7 \u099a\u09bf\u09a8\u09a4\u09c7 \u09b8\u09b9\u09be\u09af\u09bc\u0995 \u09b9\u09af\u09bc \u098f\u09ac\u0982 \u09aa\u09c2\u09b0\u09cd\u09ac\u09ac\u09b0\u09cd\u09a4\u09c0 \u09aa\u09b0\u09bf\u09a6\u09b0\u09cd\u09b6\u09a8\u0997\u09c1\u09b2\u09bf\u09b0 \u09aa\u099b\u09a8\u09cd\u09a6\u0997\u09c1\u09b2\u09bf \u09ae\u09a8\u09c7 \u09b0\u09c7\u0996\u09c7 \u0986\u09aa\u09a8\u09be\u09b0 \u09ac\u09cd\u09af\u09ac\u09b9\u09be\u09b0\u0995\u09be\u09b0\u09c0\u09b0 \u0985\u09ad\u09bf\u099c\u09cd\u099e\u09a4\u09be\u099f\u09bf \u09ac\u09cd\u09af\u0995\u09cd\u09a4\u09bf\u0997\u09a4\u0995\u09c3\u09a4 \u0995\u09b0\u09c7\u0964<\/p><p><strong>\u0995\u09c1\u0995\u09bf\u099c \u09ac\u09cd\u09af\u09ac\u09b9\u09be\u09b0\u0995\u09be\u09b0\u09c0\u09b0 \u0985\u09ad\u09bf\u099c\u09cd\u099e\u09a4\u09be \u0989\u09a8\u09cd\u09a8\u09a4 \u0995\u09b0\u09a4\u09c7, \u0986\u09aa\u09a8\u09be\u09b0 \u09aa\u099b\u09a8\u09cd\u09a6\u0997\u09c1\u09b2\u09bf \u09ae\u09a8\u09c7 \u09b0\u09be\u0996\u09a4\u09c7 \u098f\u09ac\u0982 \u09b8\u09be\u0987\u099f\u09c7\u09b0 \u0995\u09b0\u09cd\u09ae\u0995\u09cd\u09b7\u09ae\u09a4\u09be \u09aa\u09b0\u09cd\u09af\u09ac\u09c7\u0995\u09cd\u09b7\u09a3 \u0995\u09b0\u09a4\u09c7 \u09ac\u09cd\u09af\u09ac\u09b9\u09c3\u09a4 \u09b9\u09af\u09bc\u0964<\/strong><\/p><p>Hostragons \u09a8\u09bf\u09ae\u09cd\u09a8\u09b2\u09bf\u0996\u09bf\u09a4 \u0989\u09a6\u09cd\u09a6\u09c7\u09b6\u09cd\u09af\u09c7 \u0995\u09c1\u0995\u09bf \u09ac\u09cd\u09af\u09ac\u09b9\u09be\u09b0 \u0995\u09b0\u09c7:<\/p><ul><li class=\"translation-block\"><strong>\u0986\u09ac\u09b6\u09cd\u09af\u0995 \u0995\u09c1\u0995\u09bf:<\/strong> \u09b8\u09be\u0987\u099f\u09c7\u09b0 \u09ae\u09cc\u09b2\u09bf\u0995 \u0995\u09be\u09b0\u09cd\u09af\u0995\u09be\u09b0\u09bf\u09a4\u09be \u09b8\u09ae\u09cd\u09aa\u09be\u09a6\u09a8 \u0995\u09b0\u09be\u09b0 \u099c\u09a8\u09cd\u09af \u098f\u099f\u09bf \u09aa\u09cd\u09b0\u09af\u09bc\u09cb\u099c\u09a8\u0964<\/li><li><strong>\u0995\u09b0\u09cd\u09ae\u0995\u09cd\u09b7\u09ae\u09a4\u09be \u0995\u09c1\u0995\u09bf\u099c:<\/strong> \u098f\u099f\u09bf \u09b8\u09be\u0987\u099f\u09c7\u09b0 \u0995\u09b0\u09cd\u09ae\u0995\u09cd\u09b7\u09ae\u09a4\u09be \u09a8\u09bf\u09b0\u09c0\u0995\u09cd\u09b7\u09a3 \u098f\u09ac\u0982 \u0989\u09a8\u09cd\u09a8\u09a4 \u0995\u09b0\u09a4\u09c7 \u09ac\u09cd\u09af\u09ac\u09b9\u09c3\u09a4 \u09b9\u09af\u09bc\u0964<\/li><li class=\"translation-block\"><strong>\u0995\u09be\u09b0\u09cd\u09af\u0995\u09b0\u09c0 \u0995\u09c1\u0995\u09bf:<\/strong> \u098f\u0997\u09c1\u09b2\u09bf \u09ac\u09cd\u09af\u09ac\u09b9\u09be\u09b0\u0995\u09be\u09b0\u09c0\u09b0 \u09aa\u099b\u09a8\u09cd\u09a6 \u09ae\u09a8\u09c7 \u09b0\u09be\u0996\u09c7 \u098f\u09ac\u0982 \u098f\u0995\u099f\u09bf \u09ac\u09cd\u09af\u0995\u09cd\u09a4\u09bf\u0997\u09a4 \u0985\u09ad\u09bf\u099c\u09cd\u099e\u09a4\u09be \u09aa\u09cd\u09b0\u09a6\u09be\u09a8 \u0995\u09b0\u09c7\u0964<\/li><li class=\"translation-block\"><strong>\u09ac\u09bf\u099c\u09cd\u099e\u09be\u09aa\u09a8 \u098f\u09ac\u0982 \u09ac\u09bf\u09aa\u09a3\u09a8 \u0995\u09c1\u0995\u09bf\u099c:<\/strong> \u0986\u09aa\u09a8\u09be\u09b0 \u0986\u0997\u09cd\u09b0\u09b9\u09c7\u09b0 \u0989\u09aa\u09b0 \u09ad\u09bf\u09a4\u09cd\u09a4\u09bf \u0995\u09b0\u09c7 \u09b8\u09be\u09ae\u0997\u09cd\u09b0\u09c0 \u098f\u09ac\u0982 \u09ac\u09bf\u099c\u09cd\u099e\u09be\u09aa\u09a8 \u09b8\u09b0\u09ac\u09b0\u09be\u09b9 \u0995\u09b0\u09a4\u09c7 \u09ac\u09cd\u09af\u09ac\u09b9\u09c3\u09a4 \u09b9\u09af\u09bc\u0964<\/li><\/ul><p><strong>\u0995\u09c1\u0995\u09bf\u099c \u0993\u09af\u09bc\u09c7\u09ac\u09b8\u09be\u0987\u099f\u0995\u09c7 \u0986\u09aa\u09a8\u09be\u09b0 \u09a1\u09bf\u09ad\u09be\u0987\u09b8\u09c7 \u099b\u09cb\u099f \u09a1\u09c7\u099f\u09be \u09ab\u09be\u0987\u09b2 \u09b8\u0982\u09b0\u0995\u09cd\u09b7\u09a3 \u0995\u09b0\u09a4\u09c7 \u09b8\u0995\u09cd\u09b7\u09ae \u0995\u09b0\u09c7\u0964<\/strong><\/p><p>\u0986\u09ae\u09be\u09a6\u09c7\u09b0 \u0993\u09af\u09bc\u09c7\u09ac\u09b8\u09be\u0987\u099f\u09c7\u09b0 \u0995\u09bf\u099b\u09c1 \u0995\u09c1\u0995\u09bf \u09a4\u09c3\u09a4\u09c0\u09af\u09bc \u09aa\u0995\u09cd\u09b7\u09c7\u09b0 \u09aa\u09b0\u09bf\u09b7\u09c7\u09ac\u09be \u09aa\u09cd\u09b0\u09a6\u09be\u09a8\u0995\u09be\u09b0\u09c0\u09a6\u09c7\u09b0 \u09a6\u09cd\u09ac\u09be\u09b0\u09be \u09aa\u09b0\u09bf\u099a\u09be\u09b2\u09bf\u09a4 \u09b9\u09af\u09bc\u0964 \u098f\u0987 \u0995\u09c1\u0995\u09bf\u0997\u09c1\u09b2\u09bf \u09ac\u09bf\u099c\u09cd\u099e\u09be\u09aa\u09a8 \u098f\u09ac\u0982 \u09ac\u09bf\u09b6\u09cd\u09b2\u09c7\u09b7\u09a3 \u09aa\u09b0\u09bf\u09b7\u09c7\u09ac\u09be\u0997\u09c1\u09b2\u09bf\u09b0 \u099c\u09a8\u09cd\u09af \u09ac\u09cd\u09af\u09ac\u09b9\u09c3\u09a4 \u09b9\u09af\u09bc \u098f\u09ac\u0982 \u098f\u0987 \u09a4\u09c3\u09a4\u09c0\u09af\u09bc \u09aa\u0995\u09cd\u09b7\u0997\u09c1\u09b2\u09bf\u09b0 \u0997\u09cb\u09aa\u09a8\u09c0\u09af\u09bc\u09a4\u09be \u09a8\u09c0\u09a4\u09bf\u09b0 \u0985\u09a7\u09c0\u09a8\u0964 \u09a4\u09c3\u09a4\u09c0\u09af\u09bc \u09aa\u0995\u09cd\u09b7\u09c7\u09b0 \u0995\u09c1\u0995\u09bf \u09ac\u09cd\u09af\u09ac\u09b9\u09be\u09b0\u09c7\u09b0 \u09ac\u09bf\u09b7\u09af\u09bc\u09c7 \u0986\u09b0\u0993 \u09a4\u09a5\u09cd\u09af\u09c7\u09b0 \u099c\u09a8\u09cd\u09af, \u0986\u09ae\u09b0\u09be \u098f\u0987 \u09aa\u09b0\u09bf\u09b7\u09c7\u09ac\u09be \u09aa\u09cd\u09b0\u09a6\u09be\u09a8\u0995\u09be\u09b0\u09c0\u09a6\u09c7\u09b0 \u0997\u09cb\u09aa\u09a8\u09c0\u09af\u09bc\u09a4\u09be \u09a8\u09c0\u09a4\u09bf \u09aa\u09b0\u09cd\u09af\u09be\u09b2\u09cb\u099a\u09a8\u09be \u0995\u09b0\u09be\u09b0 \u09aa\u09b0\u09be\u09ae\u09b0\u09cd\u09b6 \u09a6\u09bf\u0987\u0964<\/p><p><strong>\u0986\u09aa\u09a8\u09bf \u09ac\u09cd\u09b0\u09be\u0989\u099c\u09be\u09b0 \u09b8\u09c7\u099f\u09bf\u0982\u09b8 \u09a5\u09c7\u0995\u09c7 \u0986\u09aa\u09a8\u09be\u09b0 \u0995\u09c1\u0995\u09bf\u099c \u09aa\u09b0\u09bf\u099a\u09be\u09b2\u09a8\u09be \u09ac\u09be \u09ae\u09c1\u099b\u09c7 \u09ab\u09c7\u09b2\u09a4\u09c7 \u09aa\u09be\u09b0\u09c7\u09a8\u0964<\/strong><\/p><p>\u0986\u09aa\u09a8\u09bf \u0986\u09aa\u09a8\u09be\u09b0 \u09ac\u09cd\u09b0\u09be\u0989\u099c\u09be\u09b0\u09c7\u09b0 \u09b8\u09c7\u099f\u09bf\u0982\u09b8 \u09a5\u09c7\u0995\u09c7 \u0995\u09c1\u0995\u09bf \u09aa\u09b0\u09bf\u099a\u09be\u09b2\u09a8\u09be \u0995\u09b0\u09a4\u09c7, \u0997\u09cd\u09b0\u09b9\u09a3 \u0995\u09b0\u09a4\u09c7 \u09ac\u09be \u09aa\u09cd\u09b0\u09a4\u09cd\u09af\u09be\u0996\u09cd\u09af\u09be\u09a8 \u0995\u09b0\u09a4\u09c7 \u09aa\u09be\u09b0\u09c7\u09a8\u0964 \u098f\u099b\u09be\u09a1\u09bc\u09be\u0993, \u0986\u09aa\u09a8\u09bf \u0986\u09aa\u09a8\u09be\u09b0 \u09ac\u09cd\u09b0\u09be\u0989\u099c\u09be\u09b0\u09c7 \u09aa\u09c2\u09b0\u09cd\u09ac\u09c7 \u09b8\u0982\u09b0\u0995\u09cd\u09b7\u09bf\u09a4 \u0995\u09c1\u0995\u09bf\u0997\u09c1\u09b2\u09bf \u09ae\u09c1\u099b\u09a4\u09c7 \u09aa\u09be\u09b0\u09c7\u09a8\u0964 \u0995\u09c1\u0995\u09bf \u09aa\u09b0\u09bf\u099a\u09be\u09b2\u09a8\u09be\u09b0 \u09ac\u09bf\u09b7\u09af\u09bc\u09c7 \u0986\u09b0\u0993 \u09a4\u09a5\u09cd\u09af\u09c7\u09b0 \u099c\u09a8\u09cd\u09af, \u09a6\u09af\u09bc\u09be \u0995\u09b0\u09c7 \u0986\u09aa\u09a8\u09be\u09b0 \u09ac\u09cd\u09b0\u09be\u0989\u099c\u09be\u09b0-\u09a8\u09bf\u09b0\u09cd\u09a6\u09bf\u09b7\u09cd\u099f \u09a8\u09bf\u09b0\u09cd\u09a6\u09c7\u09b6\u09be\u09ac\u09b2\u09c0 \u09a6\u09c7\u0996\u09c1\u09a8:<\/p><ul><li><a target=\"_new\" rel=\"noreferrer\">\u0997\u09c1\u0997\u09b2 \u0995\u09cd\u09b0\u09cb\u09ae<\/a><\/li><li><a href=\"https:\/\/support.mozilla.org\/tr\/kb\/cerezleri-silme\" target=\"_new\" rel=\"noreferrer noopener\">\u09ae\u09cb\u099c\u09bf\u09b2\u09be \u09ab\u09be\u09af\u09bc\u09be\u09b0\u09ab\u0995\u09cd\u09b8<\/a><\/li><li><a href=\"https:\/\/support.apple.com\/tr-tr\/guide\/safari\/sfri11471\/mac\" target=\"_new\" rel=\"noreferrer noopener\">\u09b8\u09ab\u09be\u09b0\u09bf<\/a><\/li><li><a href=\"https:\/\/support.microsoft.com\/tr-tr\/help\/4027947\/microsoft-edge-delete-cookies\" target=\"_new\" rel=\"noreferrer noopener\">\u09ae\u09be\u0987\u0995\u09cd\u09b0\u09cb\u09b8\u09ab\u099f \u098f\u099c<\/a><\/li><\/ul><p><strong>\u0986\u09ae\u09be\u09a6\u09c7\u09b0 \u0995\u09c1\u0995\u09bf \u09a8\u09c0\u09a4\u09bf\u09a4\u09c7 \u09aa\u09b0\u09bf\u09ac\u09b0\u09cd\u09a4\u09a8\u0997\u09c1\u09b2\u09bf \u098f\u0987 \u09aa\u09c3\u09b7\u09cd\u09a0\u09be\u09af\u09bc \u0998\u09cb\u09b7\u09a3\u09be \u0995\u09b0\u09be \u09b9\u09ac\u09c7\u0964<\/strong><\/p><p>Hostragons \u09a4\u09be\u09b0 \u0995\u09c1\u0995\u09bf \u09a8\u09c0\u09a4\u09bf\u09a4\u09c7 \u09aa\u09b0\u09bf\u09ac\u09b0\u09cd\u09a4\u09a8 \u0995\u09b0\u09be\u09b0 \u0985\u09a7\u09bf\u0995\u09be\u09b0 \u09b8\u0982\u09b0\u0995\u09cd\u09b7\u09a3 \u0995\u09b0\u09c7\u0964 \u0986\u09ae\u09be\u09a6\u09c7\u09b0 \u09a8\u09c0\u09a4\u09bf\u09a4\u09c7 \u09aa\u09b0\u09bf\u09ac\u09b0\u09cd\u09a4\u09a8\u0997\u09c1\u09b2\u09bf \u098f\u0987 \u09aa\u09c3\u09b7\u09cd\u09a0\u09be\u09af\u09bc \u0986\u09aa\u09a1\u09c7\u099f \u0995\u09b0\u09be \u09b9\u09ac\u09c7 \u098f\u09ac\u0982 \u0995\u09be\u09b0\u09cd\u09af\u0995\u09b0 \u09b9\u09ac\u09c7\u0964 \u0986\u09ae\u09b0\u09be \u09ac\u09cd\u09af\u09ac\u09b9\u09be\u09b0\u0995\u09be\u09b0\u09c0\u09a6\u09c7\u09b0 \u09a8\u09bf\u09af\u09bc\u09ae\u09bf\u09a4 \u098f\u0987 \u09aa\u09c3\u09b7\u09cd\u09a0\u09be\u099f\u09bf \u099a\u09c7\u0995 \u0995\u09b0\u09a4\u09c7 \u09b8\u09c1\u09aa\u09be\u09b0\u09bf\u09b6 \u0995\u09b0\u09bf \u09af\u09be\u09a4\u09c7 \u09af\u09c7\u0995\u09cb\u09a8\u09cb \u0986\u09aa\u09a1\u09c7\u099f \u09b8\u09ae\u09cd\u09aa\u09b0\u09cd\u0995\u09c7 \u099c\u09be\u09a8\u09c7\u09a8\u0964<\/p><p><strong>\u09af\u09cb\u0997\u09be\u09af\u09cb\u0997<\/strong><\/p><p>\u098f\u0987 \u0995\u09c1\u0995\u09bf \u09a8\u09c0\u09a4\u09bf\u09ae\u09be\u09b2\u09be \u09b8\u09ae\u09cd\u09aa\u09b0\u09cd\u0995\u09c7 \u0995\u09cb\u09a8\u09cb \u09aa\u09cd\u09b0\u09b6\u09cd\u09a8 \u09a5\u09be\u0995\u09b2\u09c7, \u0986\u09aa\u09a8\u09bf \u0986\u09ae\u09be\u09a6\u09c7\u09b0 \u09b8\u09be\u09a5\u09c7 \u09af\u09cb\u0997\u09be\u09af\u09cb\u0997 \u0995\u09b0\u09a4\u09c7 \u09aa\u09be\u09b0\u09c7\u09a8\u0964 <a rel=\"noreferrer\">hello@hostragons.com<\/a> \u0986\u09aa\u09a8\u09bf \u0986\u09ae\u09be\u09a6\u09c7\u09b0 \u09b8\u09be\u09a5\u09c7 \u09af\u09cb\u0997\u09be\u09af\u09cb\u0997 \u0995\u09b0\u09a4\u09c7 \u09aa\u09be\u09b0\u09c7\u09a8.<\/p>\t\t\t\t\t\t\t\t<\/div>\n\t\t\t\t<\/div>\n\t\t\t\t\t<\/div>\n\t\t<\/div>\n\t\t\t\t\t<\/div>\n\t\t<\/section>\n\t\t\t\t<\/div>","protected":false},"excerpt":{"rendered":"<p>Y\u00fcr\u00fcrl\u00fck\/G\u00fcncelleme Tarihi: 05.08.2024 1. \u00c7erez (Cookie) Nedir? \u00c7erezler, web siteleri taraf\u0131ndan taray\u0131c\u0131n\u0131za g\u00f6nderilen ve cihaz\u0131n\u0131zda depolanan k\u00fc\u00e7\u00fck veri dosyalar\u0131d\u0131r. Bu dosyalar, siteyi tekrar ziyaret etti\u011finizde taray\u0131c\u0131n\u0131z\u0131n web sitesini tan\u0131mas\u0131n\u0131 sa\u011flar ve \u00f6nceki ziyaretlerinizdeki tercihlerinizi hat\u0131rlayarak kullan\u0131c\u0131 deneyiminizi ki\u015fiselle\u015ftirir. 2. \u00c7erezlerin Kullan\u0131m Ama\u00e7lar\u0131 Hostragons, a\u015fa\u011f\u0131daki ama\u00e7lar do\u011frultusunda \u00e7erezleri kullan\u0131r: Zorunlu \u00c7erezler: Sitenin temel i\u015flevlerini yerine getirebilmesi [&hellip;]<\/p>\n","protected":false},"author":94,"featured_media":7852,"parent":0,"menu_order":0,"comment_status":"closed","ping_status":"closed","template":"","meta":{"googlesitekit_rrm_CAow5YvFDA:productID":"","footnotes":""},"class_list":["post-2358","page","type-page","status-publish","has-post-thumbnail","hentry"],"_links":{"self":[{"href":"https:\/\/www.hostragons.com\/bn\/wp-json\/wp\/v2\/pages\/2358","targetHints":{"allow":["GET"]}}],"collection":[{"href":"https:\/\/www.hostragons.com\/bn\/wp-json\/wp\/v2\/pages"}],"about":[{"href":"https:\/\/www.hostragons.com\/bn\/wp-json\/wp\/v2\/types\/page"}],"author":[{"embeddable":true,"href":"https:\/\/www.hostragons.com\/bn\/wp-json\/wp\/v2\/users\/94"}],"replies":[{"embeddable":true,"href":"https:\/\/www.hostragons.com\/bn\/wp-json\/wp\/v2\/comments?post=2358"}],"version-history":[{"count":0,"href":"https:\/\/www.hostragons.com\/bn\/wp-json\/wp\/v2\/pages\/2358\/revisions"}],"wp:featuredmedia":[{"embeddable":true,"href":"https:\/\/www.hostragons.com\/bn\/wp-json\/wp\/v2\/media\/7852"}],"wp:attachment":[{"href":"https:\/\/www.hostragons.com\/bn\/wp-json\/wp\/v2\/media?parent=2358"}],"curies":[{"name":"\u09a1\u09ac\u09cd\u09b2\u09bf\u0989\u09aa\u09bf","href":"https:\/\/api.w.org\/{rel}","templated":true}]}}