{"id":2031,"date":"2020-09-08T16:09:39","date_gmt":"2020-09-08T13:09:39","guid":{"rendered":"https:\/\/www.hostragons.com\/?page_id=2031"},"modified":"2024-09-26T17:52:04","modified_gmt":"2024-09-26T14:52:04","slug":"%e0%a6%97%e0%a7%8b%e0%a6%aa%e0%a6%a8%e0%a7%80%e0%a6%af%e0%a6%bc%e0%a6%a4%e0%a6%be-%e0%a6%a8%e0%a7%80%e0%a6%a4%e0%a6%bf","status":"publish","type":"page","link":"https:\/\/www.hostragons.com\/bn\/%e0%a6%97%e0%a7%8b%e0%a6%aa%e0%a6%a8%e0%a7%80%e0%a6%af%e0%a6%bc%e0%a6%a4%e0%a6%be-%e0%a6%a8%e0%a7%80%e0%a6%a4%e0%a6%bf\/","title":{"rendered":"\u0997\u09cb\u09aa\u09a8\u09c0\u09af\u09bc\u09a4\u09be \u09a8\u09c0\u09a4\u09bf"},"content":{"rendered":"<div data-elementor-type=\"wp-page\" data-elementor-id=\"2031\" class=\"elementor elementor-2031\" data-elementor-post-type=\"page\">\n\t\t\t\t\t\t<section class=\"elementor-section elementor-top-section elementor-element elementor-element-91e4b54 elementor-section-boxed elementor-section-height-default elementor-section-height-default\" data-id=\"91e4b54\" data-element_type=\"section\" data-e-type=\"section\">\n\t\t\t\t\t\t<div class=\"elementor-container elementor-column-gap-default\">\n\t\t\t\t\t<div class=\"elementor-column elementor-col-100 elementor-top-column elementor-element elementor-element-0774a31\" data-id=\"0774a31\" data-element_type=\"column\" data-e-type=\"column\">\n\t\t\t<div class=\"elementor-widget-wrap elementor-element-populated\">\n\t\t\t\t\t\t<div class=\"elementor-element elementor-element-830efa2 elementor-widget elementor-widget-text-editor\" data-id=\"830efa2\" data-element_type=\"widget\" data-e-type=\"widget\" data-widget_type=\"text-editor.default\">\n\t\t\t\t<div class=\"elementor-widget-container\">\n\t\t\t\t\t\t\t\t\t<p><strong>\u0995\u09be\u09b0\u09cd\u09af\u0995\u09b0\/\u0986\u09aa\u09a1\u09c7\u099f \u09a4\u09be\u09b0\u09bf\u0996: 05.08.2024<\/strong><\/p><p><strong>1. \u09b2\u0997\u0987\u09a8<\/strong><\/p><p>Hostragons Global Limited (\"Hostragons\") \u0986\u09ae\u09be\u09a6\u09c7\u09b0 \u09ac\u09cd\u09af\u09ac\u09b9\u09be\u09b0\u0995\u09be\u09b0\u09c0\u09a6\u09c7\u09b0 \u0997\u09cb\u09aa\u09a8\u09c0\u09af\u09bc\u09a4\u09be \u098f\u09ac\u0982 \u09ac\u09cd\u09af\u0995\u09cd\u09a4\u09bf\u0997\u09a4 \u09a1\u09c7\u099f\u09be\u09b0 \u09b8\u09c1\u09b0\u0995\u09cd\u09b7\u09be\u0995\u09c7 \u0997\u09c1\u09b0\u09c1\u09a4\u09cd\u09ac \u09b8\u09b9\u0995\u09be\u09b0\u09c7 \u0997\u09cd\u09b0\u09b9\u09a3 \u0995\u09b0\u09c7\u0964 \u098f\u0987 \u0997\u09cb\u09aa\u09a8\u09c0\u09af\u09bc\u09a4\u09be \u098f\u09ac\u0982 GDPR \u09b8\u09ae\u09cd\u09ae\u09a4\u09bf \u09a8\u09c0\u09a4\u09bf \u09ac\u09cd\u09af\u09be\u0996\u09cd\u09af\u09be \u0995\u09b0\u09c7 \u09af\u09c7 \u0995\u09c0\u09ad\u09be\u09ac\u09c7 \u09ac\u09cd\u09af\u0995\u09cd\u09a4\u09bf\u0997\u09a4 \u09a1\u09c7\u099f\u09be \u09b8\u0982\u0997\u09cd\u09b0\u09b9 \u0995\u09b0\u09be \u09b9\u09af\u09bc, \u09ac\u09cd\u09af\u09ac\u09b9\u09be\u09b0 \u0995\u09b0\u09be \u09b9\u09af\u09bc, \u09b8\u09c1\u09b0\u0995\u09cd\u09b7\u09bf\u09a4 \u0995\u09b0\u09be \u09b9\u09af\u09bc \u098f\u09ac\u0982 GDPR \u098f\u09b0 \u0985\u09a7\u09c0\u09a8\u09c7 \u09aa\u09b0\u09bf\u099a\u09be\u09b2\u09bf\u09a4 \u09b9\u09af\u09bc\u0964 \u0986\u09ae\u09be\u09a6\u09c7\u09b0 \u0993\u09af\u09bc\u09c7\u09ac\u09b8\u09be\u0987\u099f \u098f\u09ac\u0982 \u09aa\u09b0\u09bf\u09b7\u09c7\u09ac\u09be \u09ac\u09cd\u09af\u09ac\u09b9\u09be\u09b0 \u0995\u09b0\u09c7, \u0986\u09aa\u09a8\u09bf \u098f\u0987 \u09a8\u09c0\u09a4\u09bf\u099f\u09bf \u0997\u09cd\u09b0\u09b9\u09a3 \u0995\u09b0\u09c7\u099b\u09c7\u09a8 \u09ac\u09b2\u09c7 \u09ac\u09bf\u09ac\u09c7\u099a\u09bf\u09a4 \u09b9\u09ac\u09c7\u09a8\u0964<\/p><p><strong>2. \u09a1\u09c7\u099f\u09be \u09a8\u09bf\u09af\u09bc\u09a8\u09cd\u09a4\u09cd\u09b0\u0995 \u098f\u09ac\u0982 \u09aa\u09cd\u09b0\u09a4\u09bf\u09a8\u09bf\u09a7\u09bf<\/strong><\/p><p>Hostragons \u0986\u09aa\u09a8\u09be\u09b0 \u09ac\u09cd\u09af\u0995\u09cd\u09a4\u09bf\u0997\u09a4 \u09a1\u09c7\u099f\u09be \u09b0\u0995\u09cd\u09b7\u09be\u09b0 \u099c\u09a8\u09cd\u09af \u09a6\u09be\u09af\u09bc\u09c0 \u09a1\u09c7\u099f\u09be \u09a8\u09bf\u09af\u09bc\u09a8\u09cd\u09a4\u09cd\u09b0\u0995\u0964 \u0987\u0989\u09b0\u09cb\u09aa\u09c0\u09af\u09bc \u0987\u0989\u09a8\u09bf\u09af\u09bc\u09a8\u09c7 \u0986\u09ae\u09be\u09a6\u09c7\u09b0 \u09aa\u09cd\u09b0\u09a4\u09bf\u09a8\u09bf\u09a7\u09bf:<\/p><ul><li><strong>\u09a1\u09c7\u099f\u09be \u09b8\u09c1\u09b0\u0995\u09cd\u09b7\u09be \u0995\u09b0\u09cd\u09ae\u0995\u09b0\u09cd\u09a4\u09be:<\/strong> \u0995\u09c1\u0987\u09ac\u09c7\u0995 \u0997\u09cb\u09aa\u09a8\u09c0\u09af\u09bc\u09a4\u09be \u0986\u0987\u09a8\u0964<\/li><\/ul><p><strong>\u09e9. \u09a1\u09c7\u099f\u09be \u09aa\u09cd\u09b0\u0995\u09cd\u09b0\u09bf\u09af\u09bc\u09be\u0995\u09b0\u09a3\u09c7\u09b0 \u09ae\u09cc\u09b2\u09bf\u0995 \u09a8\u09c0\u09a4\u09bf\u09ae\u09be\u09b2\u09be<\/strong><\/p><p>Hostragons \u09b9\u09bf\u09b8\u09be\u09ac\u09c7, \u0986\u09ae\u09b0\u09be GDPR \u09aa\u09cd\u09b0\u09af\u09bc\u09cb\u099c\u09a8\u09c0\u09af\u09bc\u09a4\u09be \u0985\u09a8\u09c1\u09b8\u09be\u09b0\u09c7 \u09a8\u09bf\u09ae\u09cd\u09a8\u09b2\u09bf\u0996\u09bf\u09a4 \u09ae\u09cc\u09b2\u09bf\u0995 \u09a8\u09c0\u09a4\u09bf\u0997\u09c1\u09b2\u09bf \u09ae\u09c7\u09a8\u09c7 \u099a\u09b2\u09bf:<\/p><ul><li class=\"translation-block\"><strong>\u09b8\u09cd\u09ac\u099a\u09cd\u099b\u09a4\u09be:<\/strong> \u0986\u09ae\u09b0\u09be \u09b8\u09cd\u09aa\u09b7\u09cd\u099f\u09ad\u09be\u09ac\u09c7 \u0989\u09b2\u09cd\u09b2\u09c7\u0996 \u0995\u09b0\u09bf \u09af\u09c7 \u0995\u09c0\u09ad\u09be\u09ac\u09c7 \u0986\u09ae\u09b0\u09be \u0986\u09aa\u09a8\u09be\u09b0 \u09ac\u09cd\u09af\u0995\u09cd\u09a4\u09bf\u0997\u09a4 \u09a1\u09c7\u099f\u09be \u09b8\u0982\u0997\u09cd\u09b0\u09b9 \u098f\u09ac\u0982 \u09aa\u09cd\u09b0\u0995\u09cd\u09b0\u09bf\u09af\u09bc\u09be\u0995\u09b0\u09a3 \u0995\u09b0\u09bf\u0964<\/li><li class=\"translation-block\"><strong>\u09b8\u09a0\u09bf\u0995\u09a4\u09be:<\/strong> \u0986\u09ae\u09b0\u09be \u0986\u09aa\u09a8\u09be\u09b0 \u09a1\u09c7\u099f\u09be \u09b8\u09a0\u09bf\u0995 \u098f\u09ac\u0982 \u0986\u09aa\u09a1\u09c7\u099f\u09c7\u09a1 \u09b0\u09be\u0996\u09bf\u0964<\/li><li class=\"translation-block\"><strong>\u09b9\u09cd\u09b0\u09be\u09b8\u0995\u09b0\u09a3:<\/strong> \u0986\u09ae\u09b0\u09be \u09b6\u09c1\u09a7\u09c1\u09ae\u09be\u09a4\u09cd\u09b0 \u09aa\u09cd\u09b0\u09af\u09bc\u09cb\u099c\u09a8\u09c0\u09af\u09bc \u09a1\u09c7\u099f\u09be \u09b8\u0982\u0997\u09cd\u09b0\u09b9 \u0993 \u09aa\u09cd\u09b0\u0995\u09cd\u09b0\u09bf\u09af\u09bc\u09be\u0995\u09b0\u09a3 \u0995\u09b0\u09bf\u0964<\/li><li class=\"translation-block\"><strong>\u09b8\u0982\u09b0\u0995\u09cd\u09b7\u09a3 \u09b8\u09c0\u09ae\u09be\u09ac\u09a6\u09cd\u09a7\u09a4\u09be:<\/strong> \u0986\u09ae\u09b0\u09be \u0986\u09aa\u09a8\u09be\u09b0 \u09a1\u09c7\u099f\u09be \u09b6\u09c1\u09a7\u09c1\u09ae\u09be\u09a4\u09cd\u09b0 \u09aa\u09cd\u09b0\u09af\u09bc\u09cb\u099c\u09a8\u09c0\u09af\u09bc \u09b8\u09ae\u09af\u09bc\u09c7\u09b0 \u099c\u09a8\u09cd\u09af \u09b8\u0982\u09b0\u0995\u09cd\u09b7\u09a3 \u0995\u09b0\u09bf\u0964<\/li><\/ul><p><strong>\u09ea. \u09b8\u0982\u0997\u09c3\u09b9\u09c0\u09a4 \u09a4\u09a5\u09cd\u09af<\/strong><\/p><p>Hostragons \u09a8\u09bf\u09ae\u09cd\u09a8\u09b2\u09bf\u0996\u09bf\u09a4 \u09ac\u09cd\u09af\u0995\u09cd\u09a4\u09bf\u0997\u09a4 \u09a4\u09a5\u09cd\u09af \u09b8\u0982\u0997\u09cd\u09b0\u09b9 \u0995\u09b0\u09c7:<\/p><ul><li class=\"translation-block\"><strong>\u09aa\u09b0\u09bf\u099a\u09af\u09bc \u09a4\u09a5\u09cd\u09af:<\/strong> \u09a8\u09be\u09ae, \u09aa\u09a6\u09ac\u09bf, \u09a0\u09bf\u0995\u09be\u09a8\u09be, \u09ab\u09cb\u09a8 \u09a8\u09ae\u09cd\u09ac\u09b0, \u0987-\u09ae\u09c7\u0987\u09b2 \u09a0\u09bf\u0995\u09be\u09a8\u09be\u0964<\/li><li class=\"translation-block\"><strong>\u09aa\u09c7\u09ae\u09c7\u09a8\u09cd\u099f \u09a4\u09a5\u09cd\u09af:<\/strong> \u0995\u09cd\u09b0\u09c7\u09a1\u09bf\u099f \u0995\u09be\u09b0\u09cd\u09a1\u09c7\u09b0 \u09ac\u09bf\u09ac\u09b0\u09a3 \u098f\u09ac\u0982 \u09aa\u09c7\u09ae\u09c7\u09a8\u09cd\u099f\u09c7\u09b0 \u09ac\u09bf\u09ac\u09b0\u09a3\u0964<\/li><li class=\"translation-block\"><strong>\u09aa\u09cd\u09b0\u09af\u09c1\u0995\u09cd\u09a4\u09bf\u0997\u09a4 \u09a1\u09c7\u099f\u09be:<\/strong> \u0986\u0987\u09aa\u09bf \u09a0\u09bf\u0995\u09be\u09a8\u09be, \u09ac\u09cd\u09b0\u09be\u0989\u099c\u09be\u09b0\u09c7\u09b0 \u09a7\u09b0\u09a3, \u0985\u09aa\u09be\u09b0\u09c7\u099f\u09bf\u0982 \u09b8\u09bf\u09b8\u09cd\u099f\u09c7\u09ae\u0964<\/li><li class=\"translation-block\"><strong>\u09ac\u09cd\u09af\u09ac\u09b9\u09be\u09b0\u0995\u09be\u09b0\u09c0\u09b0 \u0986\u099a\u09b0\u09a3:<\/strong> \u09ac\u09cd\u09af\u09ac\u09b9\u09be\u09b0\u0995\u09be\u09b0\u09c0\u09b0 \u09aa\u099b\u09a8\u09cd\u09a6, \u09b8\u09be\u0987\u099f\u09c7 \u0995\u09be\u09b0\u09cd\u09af\u0995\u09b2\u09be\u09aa\u0964<\/li><\/ul><p><strong>\u09eb. \u09ac\u09cd\u09af\u0995\u09cd\u09a4\u09bf\u0997\u09a4 \u09a1\u09c7\u099f\u09be\u09b0 \u09ac\u09cd\u09af\u09ac\u09b9\u09be\u09b0<\/strong><\/p><p>\u09b8\u0982\u0997\u09c3\u09b9\u09c0\u09a4 \u09ac\u09cd\u09af\u0995\u09cd\u09a4\u09bf\u0997\u09a4 \u09a4\u09a5\u09cd\u09af \u09a8\u09bf\u09ae\u09cd\u09a8\u09b2\u09bf\u0996\u09bf\u09a4 \u0989\u09a6\u09cd\u09a6\u09c7\u09b6\u09cd\u09af\u09c7 \u09ac\u09cd\u09af\u09ac\u09b9\u09be\u09b0 \u0995\u09b0\u09be \u09b9\u09af\u09bc:<\/p><ul><li>\u09aa\u09b0\u09bf\u09b7\u09c7\u09ac\u09be \u09aa\u09cd\u09b0\u09a6\u09be\u09a8 \u0993 \u09aa\u09b0\u09bf\u099a\u09be\u09b2\u09a8\u09be\u0964<\/li><li>\u0997\u09cd\u09b0\u09be\u09b9\u0995 \u09b8\u09b9\u09be\u09af\u09bc\u09a4\u09be \u09aa\u09b0\u09bf\u09b7\u09c7\u09ac\u09be \u098f\u09ac\u0982 \u09af\u09cb\u0997\u09be\u09af\u09cb\u0997\u0964<\/li><li>\u09ac\u09bf\u09b2\u09bf\u0982 \u09aa\u09cd\u09b0\u0995\u09cd\u09b0\u09bf\u09af\u09bc\u09be \u098f\u09ac\u0982 \u0986\u0987\u09a8\u09bf \u09a8\u09a5\u09bf \u09aa\u09cd\u09b0\u09b8\u09cd\u09a4\u09c1\u09a4\u0995\u09b0\u09a3\u0964<\/li><li>\u0986\u09ae\u09be\u09a6\u09c7\u09b0 \u0993\u09af\u09bc\u09c7\u09ac\u09b8\u09be\u0987\u099f\u09c7\u09b0 \u0995\u09b0\u09cd\u09ae\u0995\u09cd\u09b7\u09ae\u09a4\u09be \u098f\u09ac\u0982 \u09ac\u09cd\u09af\u09ac\u09b9\u09be\u09b0\u0995\u09be\u09b0\u09c0\u09b0 \u0985\u09ad\u09bf\u099c\u09cd\u099e\u09a4\u09be \u0989\u09a8\u09cd\u09a8\u09a4 \u0995\u09b0\u09be\u0964<\/li><li>\u0986\u0987\u09a8\u09bf \u09ac\u09be\u09a7\u09cd\u09af\u09ac\u09be\u09a7\u0995\u09a4\u09be\u09b0 \u09b8\u09be\u09a5\u09c7 \u09b8\u09ae\u09cd\u09ae\u09a4\u09bf \u09a8\u09bf\u09b6\u09cd\u099a\u09bf\u09a4 \u0995\u09b0\u09be \u098f\u09ac\u0982 \u0985\u09a7\u09bf\u0995\u09be\u09b0 \u09b0\u0995\u09cd\u09b7\u09be \u0995\u09b0\u09be\u0964<\/li><li>\u09ae\u09be\u09b0\u09cd\u0995\u09c7\u099f\u09bf\u0982 \u098f\u09ac\u0982 \u09aa\u09cd\u09b0\u099a\u09be\u09b0\u09ae\u09c2\u09b2\u0995 \u0995\u09be\u09b0\u09cd\u09af\u0995\u09cd\u09b0\u09ae\u0964<\/li><\/ul><p><strong>\u09ec. \u09ac\u09cd\u09af\u0995\u09cd\u09a4\u09bf\u0997\u09a4 \u09a1\u09c7\u099f\u09be \u09b8\u0982\u09b0\u0995\u09cd\u09b7\u09a3\u09c7\u09b0 \u09b8\u09ae\u09af\u09bc\u0995\u09be\u09b2<\/strong><\/p><p>Conservamos sus datos personales solo mientras sea necesario para nuestros fines de procesamiento. Puede contactarnos para obtener m\u00e1s informaci\u00f3n sobre cu\u00e1nto tiempo se almacenan sus datos y c\u00f3mo se determina este per\u00edodo.<\/p><p><strong>\u09ed. \u09aa\u09c7\u09ae\u09c7\u09a8\u09cd\u099f \u09a4\u09a5\u09cd\u09af \u098f\u09ac\u0982 \u09a8\u09bf\u09b0\u09be\u09aa\u09a4\u09cd\u09a4\u09be<\/strong><\/p><ul><li>\u0986\u09aa\u09a8\u09be\u09b0 \u0995\u09cd\u09b0\u09c7\u09a1\u09bf\u099f \u0995\u09be\u09b0\u09cd\u09a1 \u098f\u09ac\u0982 \u09aa\u09c7\u09ae\u09c7\u09a8\u09cd\u099f \u09a4\u09a5\u09cd\u09af 256-\u09ac\u09bf\u099f SSL \u09b6\u0982\u09b8\u09be\u09aa\u09a4\u09cd\u09b0\u09c7\u09b0 \u09ae\u09a4\u09cb \u09a8\u09bf\u09b0\u09be\u09aa\u09a4\u09cd\u09a4\u09be \u09ac\u09cd\u09af\u09ac\u09b8\u09cd\u09a5\u09be\u09b0 \u09ae\u09be\u09a7\u09cd\u09af\u09ae\u09c7 \u09b8\u09c1\u09b0\u0995\u09cd\u09b7\u09bf\u09a4 \u09a5\u09be\u0995\u09c7\u0964<\/li><li>\u0986\u09aa\u09a8\u09be\u09b0 \u0995\u09be\u09b0\u09cd\u09a1\u09c7\u09b0 \u09a4\u09a5\u09cd\u09af \u098f\u09a8\u0995\u09cd\u09b0\u09bf\u09aa\u09cd\u099f \u0995\u09b0\u09be \u09ab\u09b0\u09cd\u09ae\u09c7 \u09aa\u09be\u09a0\u09be\u09a8\u09cb \u09b9\u09af\u09bc \u098f\u09ac\u0982 Hostragons \u09a6\u09cd\u09ac\u09be\u09b0\u09be \u09b8\u0982\u09b0\u0995\u09cd\u09b7\u09a3 \u0995\u09b0\u09be \u09b9\u09af\u09bc \u09a8\u09be\u0964<\/li><li>\u09b8\u09ae\u09cd\u09ad\u09be\u09ac\u09cd\u09af \u09ae\u09cd\u09af\u09be\u09b2\u0993\u09af\u09bc\u09cd\u09af\u09be\u09b0 \u09ae\u09cb\u0995\u09be\u09ac\u09bf\u09b2\u09be\u09af\u09bc \u0985\u09a4\u09bf\u09b0\u09bf\u0995\u09cd\u09a4 \u09b8\u09c1\u09b0\u0995\u09cd\u09b7\u09be \u09b8\u09b0\u099e\u09cd\u099c\u09be\u09ae \u09ac\u09cd\u09af\u09ac\u09b9\u09be\u09b0 \u0995\u09b0\u09be \u09b9\u09af\u09bc\u0964<\/li><\/ul><p><strong>\u09ee. \u0995\u09c1\u0995\u09bf\u099c \u098f\u09ac\u0982 \u099f\u09cd\u09b0\u09cd\u09af\u09be\u0995\u09bf\u0982 \u09aa\u09cd\u09b0\u09af\u09c1\u0995\u09cd\u09a4\u09bf<\/strong><\/p><p class=\"translation-block\">\u0986\u09ae\u09be\u09a6\u09c7\u09b0 \u0993\u09af\u09bc\u09c7\u09ac\u09b8\u09be\u0987\u099f\u09c7, \u09ac\u09cd\u09af\u09ac\u09b9\u09be\u09b0\u0995\u09be\u09b0\u09c0\u09b0 \u0985\u09ad\u09bf\u099c\u09cd\u099e\u09a4\u09be \u0989\u09a8\u09cd\u09a8\u09a4 \u0995\u09b0\u09a4\u09c7 \u098f\u09ac\u0982 \u0986\u09ae\u09be\u09a6\u09c7\u09b0 \u0993\u09af\u09bc\u09c7\u09ac\u09b8\u09be\u0987\u099f \u0995\u09c0\u09ad\u09be\u09ac\u09c7 \u09ac\u09cd\u09af\u09ac\u09b9\u09c3\u09a4 \u09b9\u09af\u09bc \u09a4\u09be \u09ac\u09c1\u099d\u09a4\u09c7 \u0995\u09c1\u0995\u09bf\u099c \u098f\u09ac\u0982 \u099f\u09cd\u09b0\u09cd\u09af\u09be\u0995\u09bf\u0982 \u09aa\u09cd\u09b0\u09af\u09c1\u0995\u09cd\u09a4\u09bf \u09ac\u09cd\u09af\u09ac\u09b9\u09be\u09b0 \u0995\u09b0\u09be \u09b9\u09af\u09bc\u0964 \u0995\u09c1\u0995\u09bf\u099c \u09b8\u09ae\u09cd\u09aa\u09b0\u09cd\u0995\u09c7 \u0986\u09b0\u0993 \u09a4\u09a5\u09cd\u09af \u098f\u09ac\u0982 \u0995\u09c0\u09ad\u09be\u09ac\u09c7 \u09aa\u09b0\u09bf\u099a\u09be\u09b2\u09a8\u09be \u0995\u09b0\u09ac\u09c7\u09a8 \u09a4\u09be \u099c\u09be\u09a8\u09a4\u09c7 \u0986\u09ae\u09be\u09a6\u09c7\u09b0 <a href=\"https:\/\/www.hostragons.com\/bn\/%e0%a6%95%e0%a7%81%e0%a6%95%e0%a6%bf-%e0%a6%a8%e0%a7%80%e0%a6%a4%e0%a6%bf\/\" target=\"_new\" rel=\"noreferrer\">\u0995\u09c1\u0995\u09bf\u099c \u09a8\u09c0\u09a4\u09bf<\/a> \u09aa\u09c3\u09b7\u09cd\u09a0\u09be\u099f\u09bf \u09a6\u09c7\u0996\u09c1\u09a8\u0964<\/p><p><strong>\u09ef. \u09ac\u09cd\u09af\u0995\u09cd\u09a4\u09bf\u0997\u09a4 \u09a1\u09c7\u099f\u09be \u09b6\u09c7\u09af\u09bc\u09be\u09b0\u09bf\u0982<\/strong><\/p><ul><li>\u0986\u09aa\u09a8\u09be\u09b0 \u09ac\u09cd\u09af\u0995\u09cd\u09a4\u09bf\u0997\u09a4 \u09a1\u09c7\u099f\u09be \u09b6\u09c1\u09a7\u09c1\u09ae\u09be\u09a4\u09cd\u09b0 \u0986\u09ae\u09be\u09a6\u09c7\u09b0 \u09aa\u09b0\u09bf\u09b7\u09c7\u09ac\u09be \u09aa\u09cd\u09b0\u09a6\u09be\u09a8 \u0995\u09b0\u09a4\u09c7 \u09aa\u09cd\u09b0\u09af\u09bc\u09cb\u099c\u09a8\u09c0\u09af\u09bc \u09a4\u09c3\u09a4\u09c0\u09af\u09bc \u09aa\u0995\u09cd\u09b7\u09c7\u09b0 \u09b8\u09be\u09a5\u09c7 \u09b6\u09c7\u09af\u09bc\u09be\u09b0 \u0995\u09b0\u09be \u09b9\u09af\u09bc\u0964<\/li><li>\u0986\u0987\u09a8\u09bf \u09ac\u09be\u09a7\u09cd\u09af\u09ac\u09be\u09a7\u0995\u09a4\u09be \u09ac\u09be \u0986\u09a6\u09be\u09b2\u09a4\u09c7\u09b0 \u0986\u09a6\u09c7\u09b6 \u0985\u09a8\u09c1\u09af\u09be\u09af\u09bc\u09c0 \u0986\u09ae\u09b0\u09be \u0986\u09aa\u09a8\u09be\u09b0 \u09a1\u09c7\u099f\u09be \u09b6\u09c7\u09af\u09bc\u09be\u09b0 \u0995\u09b0\u09a4\u09c7 \u09aa\u09be\u09b0\u09bf\u0964<\/li><li>\u09a4\u09c3\u09a4\u09c0\u09af\u09bc \u09aa\u0995\u09cd\u09b7\u09c7\u09b0 \u09b8\u09be\u09a5\u09c7 \u09a1\u09c7\u099f\u09be \u09b6\u09c7\u09af\u09bc\u09be\u09b0\u09bf\u0982 \u09b6\u09c1\u09a7\u09c1\u09ae\u09be\u09a4\u09cd\u09b0 \u0986\u09aa\u09a8\u09be\u09b0 \u0985\u09a8\u09c1\u09ae\u09a4\u09bf\u09b0 \u09b8\u09be\u09a5\u09c7 \u0995\u09b0\u09be \u09b9\u09ac\u09c7\u0964<\/li><\/ul><p><strong>\u09e7\u09e6. \u09ac\u09cd\u09af\u09ac\u09b9\u09be\u09b0\u0995\u09be\u09b0\u09c0\u09b0 \u0985\u09a7\u09bf\u0995\u09be\u09b0<\/strong><\/p><p>GDPR-\u098f\u09b0 \u0985\u09a7\u09c0\u09a8\u09c7, \u09ac\u09cd\u09af\u09ac\u09b9\u09be\u09b0\u0995\u09be\u09b0\u09c0\u09b0\u09be \u09a8\u09bf\u09ae\u09cd\u09a8\u09b2\u09bf\u0996\u09bf\u09a4 \u0985\u09a7\u09bf\u0995\u09be\u09b0\u0997\u09c1\u09b2\u09bf \u09b0\u09be\u0996\u09c7:<\/p><ul><li>\u09ac\u09cd\u09af\u0995\u09cd\u09a4\u09bf\u0997\u09a4 \u09a1\u09c7\u099f\u09be \u0985\u09cd\u09af\u09be\u0995\u09cd\u09b8\u09c7\u09b8, \u09b8\u0982\u09b6\u09cb\u09a7\u09a8 \u09ac\u09be \u09ae\u09c1\u099b\u09c7 \u09ab\u09c7\u09b2\u09be\u09b0 \u0985\u09a7\u09bf\u0995\u09be\u09b0\u0964<\/li><li>\u09a1\u09c7\u099f\u09be \u09aa\u09cd\u09b0\u0995\u09cd\u09b0\u09bf\u09af\u09bc\u09be\u0995\u09b0\u09a3\u09c7\u09b0 \u09ac\u09bf\u09b0\u09cb\u09a7\u09bf\u09a4\u09be \u0995\u09b0\u09be\u09b0 \u0985\u09a7\u09bf\u0995\u09be\u09b0 \u098f\u09ac\u0982 \u09a1\u09c7\u099f\u09be \u09aa\u09cb\u09b0\u09cd\u099f\u09c7\u09ac\u09bf\u09b2\u09bf\u099f\u09bf\u09b0 \u0985\u09a7\u09bf\u0995\u09be\u09b0\u0964<\/li><li>\u09af\u09c7\u0995\u09cb\u09a8\u09cb \u09b8\u09ae\u09af\u09bc \u09b8\u09ae\u09cd\u09ae\u09a4\u09bf \u09aa\u09cd\u09b0\u09a4\u09cd\u09af\u09be\u09b9\u09be\u09b0\u09c7\u09b0 \u0985\u09a7\u09bf\u0995\u09be\u09b0\u0964<\/li><\/ul><p><strong>\u09e7\u09e7. \u09a1\u09c7\u099f\u09be \u09b8\u09c1\u09b0\u0995\u09cd\u09b7\u09be \u09aa\u09cd\u09b0\u09ad\u09be\u09ac \u09ae\u09c2\u09b2\u09cd\u09af\u09be\u09af\u09bc\u09a8 (DPIA)<\/strong><\/p><p>\u0989\u099a\u09cd\u099a-\u099d\u09c1\u0981\u0995\u09bf\u09aa\u09c2\u09b0\u09cd\u09a3 \u09a1\u09c7\u099f\u09be \u09aa\u09cd\u09b0\u0995\u09cd\u09b0\u09bf\u09af\u09bc\u09be\u0995\u09b0\u09a3 \u0995\u09be\u09b0\u09cd\u09af\u0995\u09cd\u09b0\u09ae\u09c7\u09b0 \u099c\u09a8\u09cd\u09af \u09a1\u09c7\u099f\u09be \u09aa\u09cd\u09b0\u09cb\u099f\u09c7\u0995\u09b6\u09a8 \u0987\u09ae\u09aa\u09cd\u09af\u09be\u0995\u09cd\u099f \u0985\u09cd\u09af\u09be\u09b8\u09c7\u09b8\u09ae\u09c7\u09a8\u09cd\u099f (DPIA) \u09aa\u09b0\u09bf\u099a\u09be\u09b2\u09bf\u09a4 \u09b9\u09af\u09bc\u0964 DPIA \u09aa\u09cd\u09b0\u0995\u09cd\u09b0\u09bf\u09af\u09bc\u09be \u09b8\u09ae\u09cd\u09aa\u09b0\u09cd\u0995\u09c7 \u0986\u09b0\u0993 \u09a4\u09a5\u09cd\u09af\u09c7\u09b0 \u099c\u09a8\u09cd\u09af \u0986\u09ae\u09be\u09a6\u09c7\u09b0 \u09b8\u09be\u09a5\u09c7 \u09af\u09cb\u0997\u09be\u09af\u09cb\u0997 \u0995\u09b0\u09a4\u09c7 \u09aa\u09be\u09b0\u09c7\u09a8\u0964<\/p><p><strong>\u09e7\u09e8. \u0986\u09a8\u09cd\u09a4\u09b0\u09cd\u099c\u09be\u09a4\u09bf\u0995 \u09a1\u09c7\u099f\u09be \u09b8\u09cd\u09a5\u09be\u09a8\u09be\u09a8\u09cd\u09a4\u09b0<\/strong><\/p><p>\u0986\u09aa\u09a8\u09be\u09b0 \u09ac\u09cd\u09af\u0995\u09cd\u09a4\u09bf\u0997\u09a4 \u09a1\u09c7\u099f\u09be \u0987\u0987\u0989 \u098f\u09b0 \u09ac\u09be\u0987\u09b0\u09c7 \u09b8\u09cd\u09a5\u09be\u09a8\u09be\u09a8\u09cd\u09a4\u09b0 \u0995\u09b0\u09be\u09b0 \u09b8\u09ae\u09af\u09bc \u0986\u09ae\u09b0\u09be \u09aa\u09cd\u09b0\u09af\u09bc\u09cb\u099c\u09a8\u09c0\u09af\u09bc \u09b8\u09c1\u09b0\u0995\u09cd\u09b7\u09be \u09ac\u09cd\u09af\u09ac\u09b8\u09cd\u09a5\u09be \u0997\u09cd\u09b0\u09b9\u09a3 \u0995\u09b0\u09bf\u0964 \u0986\u09a8\u09cd\u09a4\u09b0\u09cd\u099c\u09be\u09a4\u09bf\u0995 \u09a1\u09c7\u099f\u09be \u09b8\u09cd\u09a5\u09be\u09a8\u09be\u09a8\u09cd\u09a4\u09b0 \u09b8\u09ae\u09cd\u09aa\u09b0\u09cd\u0995\u09c7 \u0986\u09b0\u0993 \u09a4\u09a5\u09cd\u09af\u09c7\u09b0 \u099c\u09a8\u09cd\u09af \u0986\u09ae\u09be\u09a6\u09c7\u09b0 \u09b8\u0999\u09cd\u0997\u09c7 \u09af\u09cb\u0997\u09be\u09af\u09cb\u0997 \u0995\u09b0\u09a4\u09c7 \u09aa\u09be\u09b0\u09c7\u09a8\u0964<\/p><p><strong>\u09e7\u09e9. \u09a1\u09c7\u099f\u09be \u09b2\u0999\u09cd\u0998\u09a8 \u09ac\u09bf\u099c\u09cd\u099e\u09aa\u09cd\u09a4\u09bf<\/strong><\/p><p>\u09a1\u09c7\u099f\u09be \u09b2\u0999\u09cd\u0998\u09a8\u09c7\u09b0 \u0995\u09cd\u09b7\u09c7\u09a4\u09cd\u09b0\u09c7, \u0986\u09ae\u09b0\u09be \u09a6\u09cd\u09b0\u09c1\u09a4 \u09aa\u09cd\u09b0\u09be\u09b8\u0999\u09cd\u0997\u09bf\u0995 \u0995\u09b0\u09cd\u09a4\u09c3\u09aa\u0995\u09cd\u09b7 \u098f\u09ac\u0982 \u09aa\u09cd\u09b0\u09ad\u09be\u09ac\u09bf\u09a4 \u09ac\u09cd\u09af\u0995\u09cd\u09a4\u09bf\u09a6\u09c7\u09b0 \u0985\u09ac\u09b9\u09bf\u09a4 \u0995\u09b0\u09bf\u0964 \u0986\u09ae\u09be\u09a6\u09c7\u09b0 \u09a1\u09c7\u099f\u09be \u09b2\u0999\u09cd\u0998\u09a8 \u09aa\u09a6\u09cd\u09a7\u09a4\u09bf \u09b8\u09ae\u09cd\u09aa\u09b0\u09cd\u0995\u09c7 \u0986\u09b0\u0993 \u09a4\u09a5\u09cd\u09af\u09c7\u09b0 \u099c\u09a8\u09cd\u09af \u0986\u09ae\u09be\u09a6\u09c7\u09b0 \u09b8\u09be\u09a5\u09c7 \u09af\u09cb\u0997\u09be\u09af\u09cb\u0997 \u0995\u09b0\u09a4\u09c7 \u09aa\u09be\u09b0\u09c7\u09a8\u0964<\/p><p><strong>\u09e7\u09ea. \u099a\u09c1\u0995\u09cd\u09a4\u09bf \u09aa\u09b0\u09bf\u09ac\u09b0\u09cd\u09a4\u09a8<\/strong><\/p><p>\u098f\u0987 \u09a8\u09c0\u09a4\u09bf \u09b8\u09ae\u09af\u09bc\u09c7 \u09b8\u09ae\u09af\u09bc\u09c7 \u0986\u09aa\u09a1\u09c7\u099f \u09b9\u09a4\u09c7 \u09aa\u09be\u09b0\u09c7\u0964 \u0995\u09cb\u09a8 \u09aa\u09b0\u09bf\u09ac\u09b0\u09cd\u09a4\u09a8 \u098f\u0987 \u09aa\u09c3\u09b7\u09cd\u09a0\u09be\u09af\u09bc \u09aa\u09cd\u09b0\u0995\u09be\u09b6\u09bf\u09a4 \u09b9\u09ac\u09c7 \u098f\u09ac\u0982 \u0995\u09be\u09b0\u09cd\u09af\u0995\u09b0\u09bf\u09b0 \u09a4\u09be\u09b0\u09bf\u0996 \u09b8\u09b9 \u0989\u09b2\u09cd\u09b2\u09c7\u0996 \u0995\u09b0\u09be \u09b9\u09ac\u09c7\u0964 \u09ac\u09cd\u09af\u09ac\u09b9\u09be\u09b0\u0995\u09be\u09b0\u09c0\u09a6\u09c7\u09b0 \u098f\u0987 \u09aa\u09c3\u09b7\u09cd\u09a0\u09be\u099f\u09bf \u09a8\u09bf\u09af\u09bc\u09ae\u09bf\u09a4 \u09aa\u09b0\u09c0\u0995\u09cd\u09b7\u09be \u0995\u09b0\u09c7 \u09af\u09c7\u0995\u09cb\u09a8\u09cb \u09aa\u09b0\u09bf\u09ac\u09b0\u09cd\u09a4\u09a8\u09c7\u09b0 \u09b8\u09ae\u09cd\u09aa\u09b0\u09cd\u0995\u09c7 \u0985\u09ac\u0997\u09a4 \u09a5\u09be\u0995\u09be\u09b0 \u09aa\u09b0\u09be\u09ae\u09b0\u09cd\u09b6 \u09a6\u09c7\u0993\u09af\u09bc\u09be \u09b9\u09af\u09bc\u0964<\/p>\t\t\t\t\t\t\t\t<\/div>\n\t\t\t\t<\/div>\n\t\t\t\t\t<\/div>\n\t\t<\/div>\n\t\t\t\t\t<\/div>\n\t\t<\/section>\n\t\t\t\t<\/div>","protected":false},"excerpt":{"rendered":"<p>Y\u00fcr\u00fcrl\u00fck\/G\u00fcncelleme Tarihi: 05.08.2024 1. Giri\u015f Hostragons Global Limited (&#8220;Hostragons&#8221; olarak an\u0131lacakt\u0131r), kullan\u0131c\u0131lar\u0131m\u0131z\u0131n gizlili\u011fini ve ki\u015fisel verilerinin korunmas\u0131n\u0131 ciddiye al\u0131r. Bu Gizlilik ve GDPR Uyum Politikas\u0131, ki\u015fisel verilerin nas\u0131l topland\u0131\u011f\u0131n\u0131, kullan\u0131ld\u0131\u011f\u0131n\u0131, korundu\u011funu ve GDPR kapsam\u0131nda nas\u0131l y\u00f6netildi\u011fini a\u00e7\u0131klar. Web sitemizi ve hizmetlerimizi kullanarak, bu politikay\u0131 kabul etmi\u015f say\u0131l\u0131rs\u0131n\u0131z. 2. Veri Sorumlusu ve Temsilcisi Hostragons, ki\u015fisel verilerinizi [&hellip;]<\/p>\n","protected":false},"author":94,"featured_media":7854,"parent":0,"menu_order":0,"comment_status":"closed","ping_status":"closed","template":"","meta":{"googlesitekit_rrm_CAow5YvFDA:productID":"","footnotes":""},"class_list":["post-2031","page","type-page","status-publish","has-post-thumbnail","hentry"],"_links":{"self":[{"href":"https:\/\/www.hostragons.com\/bn\/wp-json\/wp\/v2\/pages\/2031","targetHints":{"allow":["GET"]}}],"collection":[{"href":"https:\/\/www.hostragons.com\/bn\/wp-json\/wp\/v2\/pages"}],"about":[{"href":"https:\/\/www.hostragons.com\/bn\/wp-json\/wp\/v2\/types\/page"}],"author":[{"embeddable":true,"href":"https:\/\/www.hostragons.com\/bn\/wp-json\/wp\/v2\/users\/94"}],"replies":[{"embeddable":true,"href":"https:\/\/www.hostragons.com\/bn\/wp-json\/wp\/v2\/comments?post=2031"}],"version-history":[{"count":0,"href":"https:\/\/www.hostragons.com\/bn\/wp-json\/wp\/v2\/pages\/2031\/revisions"}],"wp:featuredmedia":[{"embeddable":true,"href":"https:\/\/www.hostragons.com\/bn\/wp-json\/wp\/v2\/media\/7854"}],"wp:attachment":[{"href":"https:\/\/www.hostragons.com\/bn\/wp-json\/wp\/v2\/media?parent=2031"}],"curies":[{"name":"\u09a1\u09ac\u09cd\u09b2\u09bf\u0989\u09aa\u09bf","href":"https:\/\/api.w.org\/{rel}","templated":true}]}}