{"id":2358,"date":"2020-10-02T08:03:18","date_gmt":"2020-10-02T05:03:18","guid":{"rendered":"https:\/\/www.hostragons.com\/?page_id=2358"},"modified":"2025-03-25T09:07:38","modified_gmt":"2025-03-25T09:07:38","slug":"%d0%bf%d0%b0%d0%bb%d1%96%d1%82%d1%8b%d0%ba%d0%b0-%d0%ba%d1%83%d0%ba%d1%96","status":"publish","type":"page","link":"https:\/\/www.hostragons.com\/be\/%d0%bf%d0%b0%d0%bb%d1%96%d1%82%d1%8b%d0%ba%d0%b0-%d0%ba%d1%83%d0%ba%d1%96\/","title":{"rendered":"\u041f\u0430\u043b\u0456\u0442\u044b\u043a\u0430 \u0432\u044b\u043a\u0430\u0440\u044b\u0441\u0442\u0430\u043d\u043d\u044f \u0444\u0430\u0439\u043b\u0430\u045e cookie"},"content":{"rendered":"<div data-elementor-type=\"wp-page\" data-elementor-id=\"2358\" class=\"elementor elementor-2358\" data-elementor-post-type=\"page\">\n\t\t\t\t\t\t<section class=\"elementor-section elementor-top-section elementor-element elementor-element-9da5eda elementor-section-boxed elementor-section-height-default elementor-section-height-default\" data-id=\"9da5eda\" data-element_type=\"section\" data-e-type=\"section\">\n\t\t\t\t\t\t<div class=\"elementor-container elementor-column-gap-default\">\n\t\t\t\t\t<div class=\"elementor-column elementor-col-100 elementor-top-column elementor-element elementor-element-a7228de\" data-id=\"a7228de\" data-element_type=\"column\" data-e-type=\"column\">\n\t\t\t<div class=\"elementor-widget-wrap elementor-element-populated\">\n\t\t\t\t\t\t<div class=\"elementor-element elementor-element-8bde4d6 elementor-widget elementor-widget-text-editor\" data-id=\"8bde4d6\" data-element_type=\"widget\" data-e-type=\"widget\" data-widget_type=\"text-editor.default\">\n\t\t\t\t<div class=\"elementor-widget-container\">\n\t\t\t\t\t\t\t\t\t<p><strong>\u0414\u0430\u0442\u0430 \u045e\u0441\u0442\u0443\u043f\u043b\u0435\u043d\u043d\u044f \u045e \u0441\u0456\u043b\u0443\/\u0430\u0431\u043d\u0430\u045e\u043b\u0435\u043d\u043d\u044f:<\/strong> 05.08.2024 \u0433<\/p><p><strong>1. \u0428\u0442\u043e \u0442\u0430\u043a\u043e\u0435 \u043a\u0443\u043a\u0456?<\/strong><\/p><p>Cookies - \u0433\u044d\u0442\u0430 \u043d\u0435\u0432\u044f\u043b\u0456\u043a\u0456\u044f \u0444\u0430\u0439\u043b\u044b \u0434\u0430\u0434\u0437\u0435\u043d\u044b\u0445, \u044f\u043a\u0456\u044f \u0432\u044d\u0431-\u0441\u0430\u0439\u0442\u044b \u0430\u0434\u043f\u0440\u0430\u045e\u043b\u044f\u044e\u0446\u044c \u0443 \u0432\u0430\u0448 \u0431\u0440\u0430\u045e\u0437\u0435\u0440 \u0456 \u0437\u0430\u0445\u043e\u045e\u0432\u0430\u044e\u0446\u044c \u043d\u0430 \u0432\u0430\u0448\u0430\u0439 \u043f\u0440\u044b\u043b\u0430\u0434\u0437\u0435. \u0413\u044d\u0442\u044b\u044f \u0444\u0430\u0439\u043b\u044b \u0434\u0430\u0437\u0432\u0430\u043b\u044f\u044e\u0446\u044c \u0432\u0430\u0448\u0430\u043c\u0443 \u0431\u0440\u0430\u045e\u0437\u0435\u0440\u0443 \u0440\u0430\u0441\u043f\u0430\u0437\u043d\u0430\u0432\u0430\u0446\u044c \u0432\u044d\u0431-\u0441\u0430\u0439\u0442, \u043a\u0430\u043b\u0456 \u0432\u044b \u043d\u0430\u0432\u0435\u0434\u0430\u0435\u0446\u0435 \u044f\u0433\u043e \u0437\u043d\u043e\u045e, \u0456 \u043f\u0435\u0440\u0441\u0430\u043d\u0430\u043b\u0456\u0437\u0430\u0432\u0430\u0446\u044c \u043a\u0430\u0440\u044b\u0441\u0442\u0430\u0446\u043a\u0456 \u0434\u043e\u0441\u0432\u0435\u0434, \u0437\u0430\u043f\u0430\u043c\u0456\u043d\u0430\u044e\u0447\u044b \u0432\u0430\u0448\u044b \u043f\u0435\u0440\u0430\u0432\u0430\u0433\u0456 \u0437 \u043f\u0430\u043f\u044f\u0440\u044d\u0434\u043d\u0456\u0445 \u043d\u0430\u0432\u0435\u0434\u0432\u0430\u043d\u043d\u044f\u045e.<\/p><p><strong>2. \u041c\u044d\u0442\u044b \u0432\u044b\u043a\u0430\u0440\u044b\u0441\u0442\u0430\u043d\u043d\u044f \u0444\u0430\u0439\u043b\u0430\u045e cookie<\/strong><\/p><p>Hostragons \u0432\u044b\u043a\u0430\u0440\u044b\u0441\u0442\u043e\u045e\u0432\u0430\u0435 \u0444\u0430\u0439\u043b\u044b cookie \u0434\u043b\u044f \u043d\u0430\u0441\u0442\u0443\u043f\u043d\u044b\u0445 \u043c\u044d\u0442:<\/p><ul><li class=\"translation-block\"><strong>\u0410\u0431\u0430\u0432\u044f\u0437\u043a\u043e\u0432\u044b\u044f \u0444\u0430\u0439\u043b\u044b cookie:<\/strong> \u043d\u0435\u0430\u0431\u0445\u043e\u0434\u043d\u044b\u044f \u0434\u043b\u044f \u0432\u044b\u043a\u0430\u043d\u0430\u043d\u043d\u044f \u0441\u0430\u0439\u0442\u0430\u043c \u0441\u0432\u0430\u0456\u0445 \u0430\u0441\u043d\u043e\u045e\u043d\u044b\u0445 \u0444\u0443\u043d\u043a\u0446\u044b\u0439.<\/li><li><strong>\u041f\u0440\u0430\u0434\u0443\u043a\u0446\u044b\u0439\u043d\u0430\u0441\u0446\u044c Cookies:<\/strong> \u0401\u043d \u0432\u044b\u043a\u0430\u0440\u044b\u0441\u0442\u043e\u045e\u0432\u0430\u0435\u0446\u0446\u0430 \u0434\u043b\u044f \u043a\u0430\u043d\u0442\u0440\u043e\u043b\u044e \u0456 \u043f\u0430\u043b\u044f\u043f\u0448\u044d\u043d\u043d\u044f \u043f\u0440\u0430\u0434\u0443\u043a\u0446\u044b\u0439\u043d\u0430\u0441\u0446\u0456 \u0441\u0430\u0439\u0442\u0430.<\/li><li class=\"translation-block\"><strong>\u0424\u0443\u043d\u043a\u0446\u044b\u044f\u043d\u0430\u043b\u044c\u043d\u044b\u044f \u0444\u0430\u0439\u043b\u044b cookie:<\/strong> \u0437\u0430\u0431\u044f\u0441\u043f\u0435\u0447\u0432\u0430\u044e\u0446\u044c \u043f\u0435\u0440\u0441\u0430\u043d\u0430\u043b\u0456\u0437\u0430\u0432\u0430\u043d\u044b \u0432\u043e\u043f\u044b\u0442, \u0437\u0430\u043f\u0430\u043c\u0456\u043d\u0430\u044e\u0447\u044b \u043d\u0430\u043b\u0430\u0434\u044b \u043a\u0430\u0440\u044b\u0441\u0442\u0430\u043b\u044c\u043d\u0456\u043a\u0430.<\/li><li class=\"translation-block\"><strong>\u0420\u044d\u043a\u043b\u0430\u043c\u043d\u044b\u044f \u0456 \u043c\u0430\u0440\u043a\u0435\u0442\u044b\u043d\u0433\u0430\u0432\u044b\u044f \u0444\u0430\u0439\u043b\u044b cookie:<\/strong> \u0432\u044b\u043a\u0430\u0440\u044b\u0441\u0442\u043e\u045e\u0432\u0430\u044e\u0446\u0446\u0430 \u0434\u043b\u044f \u043f\u0440\u0430\u0434\u0430\u0441\u0442\u0430\u045e\u043b\u0435\u043d\u043d\u044f \u043a\u0430\u043d\u0442\u044d\u043d\u0442\u0443 \u0456 \u0440\u044d\u043a\u043b\u0430\u043c\u044b, \u0430\u0434\u0430\u043f\u0442\u0430\u0432\u0430\u043d\u044b\u0445 \u0434\u0430 \u0432\u0430\u0448\u044b\u0445 \u0456\u043d\u0442\u0430\u0440\u044d\u0441\u0430\u045e.<\/li><\/ul><p><strong>3. \u0424\u0430\u0439\u043b\u044b cookie \u0442\u0440\u044d\u0446\u0456\u0445 \u0430\u0441\u043e\u0431<\/strong><\/p><p>\u041d\u0435\u043a\u0430\u0442\u043e\u0440\u044b\u044f \u0444\u0430\u0439\u043b\u044b cookie \u043d\u0430 \u043d\u0430\u0448\u044b\u043c \u0441\u0430\u0439\u0446\u0435 \u043a\u0456\u0440\u0443\u044e\u0446\u0446\u0430 \u0441\u0442\u0430\u0440\u043e\u043d\u043d\u0456\u043c\u0456 \u043f\u0430\u0441\u0442\u0430\u045e\u0448\u0447\u044b\u043a\u0430\u043c\u0456 \u043f\u0430\u0441\u043b\u0443\u0433. \u0413\u044d\u0442\u044b\u044f \u0444\u0430\u0439\u043b\u044b cookie \u0432\u044b\u043a\u0430\u0440\u044b\u0441\u0442\u043e\u045e\u0432\u0430\u044e\u0446\u0446\u0430 \u0434\u043b\u044f \u0440\u044d\u043a\u043b\u0430\u043c\u043d\u044b\u0445 \u0456 \u0430\u043d\u0430\u043b\u0456\u0442\u044b\u0447\u043d\u044b\u0445 \u0441\u043b\u0443\u0436\u0431\u0430\u045e \u0456 \u043f\u0430\u0434\u043f\u0430\u0440\u0430\u0434\u043a\u043e\u045e\u0432\u0430\u044e\u0446\u0446\u0430 \u045e\u043b\u0430\u0441\u043d\u0430\u0439 \u043f\u0430\u043b\u0456\u0442\u044b\u0446\u044b \u043f\u0440\u044b\u0432\u0430\u0442\u043d\u0430\u0441\u0446\u0456 \u0442\u0440\u044d\u0446\u0456\u0445 \u0430\u0441\u043e\u0431. \u041c\u044b \u0440\u044d\u043a\u0430\u043c\u0435\u043d\u0434\u0443\u0435\u043c \u0432\u0430\u043c \u0430\u0437\u043d\u0430\u0451\u043c\u0456\u0446\u0446\u0430 \u0437 \u043f\u0430\u043b\u0456\u0442\u044b\u043a\u0430\u0439 \u043f\u0440\u044b\u0432\u0430\u0442\u043d\u0430\u0441\u0446\u0456 \u0433\u044d\u0442\u044b\u0445 \u043f\u0430\u0441\u0442\u0430\u045e\u0448\u0447\u044b\u043a\u043e\u045e \u043f\u0430\u0441\u043b\u0443\u0433 \u0434\u043b\u044f \u0430\u0442\u0440\u044b\u043c\u0430\u043d\u043d\u044f \u0434\u0430\u0434\u0430\u0442\u043a\u043e\u0432\u0430\u0439 \u0456\u043d\u0444\u0430\u0440\u043c\u0430\u0446\u044b\u0456 \u0430\u0431 \u0432\u044b\u043a\u0430\u0440\u044b\u0441\u0442\u0430\u043d\u043d\u0456 \u0456\u043c\u0456 \u0441\u0442\u0430\u0440\u043e\u043d\u043d\u0456\u0445 \u0444\u0430\u0439\u043b\u0430\u045e cookie.<\/p><p><strong>4. \u041a\u0430\u043d\u0442\u0440\u043e\u043b\u044c \u0456 \u0432\u044b\u0434\u0430\u043b\u0435\u043d\u043d\u0435 \u0444\u0430\u0439\u043b\u0430\u045e cookie<\/strong><\/p><p>\u0412\u044b \u043c\u043e\u0436\u0430\u0446\u0435 \u043a\u0456\u0440\u0430\u0432\u0430\u0446\u044c, \u043f\u0440\u044b\u043c\u0430\u0446\u044c \u0430\u0431\u043e \u0430\u0434\u0445\u0456\u043b\u044f\u0446\u044c \u0444\u0430\u0439\u043b\u044b cookie \u043f\u0440\u0430\u0437 \u043d\u0430\u043b\u0430\u0434\u044b \u0431\u0440\u0430\u045e\u0437\u0435\u0440\u0430. \u0412\u044b \u0442\u0430\u043a\u0441\u0430\u043c\u0430 \u043c\u043e\u0436\u0430\u0446\u0435 \u0432\u044b\u0434\u0430\u043b\u0456\u0446\u044c \u0444\u0430\u0439\u043b\u044b cookie, \u0440\u0430\u043d\u0435\u0439 \u0437\u0430\u0445\u0430\u0432\u0430\u043d\u044b\u044f \u045e \u0432\u0430\u0448\u044b\u043c \u0431\u0440\u0430\u045e\u0437\u0435\u0440\u044b. \u0414\u043b\u044f \u0430\u0442\u0440\u044b\u043c\u0430\u043d\u043d\u044f \u0434\u0430\u0434\u0430\u0442\u043a\u043e\u0432\u0430\u0439 \u0456\u043d\u0444\u0430\u0440\u043c\u0430\u0446\u044b\u0456 \u0430\u0431 \u0442\u044b\u043c, \u044f\u043a \u043a\u0456\u0440\u0430\u0432\u0430\u0446\u044c \u0444\u0430\u0439\u043b\u0430\u043c\u0456 cookie, \u0432\u044b \u043c\u043e\u0436\u0430\u0446\u0435 \u0437\u0432\u044f\u0440\u043d\u0443\u0446\u0446\u0430 \u0434\u0430 \u0456\u043d\u0441\u0442\u0440\u0443\u043a\u0446\u044b\u0439, \u044f\u043a\u0456\u044f \u0430\u0434\u043f\u0430\u0432\u044f\u0434\u0430\u044e\u0446\u044c \u0431\u0440\u0430\u045e\u0437\u0435\u0440\u0443, \u044f\u043a\u0456 \u0432\u044b \u0432\u044b\u043a\u0430\u0440\u044b\u0441\u0442\u043e\u045e\u0432\u0430\u0435\u0446\u0435:<\/p><ul><li><a target=\"_new\" rel=\"noreferrer\">Google Chrome<\/a><\/li><li><a href=\"https:\/\/support.mozilla.org\/tr\/kb\/cerezleri-silme\" target=\"_new\" rel=\"noreferrer noopener\">Mozilla Firefox<\/a><\/li><li><a href=\"https:\/\/support.apple.com\/tr-tr\/guide\/safari\/sfri11471\/mac\" target=\"_new\" rel=\"noreferrer noopener\">\u0421\u0430\u0444\u0430\u0440\u044b<\/a><\/li><li><a href=\"https:\/\/support.microsoft.com\/tr-tr\/help\/4027947\/microsoft-edge-delete-cookies\" target=\"_new\" rel=\"noreferrer noopener\">Microsoft Edge<\/a><\/li><\/ul><p class=\"translation-block\">5. \u0417\u043c\u0435\u043d\u044b \u045e \u043f\u0430\u043b\u0456\u0442\u044b\u0446\u044b \u043a\u0443\u043a\u0456<\/p><p>Hostragons \u043f\u0430\u043a\u0456\u0434\u0430\u0435 \u0437\u0430 \u0441\u0430\u0431\u043e\u0439 \u043f\u0440\u0430\u0432\u0430 \u0437\u043c\u044f\u043d\u044f\u0446\u044c \u043f\u0430\u043b\u0456\u0442\u044b\u043a\u0443 \u0432\u044b\u043a\u0430\u0440\u044b\u0441\u0442\u0430\u043d\u043d\u044f \u0444\u0430\u0439\u043b\u0430\u045e cookie. \u041b\u044e\u0431\u044b\u044f \u0437\u043c\u0435\u043d\u044b \u043d\u0430\u0448\u0430\u0439 \u043f\u0430\u043b\u0456\u0442\u044b\u043a\u0456 \u0431\u0443\u0434\u0443\u0446\u044c \u0430\u0431\u043d\u043e\u045e\u043b\u0435\u043d\u044b \u043d\u0430 \u0433\u044d\u0442\u0430\u0439 \u0441\u0442\u0430\u0440\u043e\u043d\u0446\u044b \u0456 \u045e\u0441\u0442\u0443\u043f\u044f\u0446\u044c \u0443 \u0441\u0456\u043b\u0443. \u041c\u044b \u0440\u044d\u043a\u0430\u043c\u0435\u043d\u0434\u0443\u0435\u043c \u043a\u0430\u0440\u044b\u0441\u0442\u0430\u043b\u044c\u043d\u0456\u043a\u0430\u043c \u0437\u0430\u0441\u0442\u0430\u0432\u0430\u0446\u0446\u0430 \u045e \u043a\u0443\u0440\u0441\u0435 \u043b\u044e\u0431\u044b\u0445 \u0437\u043c\u044f\u043d\u0435\u043d\u043d\u044f\u045e, \u0440\u044d\u0433\u0443\u043b\u044f\u0440\u043d\u0430 \u043f\u0440\u0430\u0432\u044f\u0440\u0430\u044e\u0447\u044b \u0433\u044d\u0442\u0443\u044e \u0441\u0442\u0430\u0440\u043e\u043d\u043a\u0443.<\/p><p><strong>6. \u041a\u0430\u043c\u0443\u043d\u0456\u043a\u0430\u0446\u044b\u044f<\/strong><\/p><p>\u041f\u0430 \u043f\u044b\u0442\u0430\u043d\u043d\u044f\u0445 \u0430\u0431 \u0433\u044d\u0442\u0430\u0439 \u043f\u0430\u043b\u0456\u0442\u044b\u0446\u044b \u0432\u044b\u043a\u0430\u0440\u044b\u0441\u0442\u0430\u043d\u043d\u044f \u0444\u0430\u0439\u043b\u0430\u045e cookie <a rel=\"noreferrer\">hello@hostragons.com<\/a> \u0412\u044b \u043c\u043e\u0436\u0430\u0446\u0435 \u0437\u0432\u044f\u0437\u0430\u0446\u0446\u0430 \u0437 \u043d\u0430\u043c\u0456 \u043f\u0430 \u0430\u0434\u0440\u0430\u0441\u0435.<\/p>\t\t\t\t\t\t\t\t<\/div>\n\t\t\t\t<\/div>\n\t\t\t\t\t<\/div>\n\t\t<\/div>\n\t\t\t\t\t<\/div>\n\t\t<\/section>\n\t\t\t\t<\/div>","protected":false},"excerpt":{"rendered":"<p>Y\u00fcr\u00fcrl\u00fck\/G\u00fcncelleme Tarihi: 05.08.2024 1. \u00c7erez (Cookie) Nedir? \u00c7erezler, web siteleri taraf\u0131ndan taray\u0131c\u0131n\u0131za g\u00f6nderilen ve cihaz\u0131n\u0131zda depolanan k\u00fc\u00e7\u00fck veri dosyalar\u0131d\u0131r. Bu dosyalar, siteyi tekrar ziyaret etti\u011finizde taray\u0131c\u0131n\u0131z\u0131n web sitesini tan\u0131mas\u0131n\u0131 sa\u011flar ve \u00f6nceki ziyaretlerinizdeki tercihlerinizi hat\u0131rlayarak kullan\u0131c\u0131 deneyiminizi ki\u015fiselle\u015ftirir. 2. \u00c7erezlerin Kullan\u0131m Ama\u00e7lar\u0131 Hostragons, a\u015fa\u011f\u0131daki ama\u00e7lar do\u011frultusunda \u00e7erezleri kullan\u0131r: Zorunlu \u00c7erezler: Sitenin temel i\u015flevlerini yerine getirebilmesi [&hellip;]<\/p>\n","protected":false},"author":94,"featured_media":7852,"parent":0,"menu_order":0,"comment_status":"closed","ping_status":"closed","template":"","meta":{"googlesitekit_rrm_CAow5YvFDA:productID":"","footnotes":""},"class_list":["post-2358","page","type-page","status-publish","has-post-thumbnail","hentry"],"_links":{"self":[{"href":"https:\/\/www.hostragons.com\/be\/wp-json\/wp\/v2\/pages\/2358","targetHints":{"allow":["GET"]}}],"collection":[{"href":"https:\/\/www.hostragons.com\/be\/wp-json\/wp\/v2\/pages"}],"about":[{"href":"https:\/\/www.hostragons.com\/be\/wp-json\/wp\/v2\/types\/page"}],"author":[{"embeddable":true,"href":"https:\/\/www.hostragons.com\/be\/wp-json\/wp\/v2\/users\/94"}],"replies":[{"embeddable":true,"href":"https:\/\/www.hostragons.com\/be\/wp-json\/wp\/v2\/comments?post=2358"}],"version-history":[{"count":0,"href":"https:\/\/www.hostragons.com\/be\/wp-json\/wp\/v2\/pages\/2358\/revisions"}],"wp:featuredmedia":[{"embeddable":true,"href":"https:\/\/www.hostragons.com\/be\/wp-json\/wp\/v2\/media\/7852"}],"wp:attachment":[{"href":"https:\/\/www.hostragons.com\/be\/wp-json\/wp\/v2\/media?parent=2358"}],"curies":[{"name":"\u0432\u043f","href":"https:\/\/api.w.org\/{rel}","templated":true}]}}