{"id":2031,"date":"2020-09-08T16:09:39","date_gmt":"2020-09-08T13:09:39","guid":{"rendered":"https:\/\/www.hostragons.com\/?page_id=2031"},"modified":"2024-09-26T17:52:04","modified_gmt":"2024-09-26T14:52:04","slug":"%d0%bf%d0%b0%d0%bb%d1%96%d1%82%d1%8b%d0%ba%d0%b0-%d0%bf%d1%80%d1%8b%d0%b2%d0%b0%d1%82%d0%bd%d0%b0%d1%81%d1%86%d1%96","status":"publish","type":"page","link":"https:\/\/www.hostragons.com\/be\/%d0%bf%d0%b0%d0%bb%d1%96%d1%82%d1%8b%d0%ba%d0%b0-%d0%bf%d1%80%d1%8b%d0%b2%d0%b0%d1%82%d0%bd%d0%b0%d1%81%d1%86%d1%96\/","title":{"rendered":"\u041f\u0430\u043b\u0456\u0442\u044b\u043a\u0430 \u043f\u0440\u044b\u0432\u0430\u0442\u043d\u0430\u0441\u0446\u0456"},"content":{"rendered":"<div data-elementor-type=\"wp-page\" data-elementor-id=\"2031\" class=\"elementor elementor-2031\" data-elementor-post-type=\"page\">\n\t\t\t\t\t\t<section class=\"elementor-section elementor-top-section elementor-element elementor-element-91e4b54 elementor-section-boxed elementor-section-height-default elementor-section-height-default\" data-id=\"91e4b54\" data-element_type=\"section\" data-e-type=\"section\">\n\t\t\t\t\t\t<div class=\"elementor-container elementor-column-gap-default\">\n\t\t\t\t\t<div class=\"elementor-column elementor-col-100 elementor-top-column elementor-element elementor-element-0774a31\" data-id=\"0774a31\" data-element_type=\"column\" data-e-type=\"column\">\n\t\t\t<div class=\"elementor-widget-wrap elementor-element-populated\">\n\t\t\t\t\t\t<div class=\"elementor-element elementor-element-830efa2 elementor-widget elementor-widget-text-editor\" data-id=\"830efa2\" data-element_type=\"widget\" data-e-type=\"widget\" data-widget_type=\"text-editor.default\">\n\t\t\t\t<div class=\"elementor-widget-container\">\n\t\t\t\t\t\t\t\t\t<p><strong>\u0423\u0441\u0442\u0443\u043f\u043b\u0435\u043d\u043d\u0435 \u045e \u0441\u0456\u043b\u0443\/\u0414\u0430\u0442\u0430 \u0430\u0431\u043d\u0430\u045e\u043b\u0435\u043d\u043d\u044f: 05.08.2024<\/strong><\/p><p><strong>1. \u0423\u0432\u043e\u0434\u0437\u0456\u043d\u044b<\/strong><\/p><p>Hostragons Global Limited (&quot;Hostragons&quot;) \u0441\u0443\u0440&#039;\u0451\u0437\u043d\u0430 \u0441\u0442\u0430\u0432\u0456\u0446\u0446\u0430 \u0434\u0430 \u043f\u0440\u044b\u0432\u0430\u0442\u043d\u0430\u0441\u0446\u0456 \u043d\u0430\u0448\u044b\u0445 \u043a\u0430\u0440\u044b\u0441\u0442\u0430\u043b\u044c\u043d\u0456\u043a\u0430\u045e \u0456 \u0430\u0431\u0430\u0440\u043e\u043d\u044b \u0456\u0445 \u0430\u0441\u0430\u0431\u0456\u0441\u0442\u044b\u0445 \u0434\u0430\u043d\u044b\u0445. \u0413\u044d\u0442\u0430\u044f \u041f\u0430\u043b\u0456\u0442\u044b\u043a\u0430 \u043a\u0430\u043d\u0444\u0456\u0434\u044d\u043d\u0446\u044b\u044f\u043b\u044c\u043d\u0430\u0441\u0446\u0456 \u0456 \u0437\u0430\u0445\u0430\u0432\u0430\u043d\u043d\u044f GDPR \u0442\u043b\u0443\u043c\u0430\u0447\u044b\u0446\u044c, \u044f\u043a \u043f\u0435\u0440\u0441\u0430\u043d\u0430\u043b\u044c\u043d\u044b\u044f \u0434\u0430\u043d\u044b\u044f \u0437\u0431\u0456\u0440\u0430\u044e\u0446\u0446\u0430, \u0432\u044b\u043a\u0430\u0440\u044b\u0441\u0442\u043e\u045e\u0432\u0430\u044e\u0446\u0446\u0430, \u0430\u0431\u0430\u0440\u0430\u043d\u044f\u044e\u0446\u0446\u0430 \u0456 \u043a\u0456\u0440\u0443\u044e\u0446\u0446\u0430 \u045e \u0430\u0434\u043f\u0430\u0432\u0435\u0434\u043d\u0430\u0441\u0446\u0456 \u0437 GDPR. \u0412\u044b\u043a\u0430\u0440\u044b\u0441\u0442\u043e\u045e\u0432\u0430\u044e\u0447\u044b \u043d\u0430\u0448 \u0432\u044d\u0431-\u0441\u0430\u0439\u0442 \u0456 \u043f\u0430\u0441\u043b\u0443\u0433\u0456, \u043b\u0456\u0447\u044b\u0446\u0446\u0430, \u0448\u0442\u043e \u0432\u044b \u043f\u0440\u044b\u043c\u0430\u0435\u0446\u0435 \u0433\u044d\u0442\u0443\u044e \u043f\u0430\u043b\u0456\u0442\u044b\u043a\u0443.<\/p><p><strong>2. \u041a\u0430\u043d\u0442\u0440\u043e\u043b\u0435\u0440 \u0434\u0430\u0434\u0437\u0435\u043d\u044b\u0445 \u0456 \u043f\u0440\u0430\u0434\u0441\u0442\u0430\u045e\u043d\u0456\u043a<\/strong><\/p><p>Hostragons \u0437&#039;\u044f\u045e\u043b\u044f\u0435\u0446\u0446\u0430 \u043a\u0430\u043d\u0442\u0440\u0430\u043b\u0451\u0440\u0430\u043c \u0434\u0430\u0434\u0437\u0435\u043d\u044b\u0445, \u0430\u0434\u043a\u0430\u0437\u043d\u044b\u043c \u0437\u0430 \u0430\u0431\u0430\u0440\u043e\u043d\u0443 \u0432\u0430\u0448\u044b\u0445 \u0430\u0441\u0430\u0431\u0456\u0441\u0442\u044b\u0445 \u0434\u0430\u043d\u044b\u0445. \u041d\u0430\u0448 \u043f\u0440\u0430\u0434\u0441\u0442\u0430\u045e\u043d\u0456\u043a \u0443 \u0415\u045e\u0440\u0430\u0441\u0430\u044e\u0437\u0435:<\/p><ul><li><strong>\u041f\u0440\u0430\u0434\u0441\u0442\u0430\u045e\u043d\u0456\u043a \u043f\u0430 \u0430\u0431\u0430\u0440\u043e\u043d\u0435 \u0434\u0430\u043d\u044b\u0445:<\/strong> \u0417\u0430\u043a\u043e\u043d \u041a\u0432\u0435\u0431\u0435\u043a\u0430 \u0430\u0431 \u043f\u0440\u044b\u0432\u0430\u0442\u043d\u0430\u0441\u0446\u0456.<\/li><\/ul><p><strong>3. \u0410\u0441\u043d\u043e\u045e\u043d\u044b\u044f \u043f\u0440\u044b\u043d\u0446\u044b\u043f\u044b \u0430\u043f\u0440\u0430\u0446\u043e\u045e\u043a\u0456 \u0434\u0430\u043d\u044b\u0445<\/strong><\/p><p>\u0423 Hostragons \u043c\u044b \u043f\u0440\u044b\u0442\u0440\u044b\u043c\u043b\u0456\u0432\u0430\u0435\u043c\u0441\u044f \u043d\u0430\u0441\u0442\u0443\u043f\u043d\u044b\u0445 \u0430\u0441\u043d\u043e\u045e\u043d\u044b\u0445 \u043f\u0440\u044b\u043d\u0446\u044b\u043f\u0430\u045e \u0443 \u0430\u0434\u043f\u0430\u0432\u0435\u0434\u043d\u0430\u0441\u0446\u0456 \u0437 \u043f\u0430\u0442\u0440\u0430\u0431\u0430\u0432\u0430\u043d\u043d\u044f\u043c\u0456 GDPR:<\/p><ul><li class=\"translation-block\"><strong>\u041f\u0440\u0430\u0437\u0440\u044b\u0441\u0442\u0430\u0441\u0446\u044c:<\/strong> \u043c\u044b \u0434\u0430\u043a\u043b\u0430\u0434\u043d\u0430 \u043f\u0430\u043a\u0430\u0437\u0432\u0430\u0435\u043c, \u044f\u043a \u043c\u044b \u0437\u0431\u0456\u0440\u0430\u0435\u043c \u0456 \u0430\u043f\u0440\u0430\u0446\u043e\u045e\u0432\u0430\u0435\u043c \u0432\u0430\u0448\u044b \u0430\u0441\u0430\u0431\u0456\u0441\u0442\u044b\u044f \u0434\u0430\u043d\u044b\u044f.<\/li><li class=\"translation-block\"><strong>\u0414\u0430\u043a\u043b\u0430\u0434\u043d\u0430\u0441\u0446\u044c:<\/strong> \u043c\u044b \u043f\u0430\u0434\u0442\u0440\u044b\u043c\u043b\u0456\u0432\u0430\u0435\u043c \u0434\u0430\u043a\u043b\u0430\u0434\u043d\u0430\u0441\u0446\u044c \u0456 \u0430\u043a\u0442\u0443\u0430\u043b\u044c\u043d\u0430\u0441\u0446\u044c \u0432\u0430\u0448\u044b\u0445 \u0434\u0430\u043d\u044b\u0445.<\/li><li class=\"translation-block\"><strong>\u041c\u0456\u043d\u0456\u043c\u0456\u0437\u0430\u0446\u044b\u044f:<\/strong> \u043c\u044b \u0437\u0431\u0456\u0440\u0430\u0435\u043c \u0456 \u0430\u043f\u0440\u0430\u0446\u043e\u045e\u0432\u0430\u0435\u043c \u0442\u043e\u043b\u044c\u043a\u0456 \u043d\u0435\u0430\u0431\u0445\u043e\u0434\u043d\u044b\u044f \u0434\u0430\u043d\u044b\u044f.<\/li><li class=\"translation-block\"><strong>\u0410\u0431\u043c\u0435\u0436\u0430\u0432\u0430\u043d\u043d\u0435 \u0437\u0430\u0445\u043e\u045e\u0432\u0430\u043d\u043d\u044f:<\/strong> \u041c\u044b \u0437\u0430\u0445\u043e\u045e\u0432\u0430\u0435\u043c \u0432\u0430\u0448\u044b \u0434\u0430\u043d\u044b\u044f \u0442\u043e\u043b\u044c\u043a\u0456 \u0441\u0442\u043e\u043b\u044c\u043a\u0456, \u043a\u043e\u043b\u044c\u043a\u0456 \u043d\u0435\u0430\u0431\u0445\u043e\u0434\u043d\u0430.<\/li><\/ul><p><strong>4. \u0421\u0430\u0431\u0440\u0430\u043d\u0430\u044f \u0456\u043d\u0444\u0430\u0440\u043c\u0430\u0446\u044b\u044f<\/strong><\/p><p>Hostragons \u0437\u0431\u0456\u0440\u0430\u0435 \u043d\u0430\u0441\u0442\u0443\u043f\u043d\u0443\u044e \u0430\u0441\u0430\u0431\u0456\u0441\u0442\u0443\u044e \u0456\u043d\u0444\u0430\u0440\u043c\u0430\u0446\u044b\u044e:<\/p><ul><li class=\"translation-block\"><strong>\u0406\u043d\u0444\u0430\u0440\u043c\u0430\u0446\u044b\u044f \u043f\u0440\u0430 \u0430\u0441\u043e\u0431\u0443:<\/strong> \u0456\u043c\u044f, \u043f\u0440\u043e\u0437\u0432\u0456\u0448\u0447\u0430, \u0430\u0434\u0440\u0430\u0441, \u043d\u0443\u043c\u0430\u0440 \u0442\u044d\u043b\u0435\u0444\u043e\u043d\u0430, \u0430\u0434\u0440\u0430\u0441 \u044d\u043b\u0435\u043a\u0442\u0440\u043e\u043d\u043d\u0430\u0439 \u043f\u043e\u0448\u0442\u044b.<\/li><li class=\"translation-block\"><strong>\u0406\u043d\u0444\u0430\u0440\u043c\u0430\u0446\u044b\u044f \u0430\u0431 \u0430\u043f\u043b\u0430\u0446\u0435:<\/strong> \u0456\u043d\u0444\u0430\u0440\u043c\u0430\u0446\u044b\u044f \u0430\u0431 \u043a\u0440\u044d\u0434\u044b\u0442\u043d\u0430\u0439 \u043a\u0430\u0440\u0446\u0435 \u0456 \u043f\u043b\u0430\u0446\u0435\u0436\u043d\u044b\u044f \u0440\u044d\u043a\u0432\u0456\u0437\u0456\u0442\u044b.<\/li><li class=\"translation-block\"><strong>\u0422\u044d\u0445\u043d\u0456\u0447\u043d\u044b\u044f \u0434\u0430\u0434\u0437\u0435\u043d\u044b\u044f:<\/strong> IP-\u0430\u0434\u0440\u0430\u0441, \u0442\u044b\u043f \u0431\u0440\u0430\u045e\u0437\u0435\u0440\u0430, \u0430\u043f\u0435\u0440\u0430\u0446\u044b\u0439\u043d\u0430\u044f \u0441\u0456\u0441\u0442\u044d\u043c\u0430.<\/li><li class=\"translation-block\"><strong>\u041f\u0430\u0432\u043e\u0434\u0437\u0456\u043d\u044b \u043a\u0430\u0440\u044b\u0441\u0442\u0430\u043b\u044c\u043d\u0456\u043a\u0430:<\/strong> \u043f\u0435\u0440\u0430\u0432\u0430\u0433\u0456 \u043a\u0430\u0440\u044b\u0441\u0442\u0430\u043b\u044c\u043d\u0456\u043a\u0430, \u043f\u0435\u0440\u0430\u043c\u044f\u0448\u0447\u044d\u043d\u043d\u0456 \u043f\u0430 \u0441\u0430\u0439\u0446\u0435.<\/li><\/ul><p><strong>5. \u0412\u044b\u043a\u0430\u0440\u044b\u0441\u0442\u0430\u043d\u043d\u0435 \u043f\u0435\u0440\u0441\u0430\u043d\u0430\u043b\u044c\u043d\u044b\u0445 \u0434\u0430\u043d\u044b\u0445<\/strong><\/p><p>\u0421\u0430\u0431\u0440\u0430\u043d\u0430\u044f \u0430\u0441\u0430\u0431\u0456\u0441\u0442\u0430\u044f \u0456\u043d\u0444\u0430\u0440\u043c\u0430\u0446\u044b\u044f \u0432\u044b\u043a\u0430\u0440\u044b\u0441\u0442\u043e\u045e\u0432\u0430\u0435\u0446\u0446\u0430 \u045e \u043d\u0430\u0441\u0442\u0443\u043f\u043d\u044b\u0445 \u043c\u044d\u0442\u0430\u0445:<\/p><ul><li>\u041f\u0440\u0430\u0434\u0430\u0441\u0442\u0430\u045e\u043b\u0435\u043d\u043d\u0435 \u0456 \u043a\u0456\u0440\u0430\u0432\u0430\u043d\u043d\u0435 \u043f\u0430\u0441\u043b\u0443\u0433\u0430\u043c\u0456.<\/li><li>\u041f\u0430\u0441\u043b\u0443\u0433\u0456 \u043f\u0430\u0434\u0442\u0440\u044b\u043c\u043a\u0456 \u043a\u043b\u0456\u0435\u043d\u0442\u0430\u045e \u0456 \u0441\u0443\u0432\u044f\u0437\u0456.<\/li><li>\u0420\u0430\u0445\u0443\u043d\u043a\u0456-\u0444\u0430\u043a\u0442\u0443\u0440\u044b \u0456 \u043f\u0430\u0434\u0440\u044b\u0445\u0442\u043e\u045e\u043a\u0430 \u044e\u0440\u044b\u0434\u044b\u0447\u043d\u044b\u0445 \u0434\u0430\u043a\u0443\u043c\u0435\u043d\u0442\u0430\u045e.<\/li><li>\u041f\u0430\u043b\u044f\u043f\u0448\u044d\u043d\u043d\u0435 \u043f\u0440\u0430\u0434\u0443\u043a\u0446\u044b\u0439\u043d\u0430\u0441\u0446\u0456 \u043d\u0430\u0448\u0430\u0433\u0430 \u0432\u044d\u0431-\u0441\u0430\u0439\u0442\u0430 \u0456 \u043a\u0430\u0440\u044b\u0441\u0442\u0430\u0446\u043a\u0430\u0433\u0430 \u0434\u043e\u0441\u0432\u0435\u0434\u0443.<\/li><li>\u0412\u044b\u043a\u0430\u043d\u0430\u043d\u043d\u0435 \u044e\u0440\u044b\u0434\u044b\u0447\u043d\u044b\u0445 \u0430\u0431\u0430\u0432\u044f\u0437\u043a\u0430\u045e \u0456 \u0430\u0431\u0430\u0440\u043e\u043d\u0430 \u043f\u0440\u0430\u0432\u043e\u045e.<\/li><li>\u041c\u0430\u0440\u043a\u0435\u0442\u044b\u043d\u0433\u0430\u0432\u0430\u044f \u0456 \u0440\u044d\u043a\u043b\u0430\u043c\u043d\u0430\u044f \u0434\u0437\u0435\u0439\u043d\u0430\u0441\u0446\u044c.<\/li><\/ul><p><strong>6. \u0422\u044d\u0440\u043c\u0456\u043d \u0437\u0430\u0445\u043e\u045e\u0432\u0430\u043d\u043d\u044f \u043f\u0435\u0440\u0441\u0430\u043d\u0430\u043b\u044c\u043d\u044b\u0445 \u0434\u0430\u043d\u044b\u0445<\/strong><\/p><p>\u041c\u044b \u0437\u0430\u0445\u043e\u045e\u0432\u0430\u0435\u043c \u0432\u0430\u0448\u044b \u043f\u0435\u0440\u0441\u0430\u043d\u0430\u043b\u044c\u043d\u044b\u044f \u0434\u0430\u043d\u044b\u044f \u0442\u043e\u043b\u044c\u043a\u0456 \u0441\u0442\u043e\u043b\u044c\u043a\u0456 \u0447\u0430\u0441\u0443, \u043a\u043e\u043b\u044c\u043a\u0456 \u043d\u0435\u0430\u0431\u0445\u043e\u0434\u043d\u0430 \u0434\u043b\u044f \u043c\u044d\u0442 \u043d\u0430\u0448\u0430\u0439 \u0430\u043f\u0440\u0430\u0446\u043e\u045e\u043a\u0456. \u0412\u044b \u043c\u043e\u0436\u0430\u0446\u0435 \u0437\u0432\u044f\u0437\u0430\u0446\u0446\u0430 \u0437 \u043d\u0430\u043c\u0456, \u043a\u0430\u0431 \u0430\u0442\u0440\u044b\u043c\u0430\u0446\u044c \u0456\u043d\u0444\u0430\u0440\u043c\u0430\u0446\u044b\u044e \u0430\u0431 \u0442\u044b\u043c, \u044f\u043a \u0434\u043e\u045e\u0433\u0430 \u043c\u044b \u0437\u0430\u0445\u043e\u045e\u0432\u0430\u0435\u043c \u0432\u0430\u0448\u044b \u0434\u0430\u043d\u044b\u044f \u0456 \u044f\u043a \u0432\u044b\u0437\u043d\u0430\u0447\u0430\u0435\u0446\u0446\u0430 \u0433\u044d\u0442\u044b \u043f\u0435\u0440\u044b\u044f\u0434.<\/p><p><strong>7. \u041f\u043b\u0430\u0446\u0435\u0436\u043d\u0430\u044f \u0456\u043d\u0444\u0430\u0440\u043c\u0430\u0446\u044b\u044f \u0456 \u0431\u044f\u0441\u043f\u0435\u043a\u0430<\/strong><\/p><ul><li>\u0412\u0430\u0448\u0430 \u043a\u0440\u044d\u0434\u044b\u0442\u043d\u0430\u044f \u043a\u0430\u0440\u0442\u0430 \u0456 \u043f\u043b\u0430\u0446\u0435\u0436\u043d\u0430\u044f \u0456\u043d\u0444\u0430\u0440\u043c\u0430\u0446\u044b\u044f \u0430\u0431\u0430\u0440\u043e\u043d\u0435\u043d\u044b \u0442\u0430\u043a\u0456\u043c\u0456 \u043c\u0435\u0440\u0430\u043c\u0456 \u0431\u044f\u0441\u043f\u0435\u043a\u0456, \u044f\u043a 256-\u0431\u0456\u0442\u043d\u044b \u0441\u0435\u0440\u0442\u044b\u0444\u0456\u043a\u0430\u0442 SSL.<\/li><li>\u0406\u043d\u0444\u0430\u0440\u043c\u0430\u0446\u044b\u044f \u0430\u0431 \u0432\u0430\u0448\u0430\u0439 \u043a\u0430\u0440\u0446\u0435 \u043f\u0435\u0440\u0430\u0434\u0430\u0435\u0446\u0446\u0430 \u045e \u0437\u0430\u0448\u044b\u0444\u0440\u0430\u0432\u0430\u043d\u044b\u043c \u0432\u044b\u0433\u043b\u044f\u0434\u0437\u0435 \u0456 \u043d\u0435 \u0437\u0430\u0445\u043e\u045e\u0432\u0430\u0435\u0446\u0446\u0430 Hostragons.<\/li><li>\u041f\u0440\u044b\u043d\u044f\u0442\u044b \u043c\u0435\u0440\u044b \u0437\u0430\u0441\u0446\u044f\u0440\u043e\u0433\u0456 \u0430\u0434 \u043c\u0430\u0433\u0447\u044b\u043c\u044b\u0445 \u0448\u043a\u043e\u0434\u043d\u0430\u0441\u043d\u044b\u0445 \u043f\u0440\u0430\u0433\u0440\u0430\u043c \u0437 \u0434\u0430\u043f\u0430\u043c\u043e\u0433\u0430\u0439 \u0434\u0430\u0434\u0430\u0442\u043a\u043e\u0432\u044b\u0445 \u0441\u0440\u043e\u0434\u043a\u0430\u045e \u0431\u044f\u0441\u043f\u0435\u043a\u0456.<\/li><\/ul><p><strong>8. \u0424\u0430\u0439\u043b\u044b cookie \u0456 \u0442\u044d\u0445\u043d\u0430\u043b\u043e\u0433\u0456\u0456 \u0430\u0434\u0441\u043e\u0447\u0432\u0430\u043d\u043d\u044f<\/strong><\/p><p class=\"translation-block\">\u041d\u0430\u0448 \u0432\u044d\u0431-\u0441\u0430\u0439\u0442 \u0432\u044b\u043a\u0430\u0440\u044b\u0441\u0442\u043e\u045e\u0432\u0430\u0435 \u0444\u0430\u0439\u043b\u044b cookie \u0456 \u0442\u044d\u0445\u043d\u0430\u043b\u043e\u0433\u0456\u0456 \u0430\u0434\u0441\u043e\u0447\u0432\u0430\u043d\u043d\u044f, \u043a\u0430\u0431 \u043f\u0430\u043b\u0435\u043f\u0448\u044b\u0446\u044c \u043a\u0430\u0440\u044b\u0441\u0442\u0430\u0446\u043a\u0456 \u0434\u043e\u0441\u0432\u0435\u0434 \u0456 \u0437\u0440\u0430\u0437\u0443\u043c\u0435\u0446\u044c, \u044f\u043a \u0432\u044b\u043a\u0430\u0440\u044b\u0441\u0442\u043e\u045e\u0432\u0430\u0435\u0446\u0446\u0430 \u043d\u0430\u0448 \u0432\u044d\u0431-\u0441\u0430\u0439\u0442. \u0412\u044b \u043c\u043e\u0436\u0430\u0446\u0435 \u0437\u043d\u0430\u0439\u0441\u0446\u0456 \u0431\u043e\u043b\u044c\u0448 \u043f\u0430\u0434\u0440\u0430\u0431\u044f\u0437\u043d\u0443\u044e \u0456\u043d\u0444\u0430\u0440\u043c\u0430\u0446\u044b\u044e \u0430\u0431 \u0444\u0430\u0439\u043b\u0430\u0445 cookie \u0456 \u0430\u0431 \u0442\u044b\u043c, \u044f\u043a \u0456\u043c\u0456 \u043a\u0456\u0440\u0430\u0432\u0430\u0446\u044c, \u043d\u0430 <a href=\"https:\/\/www.hostragons.com\/be\/%d0%bf%d0%b0%d0%bb%d1%96%d1%82%d1%8b%d0%ba%d0%b0-%d0%ba%d1%83%d0%ba%d1%96\/\" target=\"_new\" rel=\"noreferrer\">\u043d\u0430\u0448\u0430\u0439 \u0441\u0442\u0430\u0440\u043e\u043d\u0446\u044b \u041f\u0430\u043b\u0456\u0442\u044b\u043a\u0430 \u0432\u044b\u043a\u0430\u0440\u044b\u0441\u0442\u0430\u043d\u043d\u044f \u0444\u0430\u0439\u043b\u0430\u045e cookie<\/a> .<\/p><p><strong>9. \u0410\u0431\u043c\u0435\u043d \u0430\u0441\u0430\u0431\u0456\u0441\u0442\u044b\u043c\u0456 \u0434\u0430\u0434\u0437\u0435\u043d\u044b\u043c\u0456<\/strong><\/p><ul><li>\u0412\u0430\u0448\u044b \u043f\u0435\u0440\u0441\u0430\u043d\u0430\u043b\u044c\u043d\u044b\u044f \u0434\u0430\u0434\u0437\u0435\u043d\u044b\u044f \u043f\u0435\u0440\u0430\u0434\u0430\u044e\u0446\u0446\u0430 \u0442\u0440\u044d\u0446\u0456\u043c \u0430\u0441\u043e\u0431\u0430\u043c \u0442\u043e\u043b\u044c\u043a\u0456 \u045e \u0442\u044b\u0445 \u0432\u044b\u043f\u0430\u0434\u043a\u0430\u0445, \u043a\u0430\u043b\u0456 \u0433\u044d\u0442\u0430 \u043d\u0435\u0430\u0431\u0445\u043e\u0434\u043d\u0430 \u0434\u043b\u044f \u043f\u0440\u0430\u0434\u0430\u0441\u0442\u0430\u045e\u043b\u0435\u043d\u043d\u044f \u043d\u0430\u0448\u044b\u0445 \u043f\u0430\u0441\u043b\u0443\u0433.<\/li><li>\u041c\u044b \u043c\u043e\u0436\u0430\u043c \u043f\u0435\u0440\u0430\u0434\u0430\u0432\u0430\u0446\u044c \u0432\u0430\u0448\u044b \u0434\u0430\u043d\u044b\u044f \u045e \u0430\u0434\u043f\u0430\u0432\u0435\u0434\u043d\u0430\u0441\u0446\u0456 \u0437 \u044e\u0440\u044b\u0434\u044b\u0447\u043d\u044b\u043c\u0456 \u0430\u0431\u0430\u0432\u044f\u0437\u0430\u0446\u0435\u043b\u044c\u0441\u0442\u0432\u0430\u043c\u0456 \u0430\u0431\u043e \u0441\u0443\u0434\u043e\u0432\u044b\u043c\u0456 \u043f\u0430\u0441\u0442\u0430\u043d\u043e\u0432\u0430\u043c\u0456.<\/li><li>\u0410\u0431\u043c\u0435\u043d \u0434\u0430\u0434\u0437\u0435\u043d\u044b\u043c\u0456 \u0437 \u0442\u0440\u044d\u0446\u0456\u043c\u0456 \u0430\u0441\u043e\u0431\u0430\u043c\u0456 \u0431\u0443\u0434\u0437\u0435 \u0430\u0434\u0431\u044b\u0432\u0430\u0446\u0446\u0430 \u0442\u043e\u043b\u044c\u043a\u0456 \u0437 \u0432\u0430\u0448\u0430\u0439 \u0437\u0433\u043e\u0434\u044b.<\/li><\/ul><p><strong>10. \u041f\u0440\u0430\u0432\u044b \u043a\u0430\u0440\u044b\u0441\u0442\u0430\u043b\u044c\u043d\u0456\u043a\u0430<\/strong><\/p><p>\u0423 \u0430\u0434\u043f\u0430\u0432\u0435\u0434\u043d\u0430\u0441\u0446\u0456 \u0437 GDPR \u043a\u0430\u0440\u044b\u0441\u0442\u0430\u043b\u044c\u043d\u0456\u043a\u0456 \u043c\u0430\u044e\u0446\u044c \u043d\u0430\u0441\u0442\u0443\u043f\u043d\u044b\u044f \u043f\u0440\u0430\u0432\u044b:<\/p><ul><li>\u041f\u0440\u0430\u0432\u0430 \u043d\u0430 \u0434\u043e\u0441\u0442\u0443\u043f, \u0432\u044b\u043f\u0440\u0430\u045e\u043b\u0435\u043d\u043d\u0435 \u0430\u0431\u043e \u0432\u044b\u0434\u0430\u043b\u0435\u043d\u043d\u0435 \u043f\u0435\u0440\u0441\u0430\u043d\u0430\u043b\u044c\u043d\u044b\u0445 \u0434\u0430\u043d\u044b\u0445.<\/li><li>\u041f\u0440\u0430\u0432\u0430 \u043d\u0430 \u043f\u044f\u0440\u044d\u0447\u0430\u043d\u043d\u0435 \u0441\u0443\u043f\u0440\u0430\u0446\u044c \u0430\u043f\u0440\u0430\u0446\u043e\u045e\u043a\u0456 \u0456 \u043f\u0435\u0440\u0430\u043d\u043e\u0441\u0443 \u0434\u0430\u043d\u044b\u0445.<\/li><li>\u041f\u0440\u0430\u0432\u0430 \u0430\u0434\u043a\u043b\u0456\u043a\u0430\u0446\u044c \u0437\u0433\u043e\u0434\u0443 \u045e \u043b\u044e\u0431\u044b \u0447\u0430\u0441.<\/li><\/ul><p><strong>11. \u0410\u0446\u044d\u043d\u043a\u0430 \u045e\u0437\u0434\u0437\u0435\u044f\u043d\u043d\u044f \u043d\u0430 \u0430\u0431\u0430\u0440\u043e\u043d\u0443 \u0434\u0430\u043d\u044b\u0445 (DPIA)<\/strong><\/p><p>\u0410\u0446\u044d\u043d\u043a\u0430 \u045e\u0437\u0434\u0437\u0435\u044f\u043d\u043d\u044f \u043d\u0430 \u0430\u0431\u0430\u0440\u043e\u043d\u0443 \u0434\u0430\u043d\u044b\u0445 \u043f\u0440\u0430\u0432\u043e\u0434\u0437\u0456\u0446\u0446\u0430 \u0434\u043b\u044f \u0434\u0437\u0435\u0439\u043d\u0430\u0441\u0446\u0456 \u043f\u0430 \u0430\u043f\u0440\u0430\u0446\u043e\u045e\u0446\u044b \u0434\u0430\u043d\u044b\u0445 \u0437 \u0432\u044b\u0441\u043e\u043a\u0430\u0439 \u0440\u044b\u0437\u044b\u043a\u0430\u0439. \u0412\u044b \u043c\u043e\u0436\u0430\u0446\u0435 \u0437\u0432\u044f\u0437\u0430\u0446\u0446\u0430 \u0437 \u043d\u0430\u043c\u0456, \u043a\u0430\u0431 \u0430\u0442\u0440\u044b\u043c\u0430\u0446\u044c \u0434\u0430\u0434\u0430\u0442\u043a\u043e\u0432\u0443\u044e \u0456\u043d\u0444\u0430\u0440\u043c\u0430\u0446\u044b\u044e \u0430\u0431 \u043f\u0440\u0430\u0446\u044d\u0441\u0435 DPIA.<\/p><p><strong>12. \u041c\u0456\u0436\u043d\u0430\u0440\u043e\u0434\u043d\u0430\u044f \u043f\u0435\u0440\u0430\u0434\u0430\u0447\u0430 \u0434\u0430\u043d\u044b\u0445<\/strong><\/p><p>\u041c\u044b \u043f\u0440\u044b\u043c\u0430\u0435\u043c \u043d\u0435\u0430\u0431\u0445\u043e\u0434\u043d\u044b\u044f \u043c\u0435\u0440\u044b \u0430\u0431\u0430\u0440\u043e\u043d\u044b \u043f\u0440\u044b \u043f\u0435\u0440\u0430\u0434\u0430\u0447\u044b \u0432\u0430\u0448\u044b\u0445 \u043f\u0435\u0440\u0441\u0430\u043d\u0430\u043b\u044c\u043d\u044b\u0445 \u0434\u0430\u043d\u044b\u0445 \u0437\u0430 \u043c\u0435\u0436\u044b \u0415\u0421. \u0412\u044b \u043c\u043e\u0436\u0430\u0446\u0435 \u0437\u0432\u044f\u0437\u0430\u0446\u0446\u0430 \u0437 \u043d\u0430\u043c\u0456 \u0434\u043b\u044f \u0430\u0442\u0440\u044b\u043c\u0430\u043d\u043d\u044f \u0434\u0430\u0434\u0430\u0442\u043a\u043e\u0432\u0430\u0439 \u0456\u043d\u0444\u0430\u0440\u043c\u0430\u0446\u044b\u0456 \u0430\u0431 \u043c\u0456\u0436\u043d\u0430\u0440\u043e\u0434\u043d\u0430\u0439 \u043f\u0435\u0440\u0430\u0434\u0430\u0447\u044b \u0434\u0430\u043d\u044b\u0445.<\/p><p><strong>13. \u0410\u043f\u0430\u0432\u044f\u0448\u0447\u044d\u043d\u043d\u0435 \u0430\u0431 \u043f\u0430\u0440\u0443\u0448\u044d\u043d\u043d\u0456 \u0434\u0430\u043d\u044b\u0445<\/strong><\/p><p>\u0423 \u0432\u044b\u043f\u0430\u0434\u043a\u0443 \u045e\u0446\u0435\u0447\u043a\u0456 \u0434\u0430\u0434\u0437\u0435\u043d\u044b\u0445 \u043c\u044b \u043d\u0435\u0430\u0434\u043a\u043b\u0430\u0434\u043d\u0430 \u043f\u0430\u0432\u0435\u0434\u0430\u043c\u043b\u044f\u0435\u043c \u0443\u043f\u0430\u045e\u043d\u0430\u0432\u0430\u0436\u0430\u043d\u044b\u043c \u043e\u0440\u0433\u0430\u043d\u0430\u043c \u0456 \u043f\u0430\u0446\u044f\u0440\u043f\u0435\u043b\u044b\u043c \u0430\u0441\u043e\u0431\u0430\u043c. \u0412\u044b \u043c\u043e\u0436\u0430\u0446\u0435 \u0437\u0432\u044f\u0437\u0430\u0446\u0446\u0430 \u0437 \u043d\u0430\u043c\u0456, \u043a\u0430\u0431 \u0434\u0430\u0432\u0435\u0434\u0430\u0446\u0446\u0430 \u0431\u043e\u043b\u044c\u0448 \u0430\u0431 \u043d\u0430\u0448\u044b\u0445 \u043f\u0440\u0430\u0446\u044d\u0434\u0443\u0440\u0430\u0445 \u043f\u0430\u0440\u0443\u0448\u044d\u043d\u043d\u044f \u0434\u0430\u043d\u044b\u0445.<\/p><p><strong>14. \u0417\u043c\u0435\u043d\u044b \u045e \u0434\u0430\u0433\u0430\u0432\u043e\u0440\u044b<\/strong><\/p><p>\u0413\u044d\u0442\u0430\u044f \u043f\u0430\u043b\u0456\u0442\u044b\u043a\u0430 \u043c\u043e\u0436\u0430 \u0447\u0430\u0441 \u0430\u0434 \u0447\u0430\u0441\u0443 \u0430\u0431\u043d\u0430\u045e\u043b\u044f\u0446\u0446\u0430. \u041b\u044e\u0431\u044b\u044f \u0437\u043c\u0435\u043d\u044b, \u044f\u043a\u0456\u044f \u0431\u0443\u0434\u0443\u0446\u044c \u0443\u043d\u0435\u0441\u0435\u043d\u044b, \u0431\u0443\u0434\u0443\u0446\u044c \u0430\u043f\u0443\u0431\u043b\u0456\u043a\u0430\u0432\u0430\u043d\u044b \u043d\u0430 \u0433\u044d\u0442\u0430\u0439 \u0441\u0442\u0430\u0440\u043e\u043d\u0446\u044b \u0456 \u0431\u0443\u0434\u0443\u0446\u044c \u0443\u043a\u0430\u0437\u0430\u043d\u044b \u0437 \u0434\u0430\u0442\u0430\u0439 \u0443\u0441\u0442\u0443\u043f\u043b\u0435\u043d\u043d\u044f \u045e \u0441\u0456\u043b\u0443. \u041a\u0430\u0440\u044b\u0441\u0442\u0430\u043b\u044c\u043d\u0456\u043a\u0430\u043c \u043f\u0440\u0430\u043f\u0430\u043d\u0443\u0435\u0446\u0446\u0430 \u0440\u044d\u0433\u0443\u043b\u044f\u0440\u043d\u0430 \u043f\u0440\u0430\u0432\u044f\u0440\u0430\u0446\u044c \u0433\u044d\u0442\u0443\u044e \u0441\u0442\u0430\u0440\u043e\u043d\u043a\u0443, \u043a\u0430\u0431 \u0431\u044b\u0446\u044c \u0443 \u043a\u0443\u0440\u0441\u0435 \u043b\u044e\u0431\u044b\u0445 \u0437\u043c\u044f\u043d\u0435\u043d\u043d\u044f\u045e.<\/p>\t\t\t\t\t\t\t\t<\/div>\n\t\t\t\t<\/div>\n\t\t\t\t\t<\/div>\n\t\t<\/div>\n\t\t\t\t\t<\/div>\n\t\t<\/section>\n\t\t\t\t<\/div>","protected":false},"excerpt":{"rendered":"<p>Y\u00fcr\u00fcrl\u00fck\/G\u00fcncelleme Tarihi: 05.08.2024 1. Giri\u015f Hostragons Global Limited (&#8220;Hostragons&#8221; olarak an\u0131lacakt\u0131r), kullan\u0131c\u0131lar\u0131m\u0131z\u0131n gizlili\u011fini ve ki\u015fisel verilerinin korunmas\u0131n\u0131 ciddiye al\u0131r. Bu Gizlilik ve GDPR Uyum Politikas\u0131, ki\u015fisel verilerin nas\u0131l topland\u0131\u011f\u0131n\u0131, kullan\u0131ld\u0131\u011f\u0131n\u0131, korundu\u011funu ve GDPR kapsam\u0131nda nas\u0131l y\u00f6netildi\u011fini a\u00e7\u0131klar. Web sitemizi ve hizmetlerimizi kullanarak, bu politikay\u0131 kabul etmi\u015f say\u0131l\u0131rs\u0131n\u0131z. 2. Veri Sorumlusu ve Temsilcisi Hostragons, ki\u015fisel verilerinizi [&hellip;]<\/p>\n","protected":false},"author":94,"featured_media":7854,"parent":0,"menu_order":0,"comment_status":"closed","ping_status":"closed","template":"","meta":{"googlesitekit_rrm_CAow5YvFDA:productID":"","footnotes":""},"class_list":["post-2031","page","type-page","status-publish","has-post-thumbnail","hentry"],"_links":{"self":[{"href":"https:\/\/www.hostragons.com\/be\/wp-json\/wp\/v2\/pages\/2031","targetHints":{"allow":["GET"]}}],"collection":[{"href":"https:\/\/www.hostragons.com\/be\/wp-json\/wp\/v2\/pages"}],"about":[{"href":"https:\/\/www.hostragons.com\/be\/wp-json\/wp\/v2\/types\/page"}],"author":[{"embeddable":true,"href":"https:\/\/www.hostragons.com\/be\/wp-json\/wp\/v2\/users\/94"}],"replies":[{"embeddable":true,"href":"https:\/\/www.hostragons.com\/be\/wp-json\/wp\/v2\/comments?post=2031"}],"version-history":[{"count":0,"href":"https:\/\/www.hostragons.com\/be\/wp-json\/wp\/v2\/pages\/2031\/revisions"}],"wp:featuredmedia":[{"embeddable":true,"href":"https:\/\/www.hostragons.com\/be\/wp-json\/wp\/v2\/media\/7854"}],"wp:attachment":[{"href":"https:\/\/www.hostragons.com\/be\/wp-json\/wp\/v2\/media?parent=2031"}],"curies":[{"name":"\u0432\u043f","href":"https:\/\/api.w.org\/{rel}","templated":true}]}}