{"id":2358,"date":"2020-10-02T08:03:18","date_gmt":"2020-10-02T05:03:18","guid":{"rendered":"https:\/\/www.hostragons.com\/?page_id=2358"},"modified":"2025-03-25T09:07:38","modified_gmt":"2025-03-25T09:07:38","slug":"cerez-siyas%c9%99ti","status":"publish","type":"page","link":"https:\/\/www.hostragons.com\/az\/cerez-siyas%c9%99ti\/","title":{"rendered":"\u00c7\u0259r\u0259z Siyas\u0259ti"},"content":{"rendered":"<div data-elementor-type=\"wp-page\" data-elementor-id=\"2358\" class=\"elementor elementor-2358\" data-elementor-post-type=\"page\">\n\t\t\t\t\t\t<section class=\"elementor-section elementor-top-section elementor-element elementor-element-9da5eda elementor-section-boxed elementor-section-height-default elementor-section-height-default\" data-id=\"9da5eda\" data-element_type=\"section\" data-e-type=\"section\">\n\t\t\t\t\t\t<div class=\"elementor-container elementor-column-gap-default\">\n\t\t\t\t\t<div class=\"elementor-column elementor-col-100 elementor-top-column elementor-element elementor-element-a7228de\" data-id=\"a7228de\" data-element_type=\"column\" data-e-type=\"column\">\n\t\t\t<div class=\"elementor-widget-wrap elementor-element-populated\">\n\t\t\t\t\t\t<div class=\"elementor-element elementor-element-8bde4d6 elementor-widget elementor-widget-text-editor\" data-id=\"8bde4d6\" data-element_type=\"widget\" data-e-type=\"widget\" data-widget_type=\"text-editor.default\">\n\t\t\t\t<div class=\"elementor-widget-container\">\n\t\t\t\t\t\t\t\t\t<p><strong>Q\u00fcvv\u0259y\u0259 minm\u0259\/Yenil\u0259nm\u0259 tarixi:<\/strong> 05.08.2024<\/p><p><strong>1. \u00c7erez (Cookie) n\u0259dir?<\/strong><\/p><p>\u00c7\u0259r\u0259zl\u0259r, veb saytlar t\u0259r\u0259find\u0259n brauzeriniz\u0259 g\u00f6nd\u0259ril\u0259n v\u0259 cihaz\u0131n\u0131zda saxlan\u0131lan ki\u00e7ik m\u0259lumat fayllar\u0131d\u0131r. Bu fayllar, brauzerinizin saytlar\u0131 yenid\u0259n ziyar\u0259t etdiyinizd\u0259 tan\u0131mas\u0131na imkan verir v\u0259 \u0259vv\u0259lki ziyar\u0259tl\u0259rinizd\u0259ki \u00fcst\u00fcnl\u00fckl\u0259rinizi yadda\u015fda saxlayaraq istifad\u0259\u00e7i t\u0259cr\u00fcb\u0259nizi f\u0259rdil\u0259\u015fdirir.<\/p><p><strong>Cookies istifad\u0259\u00e7i t\u0259cr\u00fcb\u0259sini yax\u015f\u0131la\u015fd\u0131rmaq, \u00fcst\u00fcnl\u00fckl\u0259rinizi xat\u0131rlamaq v\u0259 sayt\u0131n f\u0259aliyy\u0259tini izl\u0259m\u0259k \u00fc\u00e7\u00fcn istifad\u0259 olunur.<\/strong><\/p><p>Hostragons a\u015fa\u011f\u0131dak\u0131 m\u0259qs\u0259dl\u0259r \u00fc\u00e7\u00fcn \u00e7erezl\u0259rd\u0259n istifad\u0259 edir:<\/p><ul><li class=\"translation-block\"><strong>Z\u0259ruri \u00e7erezl\u0259r:<\/strong> Sayt\u0131n \u0259sas funksiyalar\u0131n\u0131 yerin\u0259 yetir\u0259 bilm\u0259si \u00fc\u00e7\u00fcn laz\u0131ml\u0131d\u0131r.<\/li><li><strong>Performans kukil\u0259ri:<\/strong> Sayt\u0131n f\u0259aliyy\u0259tini izl\u0259m\u0259k v\u0259 yax\u015f\u0131la\u015fd\u0131rmaq \u00fc\u00e7\u00fcn istifad\u0259 olunur.<\/li><li class=\"translation-block\"><strong>Funksional \u00e7erezl\u0259r:<\/strong> \u0130stifad\u0259\u00e7i se\u00e7iml\u0259rini yadda saxlay\u0131r v\u0259 f\u0259rdil\u0259\u015fdirilmi\u015f t\u0259cr\u00fcb\u0259 t\u0259qdim edir.<\/li><li class=\"translation-block\"><strong>Reklam v\u0259 Marketinq \u00c7\u0259r\u0259zl\u0259ri:<\/strong> Maraqlar\u0131n\u0131za uy\u011fun m\u0259zmun v\u0259 reklamlar\u0131 t\u0259qdim etm\u0259k \u00fc\u00e7\u00fcn istifad\u0259 olunur.<\/li><\/ul><p><strong>Cookies veb saytlar\u0131n cihaz\u0131n\u0131za ki\u00e7ik m\u0259lumat fayllar\u0131 yazmas\u0131na imkan verir.<\/strong><\/p><p>Sayt\u0131m\u0131zdak\u0131 b\u0259zi \u00e7\u0259r\u0259zl\u0259r \u00fc\u00e7\u00fcnc\u00fc t\u0259r\u0259f xidm\u0259t t\u0259minat\u00e7\u0131lar\u0131 t\u0259r\u0259find\u0259n idar\u0259 olunur. Bu \u00e7\u0259r\u0259zl\u0259r reklam v\u0259 analitik xidm\u0259tl\u0259r \u00fc\u00e7\u00fcn istifad\u0259 edilir v\u0259 bu \u00fc\u00e7\u00fcnc\u00fc t\u0259r\u0259fl\u0259rin m\u0259xfilik siyas\u0259tin\u0259 tabedir. \u00dc\u00e7\u00fcnc\u00fc t\u0259r\u0259f \u00e7\u0259r\u0259zl\u0259rinin istifad\u0259si haqq\u0131nda daha \u00e7ox m\u0259lumat \u00fc\u00e7\u00fcn bu xidm\u0259t t\u0259minat\u00e7\u0131lar\u0131n\u0131n m\u0259xfilik siyas\u0259tl\u0259rini n\u0259z\u0259rd\u0259n ke\u00e7irm\u0259yi t\u00f6vsiy\u0259 edirik.<\/p><p><strong>Cookies-l\u0259rinizi brauzer parametrl\u0259rind\u0259n idar\u0259 ed\u0259 v\u0259 ya sil\u0259 bil\u0259rsiniz.<\/strong><\/p><p>Brauzerinizin parametrl\u0259rind\u0259n \u00e7\u0259r\u0259zl\u0259ri idar\u0259 ed\u0259, q\u0259bul ed\u0259 v\u0259 ya r\u0259dd ed\u0259 bil\u0259rsiniz. H\u0259m\u00e7inin, brauzerinizd\u0259 \u0259vv\u0259ll\u0259r saxlan\u0131lm\u0131\u015f \u00e7\u0259r\u0259zl\u0259ri sil\u0259 bil\u0259rsiniz. \u00c7\u0259r\u0259zl\u0259rin idar\u0259 edilm\u0259si haqq\u0131nda daha \u0259trafl\u0131 m\u0259lumat \u00fc\u00e7\u00fcn istifad\u0259 etdiyiniz brauzer\u0259 aid t\u0259limatlara bax\u0131n:<\/p><ul><li><a target=\"_new\" rel=\"noreferrer\">Google Chrome<\/a><\/li><li><a href=\"https:\/\/support.mozilla.org\/tr\/kb\/cerezleri-silme\" target=\"_new\" rel=\"noreferrer noopener\">Mozilla Firefox<\/a><\/li><li><a href=\"https:\/\/support.apple.com\/tr-tr\/guide\/safari\/sfri11471\/mac\" target=\"_new\" rel=\"noreferrer noopener\">Safari<\/a><\/li><li><a href=\"https:\/\/support.microsoft.com\/tr-tr\/help\/4027947\/microsoft-edge-delete-cookies\" target=\"_new\" rel=\"noreferrer noopener\">Microsoft Edge<\/a><\/li><\/ul><p><strong>Cookies siyas\u0259timizd\u0259 edil\u0259n d\u0259yi\u015fiklikl\u0259r bu s\u0259hif\u0259d\u0259 elan edil\u0259c\u0259k.<\/strong><\/p><p>Hostragons \u00e7\u0259r\u0259z siyas\u0259tind\u0259 d\u0259yi\u015fiklik etm\u0259k h\u00fcququnu \u00f6z\u00fcnd\u0259 saxlay\u0131r. Siyas\u0259timizd\u0259 edil\u0259n d\u0259yi\u015fiklikl\u0259r bu s\u0259hif\u0259d\u0259 yenil\u0259n\u0259c\u0259k v\u0259 q\u00fcvv\u0259y\u0259 min\u0259c\u0259kdir. \u0130stifad\u0259\u00e7il\u0259r\u0259 bu s\u0259hif\u0259ni m\u00fct\u0259madi olaraq yoxlama\u011f\u0131 t\u00f6vsiy\u0259 edirik ki, d\u0259yi\u015fiklikl\u0259rd\u0259n x\u0259b\u0259rdar olsunlar.<\/p><p><strong>\u018flaq\u0259<\/strong><\/p><p>Bu \u00e7\u0259r\u0259z siyas\u0259ti il\u0259 ba\u011fl\u0131 h\u0259r hans\u0131 bir sual\u0131n\u0131z varsa, biziml\u0259 \u0259laq\u0259 saxlaya bil\u0259rsiniz. <a rel=\"noreferrer\">hello@hostragons.com<\/a> Biziml\u0259 \u0259laq\u0259 saxlaya bil\u0259rsiniz.<\/p>\t\t\t\t\t\t\t\t<\/div>\n\t\t\t\t<\/div>\n\t\t\t\t\t<\/div>\n\t\t<\/div>\n\t\t\t\t\t<\/div>\n\t\t<\/section>\n\t\t\t\t<\/div>","protected":false},"excerpt":{"rendered":"<p>Y\u00fcr\u00fcrl\u00fck\/G\u00fcncelleme Tarihi: 05.08.2024 1. \u00c7erez (Cookie) Nedir? \u00c7erezler, web siteleri taraf\u0131ndan taray\u0131c\u0131n\u0131za g\u00f6nderilen ve cihaz\u0131n\u0131zda depolanan k\u00fc\u00e7\u00fck veri dosyalar\u0131d\u0131r. Bu dosyalar, siteyi tekrar ziyaret etti\u011finizde taray\u0131c\u0131n\u0131z\u0131n web sitesini tan\u0131mas\u0131n\u0131 sa\u011flar ve \u00f6nceki ziyaretlerinizdeki tercihlerinizi hat\u0131rlayarak kullan\u0131c\u0131 deneyiminizi ki\u015fiselle\u015ftirir. 2. \u00c7erezlerin Kullan\u0131m Ama\u00e7lar\u0131 Hostragons, a\u015fa\u011f\u0131daki ama\u00e7lar do\u011frultusunda \u00e7erezleri kullan\u0131r: Zorunlu \u00c7erezler: Sitenin temel i\u015flevlerini yerine getirebilmesi [&hellip;]<\/p>\n","protected":false},"author":94,"featured_media":7852,"parent":0,"menu_order":0,"comment_status":"closed","ping_status":"closed","template":"","meta":{"googlesitekit_rrm_CAow5YvFDA:productID":"","footnotes":""},"class_list":["post-2358","page","type-page","status-publish","has-post-thumbnail","hentry"],"_links":{"self":[{"href":"https:\/\/www.hostragons.com\/az\/wp-json\/wp\/v2\/pages\/2358","targetHints":{"allow":["GET"]}}],"collection":[{"href":"https:\/\/www.hostragons.com\/az\/wp-json\/wp\/v2\/pages"}],"about":[{"href":"https:\/\/www.hostragons.com\/az\/wp-json\/wp\/v2\/types\/page"}],"author":[{"embeddable":true,"href":"https:\/\/www.hostragons.com\/az\/wp-json\/wp\/v2\/users\/94"}],"replies":[{"embeddable":true,"href":"https:\/\/www.hostragons.com\/az\/wp-json\/wp\/v2\/comments?post=2358"}],"version-history":[{"count":0,"href":"https:\/\/www.hostragons.com\/az\/wp-json\/wp\/v2\/pages\/2358\/revisions"}],"wp:featuredmedia":[{"embeddable":true,"href":"https:\/\/www.hostragons.com\/az\/wp-json\/wp\/v2\/media\/7852"}],"wp:attachment":[{"href":"https:\/\/www.hostragons.com\/az\/wp-json\/wp\/v2\/media?parent=2358"}],"curies":[{"name":"wp","href":"https:\/\/api.w.org\/{rel}","templated":true}]}}