{"id":2031,"date":"2020-09-08T16:09:39","date_gmt":"2020-09-08T13:09:39","guid":{"rendered":"https:\/\/www.hostragons.com\/?page_id=2031"},"modified":"2024-09-26T17:52:04","modified_gmt":"2024-09-26T14:52:04","slug":"m%c9%99xfilik-siyas%c9%99ti","status":"publish","type":"page","link":"https:\/\/www.hostragons.com\/az\/m%c9%99xfilik-siyas%c9%99ti\/","title":{"rendered":"M\u0259xfilik Siyas\u0259ti"},"content":{"rendered":"<div data-elementor-type=\"wp-page\" data-elementor-id=\"2031\" class=\"elementor elementor-2031\" data-elementor-post-type=\"page\">\n\t\t\t\t\t\t<section class=\"elementor-section elementor-top-section elementor-element elementor-element-91e4b54 elementor-section-boxed elementor-section-height-default elementor-section-height-default\" data-id=\"91e4b54\" data-element_type=\"section\" data-e-type=\"section\">\n\t\t\t\t\t\t<div class=\"elementor-container elementor-column-gap-default\">\n\t\t\t\t\t<div class=\"elementor-column elementor-col-100 elementor-top-column elementor-element elementor-element-0774a31\" data-id=\"0774a31\" data-element_type=\"column\" data-e-type=\"column\">\n\t\t\t<div class=\"elementor-widget-wrap elementor-element-populated\">\n\t\t\t\t\t\t<div class=\"elementor-element elementor-element-830efa2 elementor-widget elementor-widget-text-editor\" data-id=\"830efa2\" data-element_type=\"widget\" data-e-type=\"widget\" data-widget_type=\"text-editor.default\">\n\t\t\t\t<div class=\"elementor-widget-container\">\n\t\t\t\t\t\t\t\t\t<p><strong>Q\u00fcvv\u0259y\u0259 minm\u0259\/Yenil\u0259nm\u0259 tarixi: 05.08.2024<\/strong><\/p><p><strong>1. Daxil ol<\/strong><\/p><p>Hostragons Global Limited (\u201cHostragons\u201d) istifad\u0259\u00e7il\u0259rimizin m\u0259xfiliyini v\u0259 \u015f\u0259xsi m\u0259lumatlar\u0131n\u0131n qorunmas\u0131n\u0131 ciddi q\u0259bul edir. Bu M\u0259xfilik v\u0259 GDPR Uy\u011funluq Siyas\u0259ti \u015f\u0259xsi m\u0259lumatlar\u0131n nec\u0259 topland\u0131\u011f\u0131n\u0131, istifad\u0259 edildiyini, qorundu\u011funu v\u0259 GDPR \u00e7\u0259r\u00e7iv\u0259sind\u0259 nec\u0259 idar\u0259 olundu\u011funu izah edir. Veb sayt\u0131m\u0131zdan v\u0259 xidm\u0259tl\u0259rimizd\u0259n istifad\u0259 etm\u0259kl\u0259 bu siyas\u0259ti q\u0259bul etmi\u015f say\u0131l\u0131rs\u0131n\u0131z.<\/p><p><strong>2. M\u0259lumat M\u0259sul \u015e\u0259xsi v\u0259 N\u00fcmay\u0259nd\u0259si<\/strong><\/p><p>Hostragons, \u015f\u0259xsi m\u0259lumatlar\u0131n\u0131z\u0131 qorumaqdan m\u0259sul olan m\u0259lumat m\u0259sul \u015f\u0259xsidir. Avropa \u0130ttifaq\u0131ndak\u0131 n\u00fcmay\u0259nd\u0259miz:<\/p><ul><li><strong>M\u0259lumatlar\u0131n M\u00fchafiz\u0259si \u00fczr\u0259 N\u00fcmay\u0259nd\u0259:<\/strong> Kvebek M\u0259xfilik Akt\u0131.<\/li><\/ul><p><strong>3. M\u0259lumatlar\u0131n Emal\u0131 \u00fczr\u0259 \u018fsas Prinsipl\u0259r<\/strong><\/p><p>Hostragons olaraq, GDPR t\u0259l\u0259bl\u0259rin\u0259 uy\u011fun olaraq a\u015fa\u011f\u0131dak\u0131 \u0259sas prinsipl\u0259r\u0259 riay\u0259t edirik:<\/p><ul><li class=\"translation-block\"><strong>\u015e\u0259ffafl\u0131q:<\/strong> \u015e\u0259xsi m\u0259lumatlar\u0131n\u0131z\u0131 nec\u0259 toplad\u0131\u011f\u0131m\u0131z\u0131 v\u0259 emal etdiyimizi a\u00e7\u0131q \u015f\u0259kild\u0259 bildiririk.<\/li><li class=\"translation-block\"><strong>D\u0259qiqlik:<\/strong> M\u0259lumatlar\u0131n\u0131z\u0131 d\u0259qiq v\u0259 aktual saxlay\u0131r\u0131q.<\/li><li class=\"translation-block\"><strong>Minimizasiya:<\/strong> Yaln\u0131z z\u0259ruri m\u0259lumatlar\u0131 toplay\u0131r v\u0259 emal edirik.<\/li><li class=\"translation-block\"><strong>Saxlama M\u0259hdudiyy\u0259ti:<\/strong> M\u0259lumatlar\u0131n\u0131z\u0131 yaln\u0131z laz\u0131m olan m\u00fcdd\u0259t \u0259rzind\u0259 saxlay\u0131r\u0131q.<\/li><\/ul><p><strong>4. Toplanm\u0131\u015f M\u0259lumatlar<\/strong><\/p><p>Hostragons a\u015fa\u011f\u0131dak\u0131 \u015f\u0259xsi m\u0259lumatlar\u0131 toplay\u0131r:<\/p><ul><li class=\"translation-block\"><strong>\u015e\u0259xsiyy\u0259t M\u0259lumatlar\u0131:<\/strong> Ad, soyad, \u00fcnvan, telefon n\u00f6mr\u0259si, e-po\u00e7t \u00fcnvan\u0131.<\/li><li class=\"translation-block\"><strong>\u00d6d\u0259ni\u015f M\u0259lumatlar\u0131:<\/strong> Kredit kart\u0131 m\u0259lumatlar\u0131 v\u0259 \u00f6d\u0259ni\u015f detallar\u0131.<\/li><li class=\"translation-block\"><strong>Texniki M\u0259lumatlar:<\/strong> IP \u00fcnvan\u0131, brauzer n\u00f6v\u00fc, \u0259m\u0259liyyat sistemi.<\/li><li class=\"translation-block\"><strong>\u0130stifad\u0259\u00e7i Davran\u0131\u015flar\u0131:<\/strong> \u0130stifad\u0259\u00e7i \u00fcst\u00fcnl\u00fckl\u0259ri, saytdak\u0131 h\u0259r\u0259k\u0259tl\u0259r.<\/li><\/ul><p><strong>5. \u015e\u0259xsi M\u0259lumatlar\u0131n \u0130stifad\u0259si<\/strong><\/p><p>Toplanm\u0131\u015f \u015f\u0259xsi m\u0259lumatlar a\u015fa\u011f\u0131dak\u0131 m\u0259qs\u0259dl\u0259r \u00fc\u00e7\u00fcn istifad\u0259 olunur:<\/p><ul><li>Xidm\u0259tl\u0259rin g\u00f6st\u0259rilm\u0259si v\u0259 idar\u0259 edilm\u0259si.<\/li><li>M\u00fc\u015ft\u0259ri d\u0259st\u0259k xidm\u0259tl\u0259ri v\u0259 \u00fcnsiyy\u0259t.<\/li><li>Fatura \u0259m\u0259liyyatlar\u0131 v\u0259 h\u00fcquqi s\u0259n\u0259dl\u0259rin haz\u0131rlanmas\u0131.<\/li><li>Veb sayt\u0131m\u0131z\u0131n performans\u0131n\u0131 v\u0259 istifad\u0259\u00e7i t\u0259cr\u00fcb\u0259sini t\u0259kmill\u0259\u015fdirm\u0259k.<\/li><li>H\u00fcquqi \u00f6hd\u0259likl\u0259r\u0259 riay\u0259t olunmas\u0131n\u0131 t\u0259min etm\u0259k v\u0259 h\u00fcquqlar\u0131 m\u00fcdafi\u0259 etm\u0259k.<\/li><li>Marketinq v\u0259 reklam f\u0259aliyy\u0259tl\u0259ri.<\/li><\/ul><p><strong>6. \u015e\u0259xsi M\u0259lumatlar\u0131n Saxlanma M\u00fcdd\u0259ti<\/strong><\/p><p>\u015e\u0259xsi m\u0259lumatlar\u0131n\u0131z\u0131 yaln\u0131z emal m\u0259qs\u0259dl\u0259rimiz\u0259 uy\u011fun olaraq laz\u0131m oldu\u011fu m\u00fcdd\u0259tc\u0259 saxlay\u0131r\u0131q. M\u0259lumatlar\u0131n\u0131z\u0131n n\u0259 q\u0259d\u0259r m\u00fcdd\u0259t\u0259 saxlan\u0131ld\u0131\u011f\u0131 v\u0259 bu m\u00fcdd\u0259tin nec\u0259 m\u00fc\u0259yy\u0259n edildiyi bar\u0259d\u0259 daha \u0259trafl\u0131 m\u0259lumat \u00fc\u00e7\u00fcn biziml\u0259 \u0259laq\u0259 saxlaya bil\u0259rsiniz.<\/p><p><strong>7. \u00d6d\u0259ni\u015f M\u0259lumatlar\u0131 v\u0259 T\u0259hl\u00fck\u0259sizlik<\/strong><\/p><ul><li>Kredit kart\u0131 v\u0259 \u00f6d\u0259ni\u015f m\u0259lumatlar\u0131n\u0131z 256-bit SSL sertifikat\u0131 kimi t\u0259hl\u00fck\u0259sizlik t\u0259dbirl\u0259ri il\u0259 qorunur.<\/li><li>Kart m\u0259lumatlar\u0131n\u0131z \u015fifr\u0259l\u0259nmi\u015f \u015f\u0259kild\u0259 \u00f6t\u00fcr\u00fcl\u00fcr v\u0259 Hostragons t\u0259r\u0259find\u0259n saxlan\u0131lm\u0131r.<\/li><li>\u018flav\u0259 t\u0259hl\u00fck\u0259sizlik vasit\u0259l\u0259ri potensial z\u0259r\u0259rli proqramlara qar\u015f\u0131 t\u0259dbirl\u0259r g\u00f6rm\u0259k \u00fc\u00e7\u00fcn istifad\u0259 olunur.<\/li><\/ul><p><strong>8. Kukil\u0259r v\u0259 \u0130zl\u0259m\u0259 Texnologiyalar\u0131<\/strong><\/p><p class=\"translation-block\">Veb sayt\u0131m\u0131zda istifad\u0259\u00e7i t\u0259cr\u00fcb\u0259sini yax\u015f\u0131la\u015fd\u0131rmaq v\u0259 veb sayt\u0131m\u0131z\u0131n nec\u0259 istifad\u0259 edildiyini anlamaq \u00fc\u00e7\u00fcn kukil\u0259r v\u0259 izl\u0259m\u0259 texnologiyalar\u0131ndan istifad\u0259 olunur. Kukil\u0259r haqq\u0131nda daha \u00e7ox m\u0259lumat v\u0259 onlar\u0131n nec\u0259 idar\u0259 olunaca\u011f\u0131 il\u0259 ba\u011fl\u0131 \u0259trafl\u0131 m\u0259lumat \u00fc\u00e7\u00fcn <a href=\"https:\/\/www.hostragons.com\/az\/cerez-siyas%c9%99ti\/\" target=\"_new\" rel=\"noreferrer\">Kukil\u0259r Siyas\u0259ti<\/a> s\u0259hif\u0259miz\u0259 baxa bil\u0259rsiniz.<\/p><p><strong>9. \u015e\u0259xsi M\u0259lumatlar\u0131n Payla\u015f\u0131lmas\u0131<\/strong><\/p><ul><li>\u015e\u0259xsi m\u0259lumatlar\u0131n\u0131z yaln\u0131z xidm\u0259tl\u0259rimizi t\u0259qdim etm\u0259k \u00fc\u00e7\u00fcn z\u0259ruri olan \u00fc\u00e7\u00fcnc\u00fc t\u0259r\u0259fl\u0259rl\u0259 payla\u015f\u0131l\u0131r.<\/li><li>H\u00fcquqi \u00f6hd\u0259likl\u0259r v\u0259 ya m\u0259hk\u0259m\u0259 q\u0259rarlar\u0131 \u0259sas\u0131nda m\u0259lumatlar\u0131n\u0131z\u0131 payla\u015fa bil\u0259rik.<\/li><li>\u00dc\u00e7\u00fcnc\u00fc \u015f\u0259xsl\u0259rl\u0259 m\u0259lumatlar\u0131n payla\u015f\u0131lmas\u0131 yaln\u0131z sizin icaz\u0259nizl\u0259 h\u0259yata ke\u00e7iril\u0259c\u0259kdir.<\/li><\/ul><p><strong>10. \u0130stifad\u0259\u00e7i H\u00fcquqlar\u0131<\/strong><\/p><p>GDPR \u00e7\u0259r\u00e7iv\u0259sind\u0259 istifad\u0259\u00e7il\u0259r a\u015fa\u011f\u0131dak\u0131 h\u00fcquqlara malikdir:<\/p><ul><li>\u015e\u0259xsi m\u0259lumatlara daxil olmaq, onlar\u0131 d\u00fcz\u0259ltm\u0259k v\u0259 ya silm\u0259k h\u00fcququ.<\/li><li>M\u0259lumatlar\u0131n emal\u0131na etiraz etm\u0259k v\u0259 m\u0259lumatlar\u0131n da\u015f\u0131nmas\u0131 h\u00fcququ.<\/li><li>Raz\u0131l\u0131\u011f\u0131 ist\u0259nil\u0259n vaxt geri g\u00f6t\u00fcrm\u0259k h\u00fcququ.<\/li><\/ul><p><strong>11. M\u0259lumatlar\u0131n Qorunmas\u0131 T\u0259sir Qiym\u0259tl\u0259ndirilm\u0259si (DPIA)<\/strong><\/p><p>Y\u00fcks\u0259k riskli m\u0259lumat emal\u0131 f\u0259aliyy\u0259tl\u0259ri \u00fc\u00e7\u00fcn m\u0259lumatlar\u0131n qorunmas\u0131 t\u0259sir qiym\u0259tl\u0259ndirm\u0259si (DPIA) h\u0259yata ke\u00e7irilir. DPIA prosesi haqq\u0131nda daha \u0259trafl\u0131 m\u0259lumat \u00fc\u00e7\u00fcn biziml\u0259 \u0259laq\u0259 saxlaya bil\u0259rsiniz.<\/p><p><strong>12. Beyn\u0259lxalq M\u0259lumat \u00d6t\u00fcr\u00fclm\u0259si<\/strong><\/p><p>\u015e\u0259xsi m\u0259lumatlar\u0131n\u0131z\u0131 AB-d\u0259n k\u0259nara \u00f6t\u00fcr\u0259rk\u0259n z\u0259ruri qoruma t\u0259dbirl\u0259ri g\u00f6r\u00fcr\u00fck. Beyn\u0259lxalq m\u0259lumat \u00f6t\u00fcr\u00fclm\u0259si haqq\u0131nda daha \u0259trafl\u0131 m\u0259lumat \u00fc\u00e7\u00fcn biziml\u0259 \u0259laq\u0259 saxlaya bil\u0259rsiniz.<\/p><p><strong>13. M\u0259lumat S\u0131zmas\u0131 Haqq\u0131nda Bildiri\u015f<\/strong><\/p><p>M\u0259lumat s\u0131zmas\u0131 hal\u0131nda, aidiyy\u0259ti orqanlar\u0131 v\u0259 t\u0259sirl\u0259nmi\u015f \u015f\u0259xsl\u0259ri d\u0259rhal m\u0259lumatland\u0131r\u0131r\u0131q. M\u0259lumat s\u0131zmas\u0131 prosedurlar\u0131m\u0131z haqq\u0131nda daha \u0259trafl\u0131 m\u0259lumat almaq \u00fc\u00e7\u00fcn biziml\u0259 \u0259laq\u0259 saxlaya bil\u0259rsiniz.<\/p><p><strong>14. M\u00fcqavil\u0259 D\u0259yi\u015fiklikl\u0259ri<\/strong><\/p><p>Bu siyas\u0259t vaxta\u015f\u0131r\u0131 yenil\u0259n\u0259 bil\u0259r. Edil\u0259n d\u0259yi\u015fiklikl\u0259r bu s\u0259hif\u0259d\u0259 yay\u0131mlanacaq v\u0259 q\u00fcvv\u0259y\u0259 minm\u0259 tarixi il\u0259 g\u00f6st\u0259ril\u0259c\u0259kdir. \u0130stifad\u0259\u00e7il\u0259r\u0259, h\u0259r hans\u0131 bir d\u0259yi\u015fikliy\u0259 dair m\u0259lumatl\u0131 olmaq \u00fc\u00e7\u00fcn bu s\u0259hif\u0259ni m\u00fcnt\u0259z\u0259m olaraq yoxlamalar\u0131 t\u00f6vsiy\u0259 olunur.<\/p>\t\t\t\t\t\t\t\t<\/div>\n\t\t\t\t<\/div>\n\t\t\t\t\t<\/div>\n\t\t<\/div>\n\t\t\t\t\t<\/div>\n\t\t<\/section>\n\t\t\t\t<\/div>","protected":false},"excerpt":{"rendered":"<p>Y\u00fcr\u00fcrl\u00fck\/G\u00fcncelleme Tarihi: 05.08.2024 1. Giri\u015f Hostragons Global Limited (&#8220;Hostragons&#8221; olarak an\u0131lacakt\u0131r), kullan\u0131c\u0131lar\u0131m\u0131z\u0131n gizlili\u011fini ve ki\u015fisel verilerinin korunmas\u0131n\u0131 ciddiye al\u0131r. Bu Gizlilik ve GDPR Uyum Politikas\u0131, ki\u015fisel verilerin nas\u0131l topland\u0131\u011f\u0131n\u0131, kullan\u0131ld\u0131\u011f\u0131n\u0131, korundu\u011funu ve GDPR kapsam\u0131nda nas\u0131l y\u00f6netildi\u011fini a\u00e7\u0131klar. Web sitemizi ve hizmetlerimizi kullanarak, bu politikay\u0131 kabul etmi\u015f say\u0131l\u0131rs\u0131n\u0131z. 2. Veri Sorumlusu ve Temsilcisi Hostragons, ki\u015fisel verilerinizi [&hellip;]<\/p>\n","protected":false},"author":94,"featured_media":7854,"parent":0,"menu_order":0,"comment_status":"closed","ping_status":"closed","template":"","meta":{"googlesitekit_rrm_CAow5YvFDA:productID":"","footnotes":""},"class_list":["post-2031","page","type-page","status-publish","has-post-thumbnail","hentry"],"_links":{"self":[{"href":"https:\/\/www.hostragons.com\/az\/wp-json\/wp\/v2\/pages\/2031","targetHints":{"allow":["GET"]}}],"collection":[{"href":"https:\/\/www.hostragons.com\/az\/wp-json\/wp\/v2\/pages"}],"about":[{"href":"https:\/\/www.hostragons.com\/az\/wp-json\/wp\/v2\/types\/page"}],"author":[{"embeddable":true,"href":"https:\/\/www.hostragons.com\/az\/wp-json\/wp\/v2\/users\/94"}],"replies":[{"embeddable":true,"href":"https:\/\/www.hostragons.com\/az\/wp-json\/wp\/v2\/comments?post=2031"}],"version-history":[{"count":0,"href":"https:\/\/www.hostragons.com\/az\/wp-json\/wp\/v2\/pages\/2031\/revisions"}],"wp:featuredmedia":[{"embeddable":true,"href":"https:\/\/www.hostragons.com\/az\/wp-json\/wp\/v2\/media\/7854"}],"wp:attachment":[{"href":"https:\/\/www.hostragons.com\/az\/wp-json\/wp\/v2\/media?parent=2031"}],"curies":[{"name":"wp","href":"https:\/\/api.w.org\/{rel}","templated":true}]}}