{"id":2358,"date":"2020-10-02T08:03:18","date_gmt":"2020-10-02T05:03:18","guid":{"rendered":"https:\/\/www.hostragons.com\/?page_id=2358"},"modified":"2025-03-25T09:07:38","modified_gmt":"2025-03-25T09:07:38","slug":"%d8%b3%d9%8a%d8%a7%d8%b3%d8%a9-%d8%a7%d9%84%d9%83%d9%88%d9%83%d9%8a%d8%b2","status":"publish","type":"page","link":"https:\/\/www.hostragons.com\/ar\/%d8%b3%d9%8a%d8%a7%d8%b3%d8%a9-%d8%a7%d9%84%d9%83%d9%88%d9%83%d9%8a%d8%b2\/","title":{"rendered":"\u0633\u064a\u0627\u0633\u0629 \u0645\u0644\u0641\u0627\u062a \u062a\u0639\u0631\u064a\u0641 \u0627\u0644\u0627\u0631\u062a\u0628\u0627\u0637"},"content":{"rendered":"<div data-elementor-type=\"wp-page\" data-elementor-id=\"2358\" class=\"elementor elementor-2358\" data-elementor-post-type=\"page\">\n\t\t\t\t\t\t<section class=\"elementor-section elementor-top-section elementor-element elementor-element-9da5eda elementor-section-boxed elementor-section-height-default elementor-section-height-default\" data-id=\"9da5eda\" data-element_type=\"section\" data-e-type=\"section\">\n\t\t\t\t\t\t<div class=\"elementor-container elementor-column-gap-default\">\n\t\t\t\t\t<div class=\"elementor-column elementor-col-100 elementor-top-column elementor-element elementor-element-a7228de\" data-id=\"a7228de\" data-element_type=\"column\" data-e-type=\"column\">\n\t\t\t<div class=\"elementor-widget-wrap elementor-element-populated\">\n\t\t\t\t\t\t<div class=\"elementor-element elementor-element-8bde4d6 elementor-widget elementor-widget-text-editor\" data-id=\"8bde4d6\" data-element_type=\"widget\" data-e-type=\"widget\" data-widget_type=\"text-editor.default\">\n\t\t\t\t<div class=\"elementor-widget-container\">\n\t\t\t\t\t\t\t\t\t<p><strong>\u062a\u0627\u0631\u064a\u062e \u0627\u0644\u0633\u0631\u064a\u0627\u0646\/\u0627\u0644\u062a\u062d\u062f\u064a\u062b:<\/strong> 05.08.2024<\/p><p><strong>1. \u0645\u0627 \u0647\u0648 \u0627\u0644\u0643\u0648\u0643\u064a\u061f<\/strong><\/p><p>\u0627\u0644\u0643\u0648\u0643\u064a\u0632 \u0647\u064a \u0645\u0644\u0641\u0627\u062a \u0628\u064a\u0627\u0646\u0627\u062a \u0635\u063a\u064a\u0631\u0629 \u064a\u062a\u0645 \u0625\u0631\u0633\u0627\u0644\u0647\u0627 \u0645\u0646 \u0642\u0628\u0644 \u0627\u0644\u0645\u0648\u0627\u0642\u0639 \u0627\u0644\u0625\u0644\u0643\u062a\u0631\u0648\u0646\u064a\u0629 \u0625\u0644\u0649 \u0645\u062a\u0635\u0641\u062d\u0643 \u0648\u062a\u062e\u0632\u064a\u0646\u0647\u0627 \u0639\u0644\u0649 \u062c\u0647\u0627\u0632\u0643. \u0647\u0630\u0647 \u0627\u0644\u0645\u0644\u0641\u0627\u062a \u062a\u0633\u0645\u062d \u0644\u0645\u062a\u0635\u0641\u062d\u0643 \u0628\u0627\u0644\u062a\u0639\u0631\u0641 \u0639\u0644\u0649 \u0627\u0644\u0645\u0648\u0642\u0639 \u0639\u0646\u062f \u0632\u064a\u0627\u0631\u062a\u0647 \u0645\u0631\u0629 \u0623\u062e\u0631\u0649 \u0648\u062a\u062e\u0635\u064a\u0635 \u062a\u062c\u0631\u0628\u0629 \u0627\u0644\u0645\u0633\u062a\u062e\u062f\u0645 \u0627\u0644\u062e\u0627\u0635\u0629 \u0628\u0643 \u0639\u0646 \u0637\u0631\u064a\u0642 \u062a\u0630\u0643\u0631 \u062a\u0641\u0636\u064a\u0644\u0627\u062a\u0643 \u0645\u0646 \u0627\u0644\u0632\u064a\u0627\u0631\u0627\u062a \u0627\u0644\u0633\u0627\u0628\u0642\u0629.<\/p><p><strong>\u062a\u064f\u0633\u062a\u062e\u062f\u0645 \u0627\u0644\u0643\u0648\u0643\u064a\u0632 \u0644\u062a\u062d\u0633\u064a\u0646 \u062a\u062c\u0631\u0628\u0629 \u0627\u0644\u0645\u0633\u062a\u062e\u062f\u0645 \u0648\u062a\u0630\u0643\u0631 \u062a\u0641\u0636\u064a\u0644\u0627\u062a\u0643 \u0648\u0645\u0631\u0627\u0642\u0628\u0629 \u0623\u062f\u0627\u0621 \u0627\u0644\u0645\u0648\u0642\u0639.<\/strong><\/p><p>\u062a\u0633\u062a\u062e\u062f\u0645 Hostragons \u0627\u0644\u0643\u0648\u0643\u064a\u0632 \u0644\u0644\u0623\u063a\u0631\u0627\u0636 \u0627\u0644\u062a\u0627\u0644\u064a\u0629:<\/p><ul><li class=\"translation-block\"><strong>\u0627\u0644\u0643\u0648\u0643\u064a\u0632 \u0627\u0644\u0636\u0631\u0648\u0631\u064a\u0629:<\/strong> \u0647\u0630\u0647 \u0636\u0631\u0648\u0631\u064a\u0629 \u0644\u0623\u062f\u0627\u0621 \u0627\u0644\u0648\u0638\u0627\u0626\u0641 \u0627\u0644\u0623\u0633\u0627\u0633\u064a\u0629 \u0644\u0644\u0645\u0648\u0642\u0639.<\/li><li><strong>\u0645\u0644\u0641\u0627\u062a \u062a\u0639\u0631\u064a\u0641 \u0627\u0644\u0627\u0631\u062a\u0628\u0627\u0637 \u0627\u0644\u062e\u0627\u0635\u0629 \u0628\u0627\u0644\u0623\u062f\u0627\u0621:<\/strong> \u064a\u062a\u0645 \u0627\u0633\u062a\u062e\u062f\u0627\u0645\u0647 \u0644\u0645\u0631\u0627\u0642\u0628\u0629 \u0648\u062a\u062d\u0633\u064a\u0646 \u0623\u062f\u0627\u0621 \u0627\u0644\u0645\u0648\u0642\u0639.<\/li><li class=\"translation-block\"><strong>\u0627\u0644\u0643\u0648\u0643\u064a\u0632 \u0627\u0644\u0648\u0638\u064a\u0641\u064a\u0629:<\/strong> \u062a\u062a\u0630\u0643\u0631 \u062a\u0641\u0636\u064a\u0644\u0627\u062a \u0627\u0644\u0645\u0633\u062a\u062e\u062f\u0645 \u0648\u062a\u0648\u0641\u0631 \u062a\u062c\u0631\u0628\u0629 \u0645\u062e\u0635\u0635\u0629.<\/li><li class=\"translation-block\"><strong>\u0645\u0644\u0641\u0627\u062a \u062a\u0639\u0631\u064a\u0641 \u0627\u0644\u0627\u0631\u062a\u0628\u0627\u0637 \u0644\u0644\u0625\u0639\u0644\u0627\u0646\u0627\u062a \u0648\u0627\u0644\u062a\u0633\u0648\u064a\u0642:<\/strong> \u062a\u064f\u0633\u062a\u062e\u062f\u0645 \u0644\u062a\u0642\u062f\u064a\u0645 \u0627\u0644\u0645\u062d\u062a\u0648\u0649 \u0648\u0627\u0644\u0625\u0639\u0644\u0627\u0646\u0627\u062a \u0630\u0627\u062a \u0627\u0644\u0635\u0644\u0629 \u0628\u0627\u0647\u062a\u0645\u0627\u0645\u0627\u062a\u0643.<\/li><\/ul><p><strong>\u0627\u0644\u0643\u0648\u0643\u064a\u0632 \u062a\u0633\u0645\u062d \u0644\u0644\u0645\u0648\u0627\u0642\u0639 \u0628\u062d\u0641\u0638 \u0645\u0644\u0641\u0627\u062a \u0628\u064a\u0627\u0646\u0627\u062a \u0635\u063a\u064a\u0631\u0629 \u0639\u0644\u0649 \u062c\u0647\u0627\u0632\u0643.<\/strong><\/p><p>\u062a\u062a\u0645 \u0625\u062f\u0627\u0631\u0629 \u0628\u0639\u0636 \u0645\u0644\u0641\u0627\u062a \u062a\u0639\u0631\u064a\u0641 \u0627\u0644\u0627\u0631\u062a\u0628\u0627\u0637 \u0639\u0644\u0649 \u0645\u0648\u0642\u0639\u0646\u0627 \u0645\u0646 \u0642\u0650\u0628\u064e\u0644 \u0645\u0632\u0648\u062f\u064a \u062e\u062f\u0645\u0627\u062a \u062e\u0627\u0631\u062c\u064a\u064a\u0646. \u062a\u064f\u0633\u062a\u062e\u062f\u0645 \u0647\u0630\u0647 \u0627\u0644\u0645\u0644\u0641\u0627\u062a \u0644\u0623\u063a\u0631\u0627\u0636 \u0627\u0644\u0625\u0639\u0644\u0627\u0646\u0627\u062a \u0648\u0627\u0644\u062e\u062f\u0645\u0627\u062a \u0627\u0644\u062a\u062d\u0644\u064a\u0644\u064a\u0629\u060c \u0648\u0647\u064a \u062a\u062e\u0636\u0639 \u0644\u0633\u064a\u0627\u0633\u0627\u062a \u0627\u0644\u062e\u0635\u0648\u0635\u064a\u0629 \u0627\u0644\u062e\u0627\u0635\u0629 \u0628\u0647\u0630\u0647 \u0627\u0644\u0623\u0637\u0631\u0627\u0641 \u0627\u0644\u062b\u0627\u0644\u062b\u0629. \u0644\u0644\u062d\u0635\u0648\u0644 \u0639\u0644\u0649 \u0645\u0632\u064a\u062f \u0645\u0646 \u0627\u0644\u0645\u0639\u0644\u0648\u0645\u0627\u062a \u062d\u0648\u0644 \u0627\u0633\u062a\u062e\u062f\u0627\u0645 \u0645\u0644\u0641\u0627\u062a \u062a\u0639\u0631\u064a\u0641 \u0627\u0644\u0627\u0631\u062a\u0628\u0627\u0637 \u0627\u0644\u062e\u0627\u0635\u0629 \u0628\u0627\u0644\u0623\u0637\u0631\u0627\u0641 \u0627\u0644\u062b\u0627\u0644\u062b\u0629\u060c \u0646\u0648\u0635\u064a \u0628\u0645\u0631\u0627\u062c\u0639\u0629 \u0633\u064a\u0627\u0633\u0627\u062a \u0627\u0644\u062e\u0635\u0648\u0635\u064a\u0629 \u0627\u0644\u062e\u0627\u0635\u0629 \u0628\u0645\u0632\u0648\u062f\u064a \u0647\u0630\u0647 \u0627\u0644\u062e\u062f\u0645\u0627\u062a.<\/p><p><strong>\u064a\u0645\u0643\u0646\u0643 \u0625\u062f\u0627\u0631\u0629 \u0623\u0648 \u062d\u0630\u0641 \u0645\u0644\u0641\u0627\u062a \u062a\u0639\u0631\u064a\u0641 \u0627\u0644\u0627\u0631\u062a\u0628\u0627\u0637 \u0627\u0644\u062e\u0627\u0635\u0629 \u0628\u0643 \u0645\u0646 \u062e\u0644\u0627\u0644 \u0625\u0639\u062f\u0627\u062f\u0627\u062a \u0627\u0644\u0645\u062a\u0635\u0641\u062d.<\/strong><\/p><p>\u064a\u0645\u0643\u0646\u0643 \u0625\u062f\u0627\u0631\u0629 \u0645\u0644\u0641\u0627\u062a \u062a\u0639\u0631\u064a\u0641 \u0627\u0644\u0627\u0631\u062a\u0628\u0627\u0637 \u0623\u0648 \u0642\u0628\u0648\u0644\u0647\u0627 \u0623\u0648 \u0631\u0641\u0636\u0647\u0627 \u0645\u0646 \u0625\u0639\u062f\u0627\u062f\u0627\u062a \u0627\u0644\u0645\u062a\u0635\u0641\u062d \u0627\u0644\u062e\u0627\u0635 \u0628\u0643. \u0628\u0627\u0644\u0625\u0636\u0627\u0641\u0629 \u0625\u0644\u0649 \u0630\u0644\u0643\u060c \u064a\u0645\u0643\u0646\u0643 \u062d\u0630\u0641 \u0645\u0644\u0641\u0627\u062a \u062a\u0639\u0631\u064a\u0641 \u0627\u0644\u0627\u0631\u062a\u0628\u0627\u0637 \u0627\u0644\u062a\u064a \u062a\u0645 \u062a\u062e\u0632\u064a\u0646\u0647\u0627 \u0645\u0633\u0628\u0642\u064b\u0627 \u0639\u0644\u0649 \u0645\u062a\u0635\u0641\u062d\u0643. \u0644\u0645\u0632\u064a\u062f \u0645\u0646 \u0627\u0644\u0645\u0639\u0644\u0648\u0645\u0627\u062a \u062d\u0648\u0644 \u0643\u064a\u0641\u064a\u0629 \u0625\u062f\u0627\u0631\u0629 \u0645\u0644\u0641\u0627\u062a \u062a\u0639\u0631\u064a\u0641 \u0627\u0644\u0627\u0631\u062a\u0628\u0627\u0637\u060c \u064a\u0631\u062c\u0649 \u0627\u0644\u0631\u062c\u0648\u0639 \u0625\u0644\u0649 \u0627\u0644\u062a\u0639\u0644\u064a\u0645\u0627\u062a \u0627\u0644\u062e\u0627\u0635\u0629 \u0628\u0645\u062a\u0635\u0641\u062d\u0643:<\/p><ul><li><a target=\"_new\" rel=\"noreferrer\">\u062c\u0648\u062c\u0644 \u0643\u0631\u0648\u0645<\/a><\/li><li><a href=\"https:\/\/support.mozilla.org\/tr\/kb\/cerezleri-silme\" target=\"_new\" rel=\"noreferrer noopener\">\u0645\u0648\u0632\u064a\u0644\u0627 \u0641\u0627\u064a\u0631\u0641\u0648\u0643\u0633<\/a><\/li><li><a href=\"https:\/\/support.apple.com\/tr-tr\/guide\/safari\/sfri11471\/mac\" target=\"_new\" rel=\"noreferrer noopener\">\u0633\u0641\u0627\u0631\u064a<\/a><\/li><li><a href=\"https:\/\/support.microsoft.com\/tr-tr\/help\/4027947\/microsoft-edge-delete-cookies\" target=\"_new\" rel=\"noreferrer noopener\">\u0645\u0627\u064a\u0643\u0631\u0648\u0633\u0648\u0641\u062a \u0625\u064a\u062f\u062c<\/a><\/li><\/ul><p><strong>\u0633\u064a\u062a\u0645 \u0627\u0644\u0625\u0639\u0644\u0627\u0646 \u0639\u0646 \u0627\u0644\u062a\u063a\u064a\u064a\u0631\u0627\u062a \u0641\u064a \u0633\u064a\u0627\u0633\u0629 \u0645\u0644\u0641\u0627\u062a \u062a\u0639\u0631\u064a\u0641 \u0627\u0644\u0627\u0631\u062a\u0628\u0627\u0637 \u0627\u0644\u062e\u0627\u0635\u0629 \u0628\u0646\u0627 \u0641\u064a \u0647\u0630\u0647 \u0627\u0644\u0635\u0641\u062d\u0629.<\/strong><\/p><p>\u062a\u062d\u062a\u0641\u0638 Hostragons \u0628\u062d\u0642 \u0625\u062c\u0631\u0627\u0621 \u062a\u063a\u064a\u064a\u0631\u0627\u062a \u0639\u0644\u0649 \u0633\u064a\u0627\u0633\u0629 \u0645\u0644\u0641\u0627\u062a \u062a\u0639\u0631\u064a\u0641 \u0627\u0644\u0627\u0631\u062a\u0628\u0627\u0637 \u0627\u0644\u062e\u0627\u0635\u0629 \u0628\u0647\u0627. \u0633\u064a\u062a\u0645 \u062a\u062d\u062f\u064a\u062b \u0627\u0644\u062a\u063a\u064a\u064a\u0631\u0627\u062a \u0639\u0644\u0649 \u0633\u064a\u0627\u0633\u062a\u0646\u0627 \u0648\u062a\u0635\u0628\u062d \u0633\u0627\u0631\u064a\u0629 \u0627\u0644\u0645\u0641\u0639\u0648\u0644 \u0641\u064a \u0647\u0630\u0647 \u0627\u0644\u0635\u0641\u062d\u0629. \u0646\u0648\u0635\u064a \u0627\u0644\u0645\u0633\u062a\u062e\u062f\u0645\u064a\u0646 \u0628\u0645\u0631\u0627\u062c\u0639\u0629 \u0647\u0630\u0647 \u0627\u0644\u0635\u0641\u062d\u0629 \u0628\u0627\u0646\u062a\u0638\u0627\u0645 \u0644\u0644\u0628\u0642\u0627\u0621 \u0639\u0644\u0649 \u0639\u0644\u0645 \u0628\u0627\u0644\u062a\u062d\u062f\u064a\u062b\u0627\u062a.<\/p><p><strong>\u062a\u0648\u0627\u0635\u0644<\/strong><\/p><p>\u0644\u0623\u064a \u0623\u0633\u0626\u0644\u0629 \u062d\u0648\u0644 \u0633\u064a\u0627\u0633\u0629 \u0645\u0644\u0641\u0627\u062a \u062a\u0639\u0631\u064a\u0641 \u0627\u0644\u0627\u0631\u062a\u0628\u0627\u0637 \u0647\u0630\u0647\u060c \u064a\u0645\u0643\u0646\u0643 \u0627\u0644\u062a\u0648\u0627\u0635\u0644 \u0645\u0639\u0646\u0627. <a rel=\"noreferrer\">hello@hostragons.com<\/a> \u064a\u0645\u0643\u0646\u0643 \u0627\u0644\u0627\u062a\u0635\u0627\u0644 \u0628\u0646\u0627 \u0639\u0644\u0649.<\/p>\t\t\t\t\t\t\t\t<\/div>\n\t\t\t\t<\/div>\n\t\t\t\t\t<\/div>\n\t\t<\/div>\n\t\t\t\t\t<\/div>\n\t\t<\/section>\n\t\t\t\t<\/div>","protected":false},"excerpt":{"rendered":"<p>Y\u00fcr\u00fcrl\u00fck\/G\u00fcncelleme Tarihi: 05.08.2024 1. \u00c7erez (Cookie) Nedir? \u00c7erezler, web siteleri taraf\u0131ndan taray\u0131c\u0131n\u0131za g\u00f6nderilen ve cihaz\u0131n\u0131zda depolanan k\u00fc\u00e7\u00fck veri dosyalar\u0131d\u0131r. Bu dosyalar, siteyi tekrar ziyaret etti\u011finizde taray\u0131c\u0131n\u0131z\u0131n web sitesini tan\u0131mas\u0131n\u0131 sa\u011flar ve \u00f6nceki ziyaretlerinizdeki tercihlerinizi hat\u0131rlayarak kullan\u0131c\u0131 deneyiminizi ki\u015fiselle\u015ftirir. 2. \u00c7erezlerin Kullan\u0131m Ama\u00e7lar\u0131 Hostragons, a\u015fa\u011f\u0131daki ama\u00e7lar do\u011frultusunda \u00e7erezleri kullan\u0131r: Zorunlu \u00c7erezler: Sitenin temel i\u015flevlerini yerine getirebilmesi [&hellip;]<\/p>\n","protected":false},"author":94,"featured_media":7852,"parent":0,"menu_order":0,"comment_status":"closed","ping_status":"closed","template":"","meta":{"googlesitekit_rrm_CAow5YvFDA:productID":"","footnotes":""},"class_list":["post-2358","page","type-page","status-publish","has-post-thumbnail","hentry"],"_links":{"self":[{"href":"https:\/\/www.hostragons.com\/ar\/wp-json\/wp\/v2\/pages\/2358","targetHints":{"allow":["GET"]}}],"collection":[{"href":"https:\/\/www.hostragons.com\/ar\/wp-json\/wp\/v2\/pages"}],"about":[{"href":"https:\/\/www.hostragons.com\/ar\/wp-json\/wp\/v2\/types\/page"}],"author":[{"embeddable":true,"href":"https:\/\/www.hostragons.com\/ar\/wp-json\/wp\/v2\/users\/94"}],"replies":[{"embeddable":true,"href":"https:\/\/www.hostragons.com\/ar\/wp-json\/wp\/v2\/comments?post=2358"}],"version-history":[{"count":0,"href":"https:\/\/www.hostragons.com\/ar\/wp-json\/wp\/v2\/pages\/2358\/revisions"}],"wp:featuredmedia":[{"embeddable":true,"href":"https:\/\/www.hostragons.com\/ar\/wp-json\/wp\/v2\/media\/7852"}],"wp:attachment":[{"href":"https:\/\/www.hostragons.com\/ar\/wp-json\/wp\/v2\/media?parent=2358"}],"curies":[{"name":"\u0648\u0648\u0631\u062f\u0628\u0631\u064a\u0633","href":"https:\/\/api.w.org\/{rel}","templated":true}]}}