{"id":2031,"date":"2020-09-08T16:09:39","date_gmt":"2020-09-08T13:09:39","guid":{"rendered":"https:\/\/www.hostragons.com\/?page_id=2031"},"modified":"2024-09-26T17:52:04","modified_gmt":"2024-09-26T14:52:04","slug":"%d8%b3%d9%8a%d8%a7%d8%b3%d8%a9-%d8%a7%d9%84%d8%ae%d8%b5%d9%88%d8%b5%d9%8a%d8%a9","status":"publish","type":"page","link":"https:\/\/www.hostragons.com\/ar\/%d8%b3%d9%8a%d8%a7%d8%b3%d8%a9-%d8%a7%d9%84%d8%ae%d8%b5%d9%88%d8%b5%d9%8a%d8%a9\/","title":{"rendered":"\u0633\u064a\u0627\u0633\u0629 \u0627\u0644\u062e\u0635\u0648\u0635\u064a\u0629"},"content":{"rendered":"<div data-elementor-type=\"wp-page\" data-elementor-id=\"2031\" class=\"elementor elementor-2031\" data-elementor-post-type=\"page\">\n\t\t\t\t\t\t<section class=\"elementor-section elementor-top-section elementor-element elementor-element-91e4b54 elementor-section-boxed elementor-section-height-default elementor-section-height-default\" data-id=\"91e4b54\" data-element_type=\"section\" data-e-type=\"section\">\n\t\t\t\t\t\t<div class=\"elementor-container elementor-column-gap-default\">\n\t\t\t\t\t<div class=\"elementor-column elementor-col-100 elementor-top-column elementor-element elementor-element-0774a31\" data-id=\"0774a31\" data-element_type=\"column\" data-e-type=\"column\">\n\t\t\t<div class=\"elementor-widget-wrap elementor-element-populated\">\n\t\t\t\t\t\t<div class=\"elementor-element elementor-element-830efa2 elementor-widget elementor-widget-text-editor\" data-id=\"830efa2\" data-element_type=\"widget\" data-e-type=\"widget\" data-widget_type=\"text-editor.default\">\n\t\t\t\t<div class=\"elementor-widget-container\">\n\t\t\t\t\t\t\t\t\t<p><strong>\u062a\u0627\u0631\u064a\u062e \u0627\u0644\u0633\u0631\u064a\u0627\u0646\/\u0627\u0644\u062a\u062d\u062f\u064a\u062b: 05.08.2024<\/strong><\/p><p><strong>1. \u062a\u0633\u062c\u064a\u0644 \u0627\u0644\u062f\u062e\u0648\u0644<\/strong><\/p><p>\u062a\u0623\u062e\u0630 Hostragons Global Limited (\"Hostragons\") \u062e\u0635\u0648\u0635\u064a\u0629 \u0648\u062d\u0645\u0627\u064a\u0629 \u0627\u0644\u0628\u064a\u0627\u0646\u0627\u062a \u0627\u0644\u0634\u062e\u0635\u064a\u0629 \u0644\u0645\u0633\u062a\u062e\u062f\u0645\u064a\u0646\u0627 \u0639\u0644\u0649 \u0645\u062d\u0645\u0644 \u0627\u0644\u062c\u062f. \u062a\u0634\u0631\u062d \u0633\u064a\u0627\u0633\u0629 \u0627\u0644\u062e\u0635\u0648\u0635\u064a\u0629 \u0648\u0627\u0644\u0627\u0645\u062a\u062b\u0627\u0644 \u0644\u0640 GDPR \u0647\u0630\u0647 \u0643\u064a\u0641\u064a\u0629 \u062c\u0645\u0639 \u0627\u0644\u0628\u064a\u0627\u0646\u0627\u062a \u0627\u0644\u0634\u062e\u0635\u064a\u0629 \u0648\u0627\u0633\u062a\u062e\u062f\u0627\u0645\u0647\u0627 \u0648\u062d\u0645\u0627\u064a\u062a\u0647\u0627 \u0648\u0625\u062f\u0627\u0631\u062a\u0647\u0627 \u0628\u0645\u0648\u062c\u0628 GDPR. \u0628\u0627\u0633\u062a\u062e\u062f\u0627\u0645 \u0645\u0648\u0642\u0639\u0646\u0627 \u0627\u0644\u0625\u0644\u0643\u062a\u0631\u0648\u0646\u064a \u0648\u062e\u062f\u0645\u0627\u062a\u0646\u0627\u060c \u062a\u0639\u062a\u0628\u0631 \u0623\u0646\u0643 \u0642\u062f \u0642\u0628\u0644\u062a \u0647\u0630\u0647 \u0627\u0644\u0633\u064a\u0627\u0633\u0629.<\/p><p><strong>2. \u0645\u0633\u0624\u0648\u0644 \u0627\u0644\u0628\u064a\u0627\u0646\u0627\u062a \u0648\u0627\u0644\u0645\u0645\u062b\u0644<\/strong><\/p><p>Hostragons \u0647\u064a \u0627\u0644\u0645\u062a\u062d\u0643\u0645 \u0641\u064a \u0627\u0644\u0628\u064a\u0627\u0646\u0627\u062a \u0648\u0627\u0644\u0645\u0633\u0624\u0648\u0644\u0629 \u0639\u0646 \u062d\u0645\u0627\u064a\u0629 \u0628\u064a\u0627\u0646\u0627\u062a\u0643 \u0627\u0644\u0634\u062e\u0635\u064a\u0629. \u0645\u0645\u062b\u0644\u0646\u0627 \u0641\u064a \u0627\u0644\u0627\u062a\u062d\u0627\u062f \u0627\u0644\u0623\u0648\u0631\u0648\u0628\u064a:<\/p><ul><li><strong>\u0645\u0633\u0624\u0648\u0644 \u062d\u0645\u0627\u064a\u0629 \u0627\u0644\u0628\u064a\u0627\u0646\u0627\u062a:<\/strong> \u0642\u0627\u0646\u0648\u0646 \u0627\u0644\u062e\u0635\u0648\u0635\u064a\u0629 \u0641\u064a \u0643\u064a\u0628\u064a\u0643.<\/li><\/ul><p><strong>\u0663. \u0627\u0644\u0645\u0628\u0627\u062f\u0626 \u0627\u0644\u0623\u0633\u0627\u0633\u064a\u0629 \u0644\u0645\u0639\u0627\u0644\u062c\u0629 \u0627\u0644\u0628\u064a\u0627\u0646\u0627\u062a<\/strong><\/p><p>\u0628\u0635\u0641\u062a\u0646\u0627 Hostragons\u060c \u0646\u062d\u0646 \u0646\u0644\u062a\u0632\u0645 \u0628\u0627\u0644\u0645\u0628\u0627\u062f\u0626 \u0627\u0644\u0623\u0633\u0627\u0633\u064a\u0629 \u0627\u0644\u062a\u0627\u0644\u064a\u0629 \u0648\u0641\u0642\u064b\u0627 \u0644\u0645\u062a\u0637\u0644\u0628\u0627\u062a GDPR:<\/p><ul><li class=\"translation-block\"><strong>\u0627\u0644\u0634\u0641\u0627\u0641\u064a\u0629:<\/strong> \u0646\u0648\u0636\u062d \u0628\u0648\u0636\u0648\u062d \u0643\u064a\u0641 \u0646\u062c\u0645\u0639 \u0628\u064a\u0627\u0646\u0627\u062a\u0643 \u0627\u0644\u0634\u062e\u0635\u064a\u0629 \u0648\u0646\u0639\u0627\u0644\u062c\u0647\u0627.<\/li><li class=\"translation-block\"><strong>\u0627\u0644\u062f\u0642\u0629:<\/strong> \u0646\u062d\u0627\u0641\u0638 \u0639\u0644\u0649 \u0628\u064a\u0627\u0646\u0627\u062a\u0643 \u062f\u0642\u064a\u0642\u0629 \u0648\u0645\u062d\u062f\u062b\u0629.<\/li><li class=\"translation-block\"><strong>\u0627\u0644\u062a\u0642\u0644\u064a\u0644:<\/strong> \u0646\u062c\u0645\u0639 \u0648\u0646\u0639\u0627\u0644\u062c \u0641\u0642\u0637 \u0627\u0644\u0628\u064a\u0627\u0646\u0627\u062a \u0627\u0644\u0636\u0631\u0648\u0631\u064a\u0629.<\/li><li class=\"translation-block\"><strong>\u062a\u0642\u064a\u064a\u062f \u0627\u0644\u062a\u062e\u0632\u064a\u0646:<\/strong> \u0646\u062d\u062a\u0641\u0638 \u0628\u0628\u064a\u0627\u0646\u0627\u062a\u0643 \u0641\u0642\u0637 \u0637\u0648\u0627\u0644 \u0627\u0644\u0645\u062f\u0629 \u0627\u0644\u0636\u0631\u0648\u0631\u064a\u0629.<\/li><\/ul><p><strong>\u0664. \u0627\u0644\u0645\u0639\u0644\u0648\u0645\u0627\u062a \u0627\u0644\u062a\u064a \u062a\u0645 \u062c\u0645\u0639\u0647\u0627<\/strong><\/p><p>\u062a\u062c\u0645\u0639 Hostragons \u0627\u0644\u0645\u0639\u0644\u0648\u0645\u0627\u062a \u0627\u0644\u0634\u062e\u0635\u064a\u0629 \u0627\u0644\u062a\u0627\u0644\u064a\u0629:<\/p><ul><li class=\"translation-block\"><strong>\u0645\u0639\u0644\u0648\u0645\u0627\u062a \u0627\u0644\u0647\u0648\u064a\u0629:<\/strong> \u0627\u0644\u0627\u0633\u0645\u060c \u0627\u0644\u0644\u0642\u0628\u060c \u0627\u0644\u0639\u0646\u0648\u0627\u0646\u060c \u0631\u0642\u0645 \u0627\u0644\u0647\u0627\u062a\u0641\u060c \u0639\u0646\u0648\u0627\u0646 \u0627\u0644\u0628\u0631\u064a\u062f \u0627\u0644\u0625\u0644\u0643\u062a\u0631\u0648\u0646\u064a.<\/li><li class=\"translation-block\"><strong>\u092d\u0941\u0917\u0924\u093e\u0928 \u0915\u0940 \u091c\u093e\u0928\u0915\u093e\u0930\u0940:<\/strong> \u0915\u094d\u0930\u0947\u0921\u093f\u091f \u0915\u093e\u0930\u094d\u0921 \u0935\u093f\u0935\u0930\u0923 \u0914\u0930 \u092d\u0941\u0917\u0924\u093e\u0928 \u0935\u093f\u0935\u0930\u0923\u0964<\/li><li class=\"translation-block\"><strong>\u0627\u0644\u0628\u064a\u0627\u0646\u0627\u062a \u0627\u0644\u062a\u0642\u0646\u064a\u0629:<\/strong> \u0639\u0646\u0648\u0627\u0646 IP\u060c \u0646\u0648\u0639 \u0627\u0644\u0645\u062a\u0635\u0641\u062d\u060c \u0646\u0638\u0627\u0645 \u0627\u0644\u062a\u0634\u063a\u064a\u0644.<\/li><li class=\"translation-block\"><strong>\u0633\u0644\u0648\u0643\u064a\u0627\u062a \u0627\u0644\u0645\u0633\u062a\u062e\u062f\u0645:<\/strong> \u062a\u0641\u0636\u064a\u0644\u0627\u062a \u0627\u0644\u0645\u0633\u062a\u062e\u062f\u0645\u060c \u0627\u0644\u0623\u0646\u0634\u0637\u0629 \u0639\u0644\u0649 \u0627\u0644\u0645\u0648\u0642\u0639.<\/li><\/ul><p><strong>\u0665. \u0627\u0633\u062a\u062e\u062f\u0627\u0645 \u0627\u0644\u0628\u064a\u0627\u0646\u0627\u062a \u0627\u0644\u0634\u062e\u0635\u064a\u0629<\/strong><\/p><p>\u062a\u064f\u0633\u062a\u062e\u062f\u0645 \u0627\u0644\u0645\u0639\u0644\u0648\u0645\u0627\u062a \u0627\u0644\u0634\u062e\u0635\u064a\u0629 \u0627\u0644\u062a\u064a \u062a\u0645 \u062c\u0645\u0639\u0647\u0627 \u0644\u0644\u0623\u063a\u0631\u0627\u0636 \u0627\u0644\u062a\u0627\u0644\u064a\u0629:<\/p><ul><li>\u062a\u0642\u062f\u064a\u0645 \u0627\u0644\u062e\u062f\u0645\u0627\u062a \u0648\u0625\u062f\u0627\u0631\u062a\u0647\u0627.<\/li><li>\u062e\u062f\u0645\u0627\u062a \u062f\u0639\u0645 \u0627\u0644\u0639\u0645\u0644\u0627\u0621 \u0648\u0627\u0644\u062a\u0648\u0627\u0635\u0644.<\/li><li>\u0639\u0645\u0644\u064a\u0627\u062a \u0627\u0644\u0641\u0648\u062a\u0631\u0629 \u0648\u0625\u0639\u062f\u0627\u062f \u0627\u0644\u0648\u062b\u0627\u0626\u0642 \u0627\u0644\u0642\u0627\u0646\u0648\u0646\u064a\u0629.<\/li><li>\u062a\u062d\u0633\u064a\u0646 \u0623\u062f\u0627\u0621 \u0645\u0648\u0642\u0639\u0646\u0627 \u0627\u0644\u0625\u0644\u0643\u062a\u0631\u0648\u0646\u064a \u0648\u062a\u0639\u0632\u064a\u0632 \u062a\u062c\u0631\u0628\u0629 \u0627\u0644\u0645\u0633\u062a\u062e\u062f\u0645.<\/li><li>\u0636\u0645\u0627\u0646 \u0627\u0644\u0627\u0645\u062a\u062b\u0627\u0644 \u0644\u0644\u0627\u0644\u062a\u0632\u0627\u0645\u0627\u062a \u0627\u0644\u0642\u0627\u0646\u0648\u0646\u064a\u0629 \u0648\u0627\u0644\u062f\u0641\u0627\u0639 \u0639\u0646 \u0627\u0644\u062d\u0642\u0648\u0642.<\/li><li>\u0623\u0646\u0634\u0637\u0629 \u0627\u0644\u062a\u0633\u0648\u064a\u0642 \u0648\u0627\u0644\u062a\u0631\u0648\u064a\u062c.<\/li><\/ul><p><strong>\u0666. \u0645\u062f\u0629 \u0627\u0644\u0627\u062d\u062a\u0641\u0627\u0638 \u0628\u0627\u0644\u0628\u064a\u0627\u0646\u0627\u062a \u0627\u0644\u0634\u062e\u0635\u064a\u0629<\/strong><\/p><p>\u0646\u062d\u062a\u0641\u0638 \u0628\u0628\u064a\u0627\u0646\u0627\u062a\u0643 \u0627\u0644\u0634\u062e\u0635\u064a\u0629 \u0641\u0642\u0637 \u0637\u0627\u0644\u0645\u0627 \u0643\u0627\u0646 \u0630\u0644\u0643 \u0636\u0631\u0648\u0631\u064a\u064b\u0627 \u0644\u0623\u063a\u0631\u0627\u0636 \u0627\u0644\u0645\u0639\u0627\u0644\u062c\u0629 \u0627\u0644\u062e\u0627\u0635\u0629 \u0628\u0646\u0627. \u064a\u0645\u0643\u0646\u0643 \u0627\u0644\u062a\u0648\u0627\u0635\u0644 \u0645\u0639\u0646\u0627 \u0644\u0645\u0639\u0631\u0641\u0629 \u0627\u0644\u0645\u0632\u064a\u062f \u062d\u0648\u0644 \u0645\u062f\u0629 \u062a\u062e\u0632\u064a\u0646 \u0628\u064a\u0627\u0646\u0627\u062a\u0643 \u0648\u0643\u064a\u0641\u064a\u0629 \u062a\u062d\u062f\u064a\u062f \u0647\u0630\u0647 \u0627\u0644\u0641\u062a\u0631\u0629.<\/p><p><strong>\u0667. \u0645\u0639\u0644\u0648\u0645\u0627\u062a \u0627\u0644\u062f\u0641\u0639 \u0648\u0627\u0644\u0623\u0645\u0627\u0646<\/strong><\/p><ul><li>Your credit card and payment information are protected with security measures such as 256-bit SSL certification.<\/li><li>\u062a\u064f\u0631\u0633\u0644 \u0645\u0639\u0644\u0648\u0645\u0627\u062a \u0628\u0637\u0627\u0642\u062a\u0643 \u0628\u0634\u0643\u0644 \u0645\u0634\u0641\u0631 \u0648\u0644\u0627 \u064a\u062a\u0645 \u062a\u062e\u0632\u064a\u0646\u0647\u0627 \u0628\u0648\u0627\u0633\u0637\u0629 Hostragons.<\/li><li>Additional security tools are used to take precautions against potential malware.<\/li><\/ul><p><strong>\u0668. \u0627\u0644\u0643\u0648\u0643\u064a\u0632 \u0648\u062a\u0642\u0646\u064a\u0627\u062a \u0627\u0644\u062a\u062a\u0628\u0639<\/strong><\/p><p class=\"translation-block\">\u0646\u0633\u062a\u062e\u062f\u0645 \u0627\u0644\u0643\u0648\u0643\u064a\u0632 \u0648\u062a\u0642\u0646\u064a\u0627\u062a \u0627\u0644\u062a\u062a\u0628\u0639 \u0639\u0644\u0649 \u0645\u0648\u0642\u0639\u0646\u0627 \u0644\u062a\u062d\u0633\u064a\u0646 \u062a\u062c\u0631\u0628\u0629 \u0627\u0644\u0645\u0633\u062a\u062e\u062f\u0645 \u0648\u0641\u0647\u0645 \u0643\u064a\u0641\u064a\u0629 \u0627\u0633\u062a\u062e\u062f\u0627\u0645 \u0645\u0648\u0642\u0639\u0646\u0627. \u0644\u0645\u0632\u064a\u062f \u0645\u0646 \u0627\u0644\u0645\u0639\u0644\u0648\u0645\u0627\u062a \u062d\u0648\u0644 \u0627\u0644\u0643\u0648\u0643\u064a\u0632 \u0648\u0643\u064a\u0641\u064a\u0629 \u0625\u062f\u0627\u0631\u062a\u0647\u0627\u060c \u064a\u0645\u0643\u0646\u0643 \u0632\u064a\u0627\u0631\u0629 \u0635\u0641\u062d\u0629 <a href=\"https:\/\/www.hostragons.com\/ar\/%d8%b3%d9%8a%d8%a7%d8%b3%d8%a9-%d8%a7%d9%84%d9%83%d9%88%d9%83%d9%8a%d8%b2\/\" target=\"_new\" rel=\"noreferrer\">\u0633\u064a\u0627\u0633\u0629 \u0627\u0644\u0643\u0648\u0643\u064a\u0632<\/a> \u0627\u0644\u062e\u0627\u0635\u0629 \u0628\u0646\u0627.<\/p><p><strong>9. Sharing of Personal Data<\/strong><\/p><ul><li>Your personal data is shared only with third parties necessary to provide our services.<\/li><li>\u0642\u062f \u0646\u0634\u0627\u0631\u0643 \u0628\u064a\u0627\u0646\u0627\u062a\u0643 \u0648\u0641\u0642\u064b\u0627 \u0644\u0644\u0627\u0644\u062a\u0632\u0627\u0645\u0627\u062a \u0627\u0644\u0642\u0627\u0646\u0648\u0646\u064a\u0629 \u0623\u0648 \u0623\u0648\u0627\u0645\u0631 \u0627\u0644\u0645\u062d\u0643\u0645\u0629.<\/li><li>Data sharing with third parties will only be carried out with your consent.<\/li><\/ul><p><strong>10. User Rights<\/strong><\/p><p>Under the GDPR, users have the following rights:<\/p><ul><li>The right to access, rectify, or delete personal data.<\/li><li>The right to object to data processing and the right to data portability.<\/li><li>\u0627\u0644\u062d\u0642 \u0641\u064a \u0633\u062d\u0628 \u0627\u0644\u0645\u0648\u0627\u0641\u0642\u0629 \u0641\u064a \u0623\u064a \u0648\u0642\u062a.<\/li><\/ul><p><strong>\u0661\u0661. \u062a\u0642\u064a\u064a\u0645 \u062a\u0623\u062b\u064a\u0631 \u062d\u0645\u0627\u064a\u0629 \u0627\u0644\u0628\u064a\u0627\u0646\u0627\u062a (DPIA)<\/strong><\/p><p>\u064a\u062a\u0645 \u0625\u062c\u0631\u0627\u0621 \u062a\u0642\u064a\u064a\u0645 \u062a\u0623\u062b\u064a\u0631 \u062d\u0645\u0627\u064a\u0629 \u0627\u0644\u0628\u064a\u0627\u0646\u0627\u062a (DPIA) \u0644\u0623\u0646\u0634\u0637\u0629 \u0645\u0639\u0627\u0644\u062c\u0629 \u0627\u0644\u0628\u064a\u0627\u0646\u0627\u062a \u0639\u0627\u0644\u064a\u0629 \u0627\u0644\u0645\u062e\u0627\u0637\u0631. \u064a\u0645\u0643\u0646\u0643 \u0627\u0644\u062a\u0648\u0627\u0635\u0644 \u0645\u0639\u0646\u0627 \u0644\u0644\u062d\u0635\u0648\u0644 \u0639\u0644\u0649 \u0645\u0632\u064a\u062f \u0645\u0646 \u0627\u0644\u0645\u0639\u0644\u0648\u0645\u0627\u062a \u062d\u0648\u0644 \u0639\u0645\u0644\u064a\u0629 DPIA.<\/p><p><strong>\u0661\u0662. \u0646\u0642\u0644 \u0627\u0644\u0628\u064a\u0627\u0646\u0627\u062a \u0627\u0644\u062f\u0648\u0644\u064a\u0629<\/strong><\/p><p>\u0646\u062a\u062e\u0630 \u0627\u0644\u062a\u062f\u0627\u0628\u064a\u0631 \u0627\u0644\u0648\u0642\u0627\u0626\u064a\u0629 \u0627\u0644\u0644\u0627\u0632\u0645\u0629 \u0639\u0646\u062f \u0646\u0642\u0644 \u0628\u064a\u0627\u0646\u0627\u062a\u0643 \u0627\u0644\u0634\u062e\u0635\u064a\u0629 \u062e\u0627\u0631\u062c \u0627\u0644\u0627\u062a\u062d\u0627\u062f \u0627\u0644\u0623\u0648\u0631\u0648\u0628\u064a. \u0644\u0645\u0632\u064a\u062f \u0645\u0646 \u0627\u0644\u0645\u0639\u0644\u0648\u0645\u0627\u062a \u062d\u0648\u0644 \u0646\u0642\u0644 \u0627\u0644\u0628\u064a\u0627\u0646\u0627\u062a \u0627\u0644\u062f\u0648\u0644\u064a\u0629\u060c \u064a\u0645\u0643\u0646\u0643 \u0627\u0644\u062a\u0648\u0627\u0635\u0644 \u0645\u0639\u0646\u0627.<\/p><p><strong>\u0661\u0663. \u0625\u062e\u0637\u0627\u0631 \u062e\u0631\u0642 \u0627\u0644\u0628\u064a\u0627\u0646\u0627\u062a<\/strong><\/p><p>\u0641\u064a \u062d\u0627\u0644\u0629 \u062d\u062f\u0648\u062b \u062e\u0631\u0642 \u0644\u0644\u0628\u064a\u0627\u0646\u0627\u062a\u060c \u0646\u0642\u0648\u0645 \u0628\u0625\u0628\u0644\u0627\u063a \u0627\u0644\u0633\u0644\u0637\u0627\u062a \u0627\u0644\u0645\u062e\u062a\u0635\u0629 \u0648\u0627\u0644\u0623\u0641\u0631\u0627\u062f \u0627\u0644\u0645\u062a\u0623\u062b\u0631\u064a\u0646 \u0639\u0644\u0649 \u0627\u0644\u0641\u0648\u0631. \u064a\u0645\u0643\u0646\u0643 \u0627\u0644\u062a\u0648\u0627\u0635\u0644 \u0645\u0639\u0646\u0627 \u0644\u0644\u062d\u0635\u0648\u0644 \u0639\u0644\u0649 \u0645\u0632\u064a\u062f \u0645\u0646 \u0627\u0644\u0645\u0639\u0644\u0648\u0645\u0627\u062a \u062d\u0648\u0644 \u0625\u062c\u0631\u0627\u0621\u0627\u062a \u062e\u0631\u0642 \u0627\u0644\u0628\u064a\u0627\u0646\u0627\u062a \u0644\u062f\u064a\u0646\u0627.<\/p><p><strong>\u0661\u0664. \u062a\u0639\u062f\u064a\u0644\u0627\u062a \u0627\u0644\u0639\u0642\u062f<\/strong><\/p><p>\u0642\u062f \u064a\u062a\u0645 \u062a\u062d\u062f\u064a\u062b \u0647\u0630\u0647 \u0627\u0644\u0633\u064a\u0627\u0633\u0629 \u0645\u0646 \u0648\u0642\u062a \u0644\u0622\u062e\u0631. \u0633\u064a\u062a\u0645 \u0646\u0634\u0631 \u0623\u064a \u062a\u063a\u064a\u064a\u0631\u0627\u062a \u0641\u064a \u0647\u0630\u0647 \u0627\u0644\u0635\u0641\u062d\u0629 \u0645\u0639 \u0627\u0644\u0625\u0634\u0627\u0631\u0629 \u0625\u0644\u0649 \u062a\u0627\u0631\u064a\u062e \u0627\u0644\u0633\u0631\u064a\u0627\u0646. \u064a\u064f\u0646\u0635\u062d \u0627\u0644\u0645\u0633\u062a\u062e\u062f\u0645\u0648\u0646 \u0628\u0645\u0631\u0627\u062c\u0639\u0629 \u0647\u0630\u0647 \u0627\u0644\u0635\u0641\u062d\u0629 \u0628\u0627\u0646\u062a\u0638\u0627\u0645 \u0644\u0644\u0628\u0642\u0627\u0621 \u0639\u0644\u0649 \u0627\u0637\u0644\u0627\u0639 \u0628\u0623\u064a \u062a\u063a\u064a\u064a\u0631\u0627\u062a.<\/p>\t\t\t\t\t\t\t\t<\/div>\n\t\t\t\t<\/div>\n\t\t\t\t\t<\/div>\n\t\t<\/div>\n\t\t\t\t\t<\/div>\n\t\t<\/section>\n\t\t\t\t<\/div>","protected":false},"excerpt":{"rendered":"<p>Y\u00fcr\u00fcrl\u00fck\/G\u00fcncelleme Tarihi: 05.08.2024 1. Giri\u015f Hostragons Global Limited (&#8220;Hostragons&#8221; olarak an\u0131lacakt\u0131r), kullan\u0131c\u0131lar\u0131m\u0131z\u0131n gizlili\u011fini ve ki\u015fisel verilerinin korunmas\u0131n\u0131 ciddiye al\u0131r. Bu Gizlilik ve GDPR Uyum Politikas\u0131, ki\u015fisel verilerin nas\u0131l topland\u0131\u011f\u0131n\u0131, kullan\u0131ld\u0131\u011f\u0131n\u0131, korundu\u011funu ve GDPR kapsam\u0131nda nas\u0131l y\u00f6netildi\u011fini a\u00e7\u0131klar. Web sitemizi ve hizmetlerimizi kullanarak, bu politikay\u0131 kabul etmi\u015f say\u0131l\u0131rs\u0131n\u0131z. 2. Veri Sorumlusu ve Temsilcisi Hostragons, ki\u015fisel verilerinizi [&hellip;]<\/p>\n","protected":false},"author":94,"featured_media":7854,"parent":0,"menu_order":0,"comment_status":"closed","ping_status":"closed","template":"","meta":{"googlesitekit_rrm_CAow5YvFDA:productID":"","footnotes":""},"class_list":["post-2031","page","type-page","status-publish","has-post-thumbnail","hentry"],"_links":{"self":[{"href":"https:\/\/www.hostragons.com\/ar\/wp-json\/wp\/v2\/pages\/2031","targetHints":{"allow":["GET"]}}],"collection":[{"href":"https:\/\/www.hostragons.com\/ar\/wp-json\/wp\/v2\/pages"}],"about":[{"href":"https:\/\/www.hostragons.com\/ar\/wp-json\/wp\/v2\/types\/page"}],"author":[{"embeddable":true,"href":"https:\/\/www.hostragons.com\/ar\/wp-json\/wp\/v2\/users\/94"}],"replies":[{"embeddable":true,"href":"https:\/\/www.hostragons.com\/ar\/wp-json\/wp\/v2\/comments?post=2031"}],"version-history":[{"count":0,"href":"https:\/\/www.hostragons.com\/ar\/wp-json\/wp\/v2\/pages\/2031\/revisions"}],"wp:featuredmedia":[{"embeddable":true,"href":"https:\/\/www.hostragons.com\/ar\/wp-json\/wp\/v2\/media\/7854"}],"wp:attachment":[{"href":"https:\/\/www.hostragons.com\/ar\/wp-json\/wp\/v2\/media?parent=2031"}],"curies":[{"name":"\u0648\u0648\u0631\u062f\u0628\u0631\u064a\u0633","href":"https:\/\/api.w.org\/{rel}","templated":true}]}}