{"id":2358,"date":"2020-10-02T08:03:18","date_gmt":"2020-10-02T05:03:18","guid":{"rendered":"https:\/\/www.hostragons.com\/?page_id=2358"},"modified":"2025-03-25T09:07:38","modified_gmt":"2025-03-25T09:07:38","slug":"%e1%8b%a8%e1%8a%a9%e1%8a%aa-%e1%8d%96%e1%88%8a%e1%88%b2","status":"publish","type":"page","link":"https:\/\/www.hostragons.com\/am\/%e1%8b%a8%e1%8a%a9%e1%8a%aa-%e1%8d%96%e1%88%8a%e1%88%b2\/","title":{"rendered":"\u12e8\u12a9\u12aa \u1356\u120a\u1232"},"content":{"rendered":"<div data-elementor-type=\"wp-page\" data-elementor-id=\"2358\" class=\"elementor elementor-2358\" data-elementor-post-type=\"page\">\n\t\t\t\t\t\t<section class=\"elementor-section elementor-top-section elementor-element elementor-element-9da5eda elementor-section-boxed elementor-section-height-default elementor-section-height-default\" data-id=\"9da5eda\" data-element_type=\"section\" data-e-type=\"section\">\n\t\t\t\t\t\t<div class=\"elementor-container elementor-column-gap-default\">\n\t\t\t\t\t<div class=\"elementor-column elementor-col-100 elementor-top-column elementor-element elementor-element-a7228de\" data-id=\"a7228de\" data-element_type=\"column\" data-e-type=\"column\">\n\t\t\t<div class=\"elementor-widget-wrap elementor-element-populated\">\n\t\t\t\t\t\t<div class=\"elementor-element elementor-element-8bde4d6 elementor-widget elementor-widget-text-editor\" data-id=\"8bde4d6\" data-element_type=\"widget\" data-e-type=\"widget\" data-widget_type=\"text-editor.default\">\n\t\t\t\t<div class=\"elementor-widget-container\">\n\t\t\t\t\t\t\t\t\t<p><strong>\u12cd\u1324\u1273\u121b\/\u12e8\u1270\u12d8\u1218\u1290\u1260\u1275 \u1240\u1295\u1361-<\/strong> 05.08.2024<\/p><p><strong>1. \u12a9\u12aa \u121d\u1295\u12f5\u1295 \u1290\u12cd?<\/strong><\/p><p>\u12a9\u12aa\u12ce\u127d \u1260\u12f5\u122d \u1323\u1262\u12eb\u12ce\u127d \u12c8\u12f0 \u12a0\u1233\u123d\u1205 \u12e8\u1270\u120b\u12a9 \u12a5\u1293 \u1260\u1218\u1233\u122a\u12eb\u1205 \u120b\u12ed \u12e8\u1270\u12a8\u121b\u1279 \u1275\u1293\u1295\u123d \u12e8\u12cd\u1202\u1265 \u134b\u12ed\u120e\u127d \u1293\u1278\u12cd\u1362 \u12a5\u1290\u12da\u1205 \u134b\u12ed\u120e\u127d \u12a0\u1233\u123d\u12ce \u12f5\u1228\u1308\u1339\u1295 \u12a5\u1295\u12f0\u1308\u1293 \u1232\u130e\u1260\u1299\u1275 \u12a5\u1295\u12f2\u12eb\u12cd\u1240\u12cd \u12a5\u1293 \u12e8\u1270\u1320\u1243\u121a \u1270\u121e\u12ad\u122e\u12ce\u1295 \u12ab\u1208\u1349\u1275 \u1309\u1265\u129d\u1276\u127d \u121d\u122d\u132b\u12ce\u1295 \u1260\u121b\u1235\u1273\u12c8\u1235 \u130d\u120b\u12ca \u12a5\u1295\u12f2\u12eb\u12f0\u122d\u1308\u12cd \u12eb\u1235\u127d\u1208\u12cb\u120d\u1362<\/p><p><strong>2. \u12e8\u12a9\u12aa\u12ce\u127d \u12a0\u1320\u1243\u1240\u121d \u12d3\u120b\u121b\u12ce\u127d<\/strong><\/p><p>Hostragons \u12a9\u12aa\u12ce\u127d\u1295 \u1208\u121a\u12a8\u1270\u1209\u1275 \u12d3\u120b\u121b\u12ce\u127d \u12ed\u1320\u1240\u121b\u120d\u1362<\/p><ul><li class=\"translation-block\"><strong>\u12a0\u1235\u1308\u12f3\u1305 \u12a9\u12aa\u12ce\u127d<\/strong> \u1361 \u1323\u1262\u12eb\u12cd \u1218\u1230\u1228\u1273\u12ca \u1270\u130d\u1263\u122b\u1276\u1279\u1295 \u12a5\u1295\u12f2\u12eb\u12a8\u1293\u12cd\u1295 \u12a0\u1235\u1348\u120b\u130a \u1290\u12cd\u1362<\/li><li><strong>\u12e8\u12a0\u1348\u133b\u1338\u121d \u12a9\u12aa\u12ce\u127d\u1361-<\/strong> \u12e8\u1323\u1262\u12eb\u12cd\u1295 \u12a0\u1348\u1343\u1340\u121d \u1208\u1218\u1246\u1323\u1320\u122d \u12a5\u1293 \u1208\u121b\u123b\u123b\u120d \u1325\u1245\u121d \u120b\u12ed \u12ed\u12cd\u120b\u120d.<\/li><li class=\"translation-block\"><strong>\u1270\u130d\u1263\u122b\u12ca \u12a9\u12aa\u12ce\u127d<\/strong> \u1361 \u12e8\u1270\u1320\u1243\u121a \u121d\u122d\u132b\u12ce\u127d\u1295 \u1260\u121b\u1235\u1273\u12c8\u1235 \u130d\u120b\u12ca\u1290\u1275 \u12e8\u1270\u120b\u1260\u1230 \u1270\u121e\u12ad\u122e \u12eb\u1240\u122d\u1263\u120d\u1362<\/li><li class=\"translation-block\"><strong>\u12e8\u121b\u1235\u1273\u12c8\u1242\u12eb \u12a5\u1293 \u12e8\u130d\u1265\u12ed\u1275 \u12a9\u12aa\u12ce\u127d<\/strong> \u1361 \u1208\u134d\u120b\u130e\u1276\u127d\u12ce \u12e8\u1270\u12d8\u130b\u1301 \u12ed\u12d8\u1276\u127d\u1295 \u12a5\u1293 \u121b\u1235\u1273\u12c8\u1242\u12eb\u12ce\u127d\u1295 \u1208\u121b\u1245\u1228\u1265 \u12ed\u1320\u1245\u121b\u120d\u1362<\/li><\/ul><p><strong>3. \u12e8\u1236\u1235\u1270\u129b \u12c8\u1308\u1295 \u12a9\u12aa\u12ce\u127d<\/strong><\/p><p>\u1260\u1323\u1262\u12eb\u127d\u1295 \u120b\u12ed \u12eb\u1209 \u12a0\u1295\u12f3\u1295\u12f5 \u12a9\u12aa\u12ce\u127d \u1260\u1236\u1235\u1270\u129b \u12c8\u1308\u1295 \u12a0\u1308\u120d\u130d\u120e\u1275 \u12a0\u1245\u122b\u1262\u12ce\u127d \u1290\u12cd \u12e8\u121a\u1270\u12f3\u12f0\u1229\u1275\u1362 \u12a5\u1290\u12da\u1205 \u12a9\u12aa\u12ce\u127d \u1208\u121b\u1235\u1273\u12c8\u1242\u12eb \u12a5\u1293 \u12e8\u1275\u1295\u1273\u1294 \u12a0\u1308\u120d\u130d\u120e\u1276\u127d \u12e8\u121a\u12eb\u1308\u1208\u130d\u1209 \u1232\u1206\u1295 \u1208\u1236\u1235\u1270\u129b \u12c8\u1308\u1296\u127d \u12e8\u130d\u120b\u12ca\u1290\u1275 \u1356\u120a\u1232\u12ce\u127d \u1270\u1308\u12e2 \u1293\u1278\u12cd\u1362 \u12e8\u1236\u1235\u1270\u129b \u12c8\u1308\u1295 \u12a9\u12aa\u12ce\u127d\u1295 \u12a0\u1320\u1243\u1240\u121d \u1260\u1270\u1218\u1208\u12a8\u1270 \u1270\u1328\u121b\u122a \u1218\u1228\u1303 \u1208\u121b\u130d\u1298\u1275 \u12e8\u12a5\u1290\u12da\u1205\u1295 \u12a0\u1308\u120d\u130d\u120e\u1275 \u12a0\u1245\u122b\u1262\u12ce\u127d \u12e8\u130d\u120b\u12ca\u1290\u1275 \u1356\u120a\u1232\u12ce\u127d \u12a5\u1295\u12f2\u12a8\u120d\u1231 \u12a5\u1295\u1218\u12ad\u122b\u1208\u1295\u1362<\/p><p><strong>4. \u12a9\u12aa\u12ce\u127d\u1295 \u1218\u1246\u1323\u1320\u122d \u12a5\u1293 \u1218\u1230\u1228\u12dd<\/strong><\/p><p>\u1260\u12a0\u1233\u123d\u12ce \u1245\u1295\u1265\u122e\u127d \u1260\u12a9\u120d \u12a9\u12aa\u12ce\u127d\u1295 \u121b\u1235\u1270\u12f3\u12f0\u122d\u1363 \u1218\u1240\u1260\u120d \u12c8\u12ed\u121d \u12a0\u1208\u1218\u1240\u1260\u120d \u12ed\u127d\u120b\u1209\u1362 \u12a5\u1295\u12f2\u1201\u121d \u12a8\u12da\u1205 \u1240\u12f0\u121d \u1260\u12a0\u1233\u123d\u12ce \u12cd\u1235\u1325 \u12e8\u1270\u1240\u1218\u1321 \u12a9\u12aa\u12ce\u127d\u1295 \u1218\u1230\u1228\u12dd \u12ed\u127d\u120b\u1209\u1362 \u12a9\u12aa\u12ce\u127d\u1295 \u12a5\u1295\u12f4\u1275 \u121b\u1235\u1270\u12f3\u12f0\u122d \u12a5\u1295\u12f0\u121a\u127b\u120d \u120b\u12ed \u1270\u1328\u121b\u122a \u1218\u1228\u1303 \u1208\u121b\u130d\u1298\u1275 \u12a5\u12e8\u1270\u1320\u1240\u1219\u1260\u1275 \u120b\u1208\u12cd \u12a0\u1233\u123d \u120d\u12e9 \u1218\u1218\u122a\u12eb\u12ce\u127d\u1295 \u1218\u1218\u120d\u12a8\u1275 \u12ed\u127d\u120b\u1209\u1361-<\/p><ul><li><a target=\"_new\" rel=\"noreferrer\">\u130e\u130d\u120d \u12ad\u122e\u121d<\/a><\/li><li><a href=\"https:\/\/support.mozilla.org\/tr\/kb\/cerezleri-silme\" target=\"_new\" rel=\"noreferrer noopener\">\u121e\u12da\u120b \u134b\u12e8\u122d\u134e\u12ad\u1235<\/a><\/li><li><a href=\"https:\/\/support.apple.com\/tr-tr\/guide\/safari\/sfri11471\/mac\" target=\"_new\" rel=\"noreferrer noopener\">\u1233\u134b\u122a<\/a><\/li><li><a href=\"https:\/\/support.microsoft.com\/tr-tr\/help\/4027947\/microsoft-edge-delete-cookies\" target=\"_new\" rel=\"noreferrer noopener\">\u12e8\u121b\u12ed\u12ad\u122e\u1236\u134d\u1275 \u1320\u122d\u12dd<\/a><\/li><\/ul><p class=\"translation-block\">5. \u12e8\u12a9\u12aa \u1356\u120a\u1232 \u1208\u12cd\u1326\u127d<\/p><p>Hostragons \u12e8\u12a9\u12aa \u1356\u120a\u1232\u12cd\u1295 \u12e8\u1218\u1240\u12e8\u122d \u1218\u1265\u1271 \u12e8\u1270\u1320\u1260\u1240 \u1290\u12cd\u1362 \u1260\u1218\u1218\u122a\u12eb\u127d\u1295 \u120b\u12ed \u12e8\u121a\u12f0\u1228\u1309 \u121b\u1293\u1278\u12cd\u121d \u1208\u12cd\u1326\u127d \u1260\u12da\u1205 \u1308\u133d \u120b\u12ed \u12ed\u12d8\u121d\u1293\u1209 \u12a5\u1293 \u1270\u130d\u1263\u122b\u12ca \u12ed\u1206\u1293\u1209\u1362 \u12ed\u1205\u1295\u1295 \u1308\u133d \u1260\u1218\u12f0\u1260\u129b\u1290\u1275 \u1260\u1218\u1218\u120d\u12a8\u1275 \u1270\u1320\u1243\u121a\u12ce\u127d \u1235\u1208\u121b\u1295\u129b\u12cd\u121d \u1208\u12cd\u1326\u127d \u12a5\u1295\u12f2\u12eb\u12cd\u1241 \u12a5\u1295\u1218\u12ad\u122b\u1208\u1295\u1362<\/p><p><strong>6. \u130d\u1295\u1299\u1290\u1275<\/strong><\/p><p>\u1235\u1208\u12da\u1205 \u12e8\u12a9\u12aa \u1356\u120a\u1232 \u1325\u12eb\u1244\u12ce\u127d <a rel=\"noreferrer\">hello@hostragons.com<\/a> \u1260 \u120a\u12eb\u1308\u1299\u1295 \u12ed\u127d\u120b\u1209\u1362<\/p>\t\t\t\t\t\t\t\t<\/div>\n\t\t\t\t<\/div>\n\t\t\t\t\t<\/div>\n\t\t<\/div>\n\t\t\t\t\t<\/div>\n\t\t<\/section>\n\t\t\t\t<\/div>","protected":false},"excerpt":{"rendered":"<p>Y\u00fcr\u00fcrl\u00fck\/G\u00fcncelleme Tarihi: 05.08.2024 1. \u00c7erez (Cookie) Nedir? \u00c7erezler, web siteleri taraf\u0131ndan taray\u0131c\u0131n\u0131za g\u00f6nderilen ve cihaz\u0131n\u0131zda depolanan k\u00fc\u00e7\u00fck veri dosyalar\u0131d\u0131r. Bu dosyalar, siteyi tekrar ziyaret etti\u011finizde taray\u0131c\u0131n\u0131z\u0131n web sitesini tan\u0131mas\u0131n\u0131 sa\u011flar ve \u00f6nceki ziyaretlerinizdeki tercihlerinizi hat\u0131rlayarak kullan\u0131c\u0131 deneyiminizi ki\u015fiselle\u015ftirir. 2. \u00c7erezlerin Kullan\u0131m Ama\u00e7lar\u0131 Hostragons, a\u015fa\u011f\u0131daki ama\u00e7lar do\u011frultusunda \u00e7erezleri kullan\u0131r: Zorunlu \u00c7erezler: Sitenin temel i\u015flevlerini yerine getirebilmesi [&hellip;]<\/p>\n","protected":false},"author":94,"featured_media":7852,"parent":0,"menu_order":0,"comment_status":"closed","ping_status":"closed","template":"","meta":{"googlesitekit_rrm_CAow5YvFDA:productID":"","footnotes":""},"class_list":["post-2358","page","type-page","status-publish","has-post-thumbnail","hentry"],"_links":{"self":[{"href":"https:\/\/www.hostragons.com\/am\/wp-json\/wp\/v2\/pages\/2358","targetHints":{"allow":["GET"]}}],"collection":[{"href":"https:\/\/www.hostragons.com\/am\/wp-json\/wp\/v2\/pages"}],"about":[{"href":"https:\/\/www.hostragons.com\/am\/wp-json\/wp\/v2\/types\/page"}],"author":[{"embeddable":true,"href":"https:\/\/www.hostragons.com\/am\/wp-json\/wp\/v2\/users\/94"}],"replies":[{"embeddable":true,"href":"https:\/\/www.hostragons.com\/am\/wp-json\/wp\/v2\/comments?post=2358"}],"version-history":[{"count":0,"href":"https:\/\/www.hostragons.com\/am\/wp-json\/wp\/v2\/pages\/2358\/revisions"}],"wp:featuredmedia":[{"embeddable":true,"href":"https:\/\/www.hostragons.com\/am\/wp-json\/wp\/v2\/media\/7852"}],"wp:attachment":[{"href":"https:\/\/www.hostragons.com\/am\/wp-json\/wp\/v2\/media?parent=2358"}],"curies":[{"name":"wp","href":"https:\/\/api.w.org\/{rel}","templated":true}]}}