{"id":2031,"date":"2020-09-08T16:09:39","date_gmt":"2020-09-08T13:09:39","guid":{"rendered":"https:\/\/www.hostragons.com\/?page_id=2031"},"modified":"2024-09-26T17:52:04","modified_gmt":"2024-09-26T14:52:04","slug":"%e1%8b%a8%e1%8c%8d%e1%88%8b%e1%8b%8a%e1%8a%90%e1%89%b5-%e1%8d%96%e1%88%8a%e1%88%b2","status":"publish","type":"page","link":"https:\/\/www.hostragons.com\/am\/%e1%8b%a8%e1%8c%8d%e1%88%8b%e1%8b%8a%e1%8a%90%e1%89%b5-%e1%8d%96%e1%88%8a%e1%88%b2\/","title":{"rendered":"\u12e8\u130d\u120b\u12ca\u1290\u1275 \u1356\u120a\u1232"},"content":{"rendered":"<div data-elementor-type=\"wp-page\" data-elementor-id=\"2031\" class=\"elementor elementor-2031\" data-elementor-post-type=\"page\">\n\t\t\t\t\t\t<section class=\"elementor-section elementor-top-section elementor-element elementor-element-91e4b54 elementor-section-boxed elementor-section-height-default elementor-section-height-default\" data-id=\"91e4b54\" data-element_type=\"section\" data-e-type=\"section\">\n\t\t\t\t\t\t<div class=\"elementor-container elementor-column-gap-default\">\n\t\t\t\t\t<div class=\"elementor-column elementor-col-100 elementor-top-column elementor-element elementor-element-0774a31\" data-id=\"0774a31\" data-element_type=\"column\" data-e-type=\"column\">\n\t\t\t<div class=\"elementor-widget-wrap elementor-element-populated\">\n\t\t\t\t\t\t<div class=\"elementor-element elementor-element-830efa2 elementor-widget elementor-widget-text-editor\" data-id=\"830efa2\" data-element_type=\"widget\" data-e-type=\"widget\" data-widget_type=\"text-editor.default\">\n\t\t\t\t<div class=\"elementor-widget-container\">\n\t\t\t\t\t\t\t\t\t<p><strong>\u12e8\u121a\u1230\u122b \/ \u12e8\u12d8\u1218\u1290 \u1240\u1295\u1361 05.08.2024<\/strong><\/p><p><strong>1. \u1218\u130d\u1262\u12eb<\/strong><\/p><p>Hostragons Global Limited (&quot;Hostragons&quot;) \u12e8\u1270\u1320\u1243\u121a\u12ce\u127b\u127d\u1295\u1295 \u130d\u120b\u12ca\u1290\u1275 \u12a5\u1293 \u12e8\u130d\u120d \u12cd\u1202\u1266\u127b\u1278\u12cd\u1295 \u1325\u1260\u1243 \u1260\u1241\u121d \u1290\u1308\u122d \u12ed\u1218\u1208\u12a8\u1273\u120d\u1362 \u12ed\u1205 \u12e8\u130d\u120b\u12ca\u1290\u1275 \u12a5\u1293 \u12e8GDPR \u1270\u1308\u12e2\u1290\u1275 \u1356\u120a\u1232 \u12e8\u130d\u120d \u1218\u1228\u1303 \u12a5\u1295\u12f4\u1275 \u12a5\u1295\u12f0\u121a\u1230\u1260\u1230\u1265\u1363 \u1325\u1245\u121d \u120b\u12ed \u12a5\u1295\u12f0\u121a\u12cd\u120d\u1363 \u12a5\u1295\u12f0\u121a\u1320\u1260\u1245 \u12a5\u1293 \u1260GDPR \u1235\u122d \u12a5\u1295\u12f0\u121a\u1270\u12f3\u12f0\u122d \u12eb\u1265\u122b\u122b\u120d\u1362 \u12e8\u12a5\u129b\u1295 \u12f5\u1228-\u1308\u133d \u12a5\u1293 \u12a0\u1308\u120d\u130d\u120e\u1276\u127b\u127d\u1295\u1295 \u1260\u1218\u1320\u1240\u121d \u12ed\u1205\u1295 \u1356\u120a\u1232 \u12a5\u1295\u12f0\u1270\u1240\u1260\u1209\u1275 \u12ed\u1246\u1320\u122b\u120d\u1362<\/p><p><strong>2. \u12e8\u12cd\u1202\u1265 \u1270\u1246\u1323\u1323\u122a \u12a5\u1293 \u1270\u12c8\u12ab\u12ed<\/strong><\/p><p>Hostragons \u12e8\u12a5\u122d\u1235\u12ce\u1295 \u12e8\u130d\u120d \u12cd\u1202\u1265 \u1208\u1218\u1320\u1260\u1245 \u1283\u120b\u134a\u1290\u1275 \u12eb\u1208\u12cd \u12e8\u12cd\u1202\u1265 \u1270\u1246\u1323\u1323\u122a \u1290\u12cd\u1362 \u12e8\u12a0\u12cd\u122e\u1353 \u1205\u1265\u1228\u1275 \u12c8\u12aa\u120b\u127d\u1295\u1361-<\/p><ul><li><strong>\u12e8\u12cd\u1202\u1265 \u1325\u1260\u1243 \u1270\u12c8\u12ab\u12ed\u1361-<\/strong> \u12e8\u12a9\u1264\u12ad \u12e8\u130d\u120b\u12ca\u1290\u1275 \u1205\u130d<\/li><\/ul><p><strong>3. \u12e8\u1218\u1228\u1303 \u121b\u1240\u1290\u1263\u1260\u122a\u12eb \u1218\u1230\u1228\u1273\u12ca \u1218\u122d\u1206\u127d<\/strong><\/p><p>\u1260\u1206\u1235\u1275\u122b\u130e\u1295 \u1260GDPR \u1218\u1235\u1348\u122d\u1276\u127d \u1218\u1230\u1228\u1275 \u12e8\u121a\u12a8\u1270\u1209\u1275\u1295 \u1218\u1230\u1228\u1273\u12ca \u1218\u122d\u1206\u127d \u12a5\u1293\u12a8\u1265\u122b\u1208\u1295\u1361<\/p><ul><li class=\"translation-block\"><strong>\u130d\u120d\u133d\u1290\u1275<\/strong> \u1361 \u12e8\u12a5\u122d\u1235\u12ce\u1295 \u12e8\u130d\u120d \u12cd\u1202\u1265 \u12a5\u1295\u12f4\u1275 \u12a5\u1295\u12f0\u121d\u1295\u1230\u1260\u1235\u1265 \u12a5\u1293 \u12a5\u1295\u12f0\u121d\u1293\u1235\u1270\u1293\u130d\u12f5 \u1260\u130d\u120d\u1345 \u12a5\u1295\u1308\u120d\u133b\u1208\u1295\u1362<\/li><li class=\"translation-block\"><strong>\u1275\u12ad\u12ad\u1208\u129b\u1290\u1275<\/strong> \u1361 \u12e8\u12a5\u122d\u1235\u12ce\u1295 \u12cd\u1202\u1265 \u1275\u12ad\u12ad\u1208\u129b \u12a5\u1293 \u12c8\u1245\u1273\u12ca \u12a5\u1295\u12f2\u1206\u1295 \u12a5\u1293\u12f0\u122d\u130b\u1208\u1295\u1362<\/li><li class=\"translation-block\"><strong>\u121b\u1233\u1290\u1235<\/strong> \u1361 \u12a5\u1295\u1230\u1260\u1235\u1263\u1208\u1295 \u12a5\u1293 \u12a0\u1235\u1348\u120b\u130a\u12cd\u1295 \u12cd\u1202\u1265 \u1265\u127b \u12a5\u1293\u1235\u12ac\u12f3\u1208\u1295\u1362<\/li><li class=\"translation-block\"><strong>\u12e8\u121b\u1246\u12e8\u1275 \u1308\u12f0\u1265<\/strong> \u1361 \u12e8\u12a5\u122d\u1235\u12ce\u1295 \u12cd\u1202\u1265 \u12a0\u1235\u1348\u120b\u130a \u12a5\u1235\u12a8\u1206\u1290 \u12f5\u1228\u1235 \u1265\u127b \u1290\u12cd \u12e8\u121d\u1293\u1246\u12e8\u12cd\u1362<\/li><\/ul><p><strong>4. \u12e8\u1270\u1230\u1260\u1230\u1260 \u1218\u1228\u1303<\/strong><\/p><p>Hostragons \u12e8\u121a\u12a8\u1270\u1209\u1275\u1295 \u12e8\u130d\u120d \u1218\u1228\u1303\u12ce\u127d \u12ed\u1230\u1260\u1235\u1263\u120d\u1361-<\/p><ul><li class=\"translation-block\"><strong>\u12e8\u121b\u1295\u1290\u1275 \u1218\u1228\u1303<\/strong> \u1361 \u1235\u121d\u1363 \u12e8\u12a0\u1263\u1275 \u1235\u121d\u1363 \u12a0\u12f5\u122b\u123b\u1363 \u1235\u120d\u12ad \u1241\u1325\u122d\u1363 \u12e8\u12a2\u121c\u120d \u12a0\u12f5\u122b\u123b\u1362<\/li><li class=\"translation-block\"><strong>\u12e8\u12ad\u134d\u12eb \u1218\u1228\u1303<\/strong> \u1361 \u12e8\u12ad\u122c\u12f2\u1275 \u12ab\u122d\u12f5 \u1218\u1228\u1303 \u12a5\u1293 \u12e8\u12ad\u134d\u12eb \u12dd\u122d\u12dd\u122e\u127d\u1362<\/li><li class=\"translation-block\"><strong>\u1274\u12ad\u1292\u12ab\u12ca \u12cd\u1202\u1265:<\/strong> \u12e8\u12a0\u12ed\u1352 \u12a0\u12f5\u122b\u123b, \u12e8\u12a0\u1233\u123d \u12a0\u12ed\u1290\u1275, \u1235\u122d\u12d3\u1270 \u12ad\u12c8\u1293.<\/li><li class=\"translation-block\"><strong>\u12e8\u1270\u1320\u1243\u121a \u1263\u1205\u122a<\/strong> \u1361 \u12e8\u1270\u1320\u1243\u121a \u121d\u122d\u132b\u12ce\u127d\u1363 \u12a5\u1295\u1245\u1235\u1243\u1234\u12ce\u127d \u1260\u1323\u1262\u12eb\u12cd \u120b\u12ed\u1362<\/li><\/ul><p><strong>5. \u12e8\u130d\u120d \u1218\u1228\u1303\u1295 \u1218\u1320\u1240\u121d<\/strong><\/p><p>\u12e8\u1270\u1230\u1260\u1230\u1260\u12cd \u12e8\u130d\u120d \u1218\u1228\u1303 \u1208\u121a\u12a8\u1270\u1209\u1275 \u12d3\u120b\u121b\u12ce\u127d \u1325\u1245\u121d \u120b\u12ed \u12ed\u12cd\u120b\u120d\u1361<\/p><ul><li>\u12a0\u1308\u120d\u130d\u120e\u1276\u127d\u1295 \u1218\u1235\u1320\u1275 \u12a5\u1293 \u121b\u1235\u1270\u12f3\u12f0\u122d\u1362<\/li><li>\u12e8\u12f0\u1295\u1260\u129b \u12f5\u130b\u134d \u12a0\u1308\u120d\u130d\u120e\u1276\u127d \u12a5\u1293 \u130d\u1295\u1299\u1290\u1275.<\/li><li>\u12e8\u12ad\u134d\u12eb \u1218\u1320\u12e8\u1242\u12eb \u130d\u1265\u12ed\u1276\u127d \u12a5\u1293 \u1205\u130b\u12ca \u1230\u1290\u12f6\u127d\u1295 \u121b\u12d8\u130b\u1300\u1275.<\/li><li>\u12e8\u12a5\u129b\u1295 \u12f5\u1228-\u1308\u133d \u12a0\u1348\u133b\u1338\u121d \u12a5\u1293 \u12e8\u1270\u1320\u1243\u121a \u1270\u121e\u12ad\u122e \u121b\u123b\u123b\u120d\u1362<\/li><li>\u12e8\u1215\u130d \u130d\u12f4\u1273\u12ce\u127d\u1295 \u121b\u12ad\u1260\u122d \u12a5\u1293 \u1218\u1265\u1276\u127d\u1295 \u1218\u12a8\u120b\u12a8\u120d\u1362<\/li><li>\u12e8\u130d\u1265\u12ed\u1275 \u12a5\u1293 \u12e8\u121b\u1235\u1270\u12cb\u12c8\u1242\u12eb \u12a5\u1295\u1245\u1235\u1243\u1234\u12ce\u127d.<\/li><\/ul><p><strong>6. \u12e8\u130d\u120d \u1218\u1228\u1303 \u12e8\u121b\u12a8\u121b\u127b \u130a\u12dc<\/strong><\/p><p>\u12e8\u12a5\u122d\u1235\u12ce\u1295 \u130d\u120b\u12ca \u1218\u1228\u1303 \u1208\u1202\u12f0\u1273\u127d\u1295 \u12d3\u120b\u121b\u12ce\u127d \u12a0\u1235\u1348\u120b\u130a \u12a5\u1235\u12a8\u1206\u1290 \u12f5\u1228\u1235 \u1265\u127b \u12a5\u1293\u1246\u12e8\u12cb\u1208\u1295\u1362 \u12e8\u12a5\u122d\u1235\u12ce\u1295 \u12cd\u1202\u1265 \u1208\u121d\u1295 \u12eb\u1205\u120d \u130a\u12dc \u12a5\u1295\u12f0\u121d\u1293\u1246\u12ed \u12a5\u1293 \u12ed\u1205 \u130a\u12dc \u12a5\u1295\u12f4\u1275 \u12a5\u1295\u12f0\u121a\u12c8\u1230\u1295 \u1218\u1228\u1303 \u1208\u121b\u130d\u1298\u1275 \u12a5\u129b\u1295 \u121b\u130d\u1298\u1275 \u12ed\u127d\u120b\u1209\u1362<\/p><p><strong>7. \u12e8\u12ad\u134d\u12eb \u1218\u1228\u1303 \u12a5\u1293 \u12f0\u1205\u1295\u1290\u1275<\/strong><\/p><ul><li>\u12e8\u12ad\u122c\u12f2\u1275 \u12ab\u122d\u12f5\u12ce \u12a5\u1293 \u12e8\u12ad\u134d\u12eb \u1218\u1228\u1303\u12ce \u12a5\u1295\u12f0 256-\u1262\u1275 SSL \u1230\u122d\u1270\u134d\u12ac\u1275 \u1263\u1209 \u12e8\u12f0\u1205\u1295\u1290\u1275 \u12a5\u122d\u121d\u1303\u12ce\u127d \u12e8\u1270\u1320\u1260\u1240 \u1290\u12cd\u1362<\/li><li>\u12e8\u12ab\u122d\u12f5\u12ce \u1218\u1228\u1303 \u12e8\u1270\u1218\u1230\u1320\u1228 \u1290\u12cd \u12e8\u121a\u1270\u120b\u1208\u1348\u12cd \u12a5\u1293 \u1260\u1206\u1235\u1275\u122b\u130e\u1295 \u12a0\u12ed\u12a8\u121b\u127d\u121d\u1362<\/li><li>\u12a8\u1270\u1328\u121b\u122a \u12e8\u12f0\u1205\u1295\u1290\u1275 \u1218\u1233\u122a\u12eb\u12ce\u127d \u130b\u122d \u120a\u1206\u1291 \u12a8\u121a\u127d\u1209 \u121b\u120d\u12cc\u122e\u127d \u120b\u12ed \u1325\u1295\u1243\u1244\u12ce\u127d \u1270\u12f0\u122d\u1308\u12cb\u120d\u1362<\/li><\/ul><p><strong>8. \u12a9\u12aa\u12ce\u127d \u12a5\u1293 \u12e8\u1218\u12a8\u1273\u1270\u12eb \u1274\u12ad\u1296\u120e\u1302\u12ce\u127d<\/strong><\/p><p class=\"translation-block\">\u12e8\u1270\u1320\u1243\u121a \u120d\u121d\u12f5\u1295 \u1208\u121b\u123b\u123b\u120d \u12a5\u1293 \u12e8\u12a5\u129b \u12f5\u1228-\u1308\u133d \u12a5\u1295\u12f4\u1275 \u1325\u1245\u121d \u120b\u12ed \u12a5\u1295\u12f0\u121a\u12cd\u120d \u1208\u1218\u1228\u12f3\u1275 \u12e8\u12a5\u129b \u12f5\u1228-\u1308\u133d \u12a9\u12aa\u12ce\u127d\u1295 \u12a5\u1293 \u12e8\u1218\u12a8\u1273\u1270\u12eb \u1274\u12ad\u1296\u120e\u1302\u12ce\u127d\u1295 \u12ed\u1320\u1240\u121b\u120d\u1362 \u1235\u1208 \u12a9\u12aa\u12ce\u127d \u12a5\u1293 \u12a5\u1295\u12f4\u1275 \u12a5\u1290\u1231\u1295 \u121b\u1235\u1270\u12f3\u12f0\u122d \u12a5\u1295\u12f0\u121a\u127d\u1209 \u1270\u1328\u121b\u122a \u1218\u1228\u1303 <a href=\"https:\/\/www.hostragons.com\/am\/%e1%8b%a8%e1%8a%a9%e1%8a%aa-%e1%8d%96%e1%88%8a%e1%88%b2\/\" target=\"_new\" rel=\"noreferrer\">\u1260\u12a9\u12aa \u1218\u1218\u122a\u12eb<\/a> \u1308\u133b\u127d\u1295 \u120b\u12ed \u121b\u130d\u1298\u1275 \u12ed\u127d\u120b\u1209\u1362<\/p><p><strong>9. \u12e8\u130d\u120d \u1218\u1228\u1303\u1295 \u121b\u130b\u122b\u1275<\/strong><\/p><ul><li>\u12e8\u130d\u120d \u1218\u1228\u1303\u1205 \u12a0\u1308\u120d\u130d\u120e\u1273\u127d\u1295\u1295 \u1208\u121b\u1245\u1228\u1265 \u12a0\u1235\u1348\u120b\u130a \u1260\u121a\u1206\u1295\u1260\u1275 \u130a\u12dc \u1208\u1236\u1235\u1270\u129b \u12c8\u1308\u1296\u127d \u1265\u127b \u12ed\u130b\u122b\u120d\u1362<\/li><li>\u1260\u1205\u130b\u12ca \u130d\u12f4\u1273\u12ce\u127d \u12c8\u12ed\u121d \u1260\u134d\u122d\u12f5 \u1264\u1275 \u1275\u12d5\u12db\u12de\u127d \u1218\u1230\u1228\u1275 \u12e8\u12a5\u122d\u1235\u12ce\u1295 \u12cd\u1202\u1265 \u120d\u1293\u130b\u122b \u12a5\u1295\u127d\u120b\u1208\u1295\u1362<\/li><li>\u12a8\u1236\u1235\u1270\u129b \u12c8\u1308\u1296\u127d \u130b\u122d \u12e8\u12cd\u1202\u1265 \u1218\u130b\u122b\u1275 \u1260\u12a5\u122d\u1235\u12ce \u134d\u1243\u12f5 \u1265\u127b \u1290\u12cd \u12e8\u121a\u1206\u1290\u12cd\u1362<\/li><\/ul><p><strong>10. \u12e8\u1270\u1320\u1243\u121a \u1218\u1265\u1276\u127d<\/strong><\/p><p>\u1260GDPR \u1235\u122d \u1270\u1320\u1243\u121a\u12ce\u127d \u12e8\u121a\u12a8\u1270\u1209\u1275 \u1218\u1265\u1276\u127d \u12a0\u120f\u1278\u12cd\u1361-<\/p><ul><li>\u12e8\u130d\u120d \u12cd\u1202\u1265\u1295 \u12e8\u1218\u12f5\u1228\u1235\u1363 \u12e8\u121b\u1228\u121d \u12c8\u12ed\u121d \u12e8\u1218\u1230\u1228\u12dd \u1218\u1265\u1275\u1362<\/li><li>\u12e8\u12cd\u1202\u1265 \u1202\u12f0\u1275\u1295 \u12a5\u1293 \u12e8\u12cd\u1202\u1265 \u1270\u1295\u1240\u1233\u1243\u123d\u1290\u1275\u1295 \u12e8\u1218\u1243\u12c8\u121d \u1218\u1265\u1275\u1362<\/li><li>\u1260\u121b\u1295\u129b\u12cd\u121d \u130a\u12dc \u1235\u121d\u121d\u1290\u1275\u1295 \u12e8\u1218\u1230\u1228\u12dd \u1218\u1265\u1275.<\/li><\/ul><p><strong>11. \u12e8\u12cd\u1202\u1265 \u1325\u1260\u1243 \u1270\u133d\u12d5\u1296 \u130d\u121d\u1308\u121b (DPIA)<\/strong><\/p><p>\u12a8\u134d\u1270\u129b \u12a0\u12f0\u130b \u120b\u1208\u12cd \u12e8\u1218\u1228\u1303 \u1202\u12f0\u1275 \u12a5\u1295\u1245\u1235\u1243\u1234\u12ce\u127d \u12e8\u12cd\u1202\u1265 \u1325\u1260\u1243 \u1270\u133d\u12a5\u1296 \u130d\u121d\u1308\u121b \u12ed\u12ab\u1204\u12f3\u120d. \u1235\u1208 DPIA \u1202\u12f0\u1275 \u12e8\u1260\u1208\u1320 \u1218\u1228\u1303 \u1208\u121b\u130d\u1298\u1275 \u12a5\u129b\u1295 \u121b\u130d\u1298\u1275 \u12ed\u127d\u120b\u1209\u1362<\/p><p><strong>12. \u12d3\u1208\u121d \u12a0\u1240\u134d \u12e8\u12cd\u1202\u1265 \u121b\u1235\u1270\u120b\u1208\u134d<\/strong><\/p><p>\u12e8\u12a5\u122d\u1235\u12ce\u1295 \u12e8\u130d\u120d \u12cd\u1202\u1265 \u12a8\u12a0\u12cd\u122e\u1353 \u1205\u1265\u1228\u1275 \u12cd\u132d \u1235\u1293\u1235\u1270\u120b\u120d\u134d \u12a0\u1235\u1348\u120b\u130a\u12cd\u1295 \u12e8\u1325\u1260\u1243 \u12a5\u122d\u121d\u1303\u12ce\u127d \u12a5\u1295\u12c8\u1235\u12f3\u1208\u1295\u1362 \u1235\u1208 \u12a0\u1208\u121d\u12a0\u1240\u134d \u12e8\u12cd\u1202\u1265 \u12dd\u12cd\u12cd\u122d \u1270\u1328\u121b\u122a \u1218\u1228\u1303 \u1208\u121b\u130d\u1298\u1275 \u12a5\u129b\u1295 \u121b\u130d\u1298\u1275 \u12ed\u127d\u120b\u1209.<\/p><p><strong>13. \u12e8\u12cd\u1202\u1265 \u1218\u1323\u1235 \u121b\u1235\u1273\u12c8\u1242\u12eb<\/strong><\/p><p>\u12e8\u12cd\u1202\u1265 \u1325\u1230\u1275 \u1260\u121a\u12a8\u1230\u1275\u1260\u1275 \u130a\u12dc\u1363 \u1265\u1243\u1275 \u12eb\u120b\u1278\u12cd\u1295 \u1263\u1208\u1235\u120d\u1323\u1293\u1275 \u12a5\u1293 \u12e8\u1270\u130e\u12f1 \u130d\u1208\u1230\u1266\u127d\u1295 \u1260\u134d\u1325\u1290\u1275 \u12a5\u1293\u1233\u12cd\u1243\u1208\u1295\u1362 \u1235\u1208\u12a5\u129b \u12e8\u12cd\u1202\u1265 \u1325\u1230\u1275 \u1202\u12f0\u1276\u127d \u12e8\u1260\u1208\u1320 \u1208\u121b\u12c8\u1245 \u12a5\u129b\u1295 \u121b\u130d\u1298\u1275 \u12ed\u127d\u120b\u1209\u1362<\/p><p><strong>14. \u12e8\u12ae\u1295\u1275\u122b\u1275 \u1208\u12cd\u1326\u127d<\/strong><\/p><p>\u12ed\u1205 \u1218\u1218\u122a\u12eb \u12a8\u130a\u12dc \u12c8\u12f0 \u130a\u12dc \u120a\u12d8\u1218\u1295 \u12ed\u127d\u120b\u120d\u1362 \u12e8\u121a\u12f0\u1228\u1309 \u121b\u1293\u1278\u12cd\u121d \u1208\u12cd\u1326\u127d \u1260\u12da\u1205 \u1308\u133d \u120b\u12ed \u12ed\u1273\u1270\u121b\u1209 \u12a5\u1293 \u12a8\u1270\u1340\u1293\u1260\u1275 \u1240\u1295 \u130b\u122d \u12ed\u1308\u1208\u1343\u1209\u1362 \u1235\u1208\u121b\u1295\u129b\u12cd\u121d \u1208\u12cd\u1326\u127d \u1218\u1228\u1303 \u1208\u121b\u130d\u1298\u1275 \u1270\u1320\u1243\u121a\u12ce\u127d \u12ed\u1205\u1295\u1295 \u1308\u133d \u1260\u1218\u12f0\u1260\u129b\u1290\u1275 \u12a5\u1295\u12f2\u1218\u1208\u12a8\u1271 \u12ed\u1260\u1228\u1273\u1273\u1209\u1362<\/p>\t\t\t\t\t\t\t\t<\/div>\n\t\t\t\t<\/div>\n\t\t\t\t\t<\/div>\n\t\t<\/div>\n\t\t\t\t\t<\/div>\n\t\t<\/section>\n\t\t\t\t<\/div>","protected":false},"excerpt":{"rendered":"<p>Y\u00fcr\u00fcrl\u00fck\/G\u00fcncelleme Tarihi: 05.08.2024 1. Giri\u015f Hostragons Global Limited (&#8220;Hostragons&#8221; olarak an\u0131lacakt\u0131r), kullan\u0131c\u0131lar\u0131m\u0131z\u0131n gizlili\u011fini ve ki\u015fisel verilerinin korunmas\u0131n\u0131 ciddiye al\u0131r. Bu Gizlilik ve GDPR Uyum Politikas\u0131, ki\u015fisel verilerin nas\u0131l topland\u0131\u011f\u0131n\u0131, kullan\u0131ld\u0131\u011f\u0131n\u0131, korundu\u011funu ve GDPR kapsam\u0131nda nas\u0131l y\u00f6netildi\u011fini a\u00e7\u0131klar. Web sitemizi ve hizmetlerimizi kullanarak, bu politikay\u0131 kabul etmi\u015f say\u0131l\u0131rs\u0131n\u0131z. 2. Veri Sorumlusu ve Temsilcisi Hostragons, ki\u015fisel verilerinizi [&hellip;]<\/p>\n","protected":false},"author":94,"featured_media":7854,"parent":0,"menu_order":0,"comment_status":"closed","ping_status":"closed","template":"","meta":{"googlesitekit_rrm_CAow5YvFDA:productID":"","footnotes":""},"class_list":["post-2031","page","type-page","status-publish","has-post-thumbnail","hentry"],"_links":{"self":[{"href":"https:\/\/www.hostragons.com\/am\/wp-json\/wp\/v2\/pages\/2031","targetHints":{"allow":["GET"]}}],"collection":[{"href":"https:\/\/www.hostragons.com\/am\/wp-json\/wp\/v2\/pages"}],"about":[{"href":"https:\/\/www.hostragons.com\/am\/wp-json\/wp\/v2\/types\/page"}],"author":[{"embeddable":true,"href":"https:\/\/www.hostragons.com\/am\/wp-json\/wp\/v2\/users\/94"}],"replies":[{"embeddable":true,"href":"https:\/\/www.hostragons.com\/am\/wp-json\/wp\/v2\/comments?post=2031"}],"version-history":[{"count":0,"href":"https:\/\/www.hostragons.com\/am\/wp-json\/wp\/v2\/pages\/2031\/revisions"}],"wp:featuredmedia":[{"embeddable":true,"href":"https:\/\/www.hostragons.com\/am\/wp-json\/wp\/v2\/media\/7854"}],"wp:attachment":[{"href":"https:\/\/www.hostragons.com\/am\/wp-json\/wp\/v2\/media?parent=2031"}],"curies":[{"name":"wp","href":"https:\/\/api.w.org\/{rel}","templated":true}]}}