{"id":2031,"date":"2020-09-08T16:09:39","date_gmt":"2020-09-08T13:09:39","guid":{"rendered":"https:\/\/www.hostragons.com\/?page_id=2031"},"modified":"2024-09-26T17:52:04","modified_gmt":"2024-09-26T14:52:04","slug":"privaatheidsbeleid","status":"publish","type":"page","link":"https:\/\/www.hostragons.com\/af\/privaatheidsbeleid\/","title":{"rendered":"Privaatheidsbeleid"},"content":{"rendered":"<div data-elementor-type=\"wp-page\" data-elementor-id=\"2031\" class=\"elementor elementor-2031\" data-elementor-post-type=\"page\">\n\t\t\t\t\t\t<section class=\"elementor-section elementor-top-section elementor-element elementor-element-91e4b54 elementor-section-boxed elementor-section-height-default elementor-section-height-default\" data-id=\"91e4b54\" data-element_type=\"section\" data-e-type=\"section\">\n\t\t\t\t\t\t<div class=\"elementor-container elementor-column-gap-default\">\n\t\t\t\t\t<div class=\"elementor-column elementor-col-100 elementor-top-column elementor-element elementor-element-0774a31\" data-id=\"0774a31\" data-element_type=\"column\" data-e-type=\"column\">\n\t\t\t<div class=\"elementor-widget-wrap elementor-element-populated\">\n\t\t\t\t\t\t<div class=\"elementor-element elementor-element-830efa2 elementor-widget elementor-widget-text-editor\" data-id=\"830efa2\" data-element_type=\"widget\" data-e-type=\"widget\" data-widget_type=\"text-editor.default\">\n\t\t\t\t<div class=\"elementor-widget-container\">\n\t\t\t\t\t\t\t\t\t<p><strong>Effektiewe\/opdateringsdatum: 05.08.2024<\/strong><\/p><p><strong>1. Inleiding<\/strong><\/p><p>Hostragons Global Limited (\u201cHostragons\u201d) neem die privaatheid van ons gebruikers en die beskerming van hul persoonlike data ernstig op. Hierdie privaatheids- en GDPR-nakomingsbeleid verduidelik hoe persoonlike data onder die GDPR ingesamel, gebruik, beskerm en bestuur word. Deur ons webwerf en dienste te gebruik, word geag dat jy hierdie beleid aanvaar het.<\/p><p><strong>2. Databeheerder en verteenwoordiger<\/strong><\/p><p>Hotragons is die databeheerder wat verantwoordelik is vir die beskerming van jou persoonlike data. Ons verteenwoordiger in die Europese Unie:<\/p><ul><li><strong>Databeskermingsverteenwoordiger:<\/strong> Quebec Privaatheidswet.<\/li><\/ul><p><strong>3. Basiese beginsels van dataverwerking<\/strong><\/p><p>By Hotragons voldoen ons aan die volgende basiese beginsels in ooreenstemming met die vereistes van die GDPR:<\/p><ul><li class=\"translation-block\"><strong>Deursigtigheid:<\/strong> Ons stel duidelik hoe ons jou persoonlike data insamel en verwerk.<\/li><li class=\"translation-block\"><strong>Akkuraatheid:<\/strong> Ons hou jou data akkuraat en op datum.<\/li><li class=\"translation-block\"><strong>Minimalisering:<\/strong> Ons versamel en verwerk slegs die nodige data.<\/li><li class=\"translation-block\"><strong>Behoudbeperking:<\/strong> Ons behou jou data net vir so lank as wat nodig is.<\/li><\/ul><p><strong>4. Inligting wat ingesamel is<\/strong><\/p><p>Hotragons samel die volgende persoonlike inligting in:<\/p><ul><li class=\"translation-block\"><strong>Identiteitsinligting:<\/strong> Naam, van, adres, telefoonnommer, e-posadres.<\/li><li class=\"translation-block\"><strong>Betalingsinligting:<\/strong> Kredietkaartinligting en betalingsbesonderhede.<\/li><li class=\"translation-block\"><strong>Tegniese data:<\/strong> IP-adres, tipe blaaier, bedryfstelsel.<\/li><li class=\"translation-block\"><strong>Gebruikersgedrag:<\/strong> Gebruikersvoorkeure, bewegings op die webwerf.<\/li><\/ul><p><strong>5. Gebruik van persoonlike data<\/strong><\/p><p>Die persoonlike inligting wat ingesamel word, word vir die volgende doeleindes gebruik:<\/p><ul><li>Die verskaffing en bestuur van dienste.<\/li><li>Kli\u00ebnteondersteuningsdienste en kommunikasie.<\/li><li>Faktuurtransaksies en voorbereiding van regsdokumente.<\/li><li>Die verbetering van ons webwerf se werkverrigting en gebruikerservaring.<\/li><li>Voldoening aan wetlike verpligtinge en verdediging van regte.<\/li><li>Bemarking en promosie aktiwiteite.<\/li><\/ul><p><strong>6. Bergingstydperk van persoonlike data<\/strong><\/p><p>Ons hou jou persoonlike data net so lank as wat nodig is vir die doeleindes van ons verwerking. Jy kan ons kontak om inligting te kry oor hoe lank ons jou data hou en hoe hierdie tydperk bepaal word.<\/p><p><strong>7. Betalingsinligting en sekuriteit<\/strong><\/p><ul><li>Jou kredietkaart- en betalingsinligting word beskerm deur sekuriteitsmaatre\u00ebls soos 256-bis SSL-sertifikaat.<\/li><li>Jou kaartinligting word ge\u00ebnkripteer oorgedra en word nie deur Hostragons gestoor nie.<\/li><li>Voorsorgmaatre\u00ebls word getref teen moontlike wanware met bykomende sekuriteitsnutsgoed.<\/li><\/ul><p><strong>8. Koekies en opsporingstegnologie\u00eb<\/strong><\/p><p class=\"translation-block\">Ons webwerf gebruik koekies en opsporingstegnologie\u00eb om gebruikerservaring te verbeter en te verstaan hoe ons webwerf gebruik word. Jy kan meer inligting oor koekies en hoe om dit te bestuur op <a href=\"https:\/\/www.hostragons.com\/af\/koekiebeleid\/\" target=\"_new\" rel=\"noreferrer\">ons Koekiebeleid-<\/a> bladsy vind.<\/p><p><strong>9. Deel van persoonlike data<\/strong><\/p><ul><li>Jou persoonlike data word slegs met derde partye gedeel waar dit nodig is om ons dienste te verskaf.<\/li><li>Ons kan jou data deel in ooreenstemming met wetlike verpligtinge of hofbevele.<\/li><li>Datadeling met derde partye sal slegs plaasvind met jou toestemming.<\/li><\/ul><p><strong>10. Gebruikersregte<\/strong><\/p><p>Onder GDPR het gebruikers die volgende regte:<\/p><ul><li>Die reg om toegang tot persoonlike data te verkry, reg te stel of uit te vee.<\/li><li>Reg op beswaar teen dataverwerking en data-oordraagbaarheid.<\/li><li>Die reg om toestemming te eniger tyd terug te trek.<\/li><\/ul><p><strong>11. Databeskermingsimpakbepaling (DPIA)<\/strong><\/p><p>&#039;n Databeskermingsimpakbeoordeling word uitgevoer vir ho\u00ebrisiko-dataverwerkingsaktiwiteite. Jy kan ons kontak om meer inligting oor die DPIA-proses te kry.<\/p><p><strong>12. Internasionale Data-oordrag<\/strong><\/p><p>Ons neem die nodige beskermingsmaatre\u00ebls wanneer u u persoonlike data buite die EU oordra. Jy kan ons kontak vir meer inligting oor internasionale data-oordrag.<\/p><p><strong>13. Kennisgewing oor databreuk<\/strong><\/p><p>In die geval van &#039;n data-oortreding, stel ons die bevoegde owerhede en geaffekteerde individue dadelik in kennis. Jy kan ons kontak om meer te wete te kom oor ons data-oortredingsprosedures.<\/p><p><strong>14. Kontrakveranderinge<\/strong><\/p><p>Hierdie beleid kan van tyd tot tyd opgedateer word. Enige veranderinge wat gemaak moet word, sal op hierdie bladsy gepubliseer word en sal met die effektiewe datum aangedui word. Gebruikers word aangemoedig om hierdie bladsy gereeld na te gaan om op hoogte te bly van enige veranderinge.<\/p>\t\t\t\t\t\t\t\t<\/div>\n\t\t\t\t<\/div>\n\t\t\t\t\t<\/div>\n\t\t<\/div>\n\t\t\t\t\t<\/div>\n\t\t<\/section>\n\t\t\t\t<\/div>","protected":false},"excerpt":{"rendered":"<p>Y\u00fcr\u00fcrl\u00fck\/G\u00fcncelleme Tarihi: 05.08.2024 1. Giri\u015f Hostragons Global Limited (&#8220;Hostragons&#8221; olarak an\u0131lacakt\u0131r), kullan\u0131c\u0131lar\u0131m\u0131z\u0131n gizlili\u011fini ve ki\u015fisel verilerinin korunmas\u0131n\u0131 ciddiye al\u0131r. Bu Gizlilik ve GDPR Uyum Politikas\u0131, ki\u015fisel verilerin nas\u0131l topland\u0131\u011f\u0131n\u0131, kullan\u0131ld\u0131\u011f\u0131n\u0131, korundu\u011funu ve GDPR kapsam\u0131nda nas\u0131l y\u00f6netildi\u011fini a\u00e7\u0131klar. Web sitemizi ve hizmetlerimizi kullanarak, bu politikay\u0131 kabul etmi\u015f say\u0131l\u0131rs\u0131n\u0131z. 2. Veri Sorumlusu ve Temsilcisi Hostragons, ki\u015fisel verilerinizi [&hellip;]<\/p>\n","protected":false},"author":94,"featured_media":7854,"parent":0,"menu_order":0,"comment_status":"closed","ping_status":"closed","template":"","meta":{"googlesitekit_rrm_CAow5YvFDA:productID":"","footnotes":""},"class_list":["post-2031","page","type-page","status-publish","has-post-thumbnail","hentry"],"_links":{"self":[{"href":"https:\/\/www.hostragons.com\/af\/wp-json\/wp\/v2\/pages\/2031","targetHints":{"allow":["GET"]}}],"collection":[{"href":"https:\/\/www.hostragons.com\/af\/wp-json\/wp\/v2\/pages"}],"about":[{"href":"https:\/\/www.hostragons.com\/af\/wp-json\/wp\/v2\/types\/page"}],"author":[{"embeddable":true,"href":"https:\/\/www.hostragons.com\/af\/wp-json\/wp\/v2\/users\/94"}],"replies":[{"embeddable":true,"href":"https:\/\/www.hostragons.com\/af\/wp-json\/wp\/v2\/comments?post=2031"}],"version-history":[{"count":0,"href":"https:\/\/www.hostragons.com\/af\/wp-json\/wp\/v2\/pages\/2031\/revisions"}],"wp:featuredmedia":[{"embeddable":true,"href":"https:\/\/www.hostragons.com\/af\/wp-json\/wp\/v2\/media\/7854"}],"wp:attachment":[{"href":"https:\/\/www.hostragons.com\/af\/wp-json\/wp\/v2\/media?parent=2031"}],"curies":[{"name":"wp","href":"https:\/\/api.w.org\/{rel}","templated":true}]}}